{"id":7881,"date":"2024-05-16T10:12:04","date_gmt":"2024-05-16T08:12:04","guid":{"rendered":"https:\/\/antcube.shop\/product\/bundle-offer-camponotus-singularis\/"},"modified":"2026-03-04T16:55:09","modified_gmt":"2026-03-04T15:55:09","slug":"niputustarjous-camponotus-singularis","status":"publish","type":"product","link":"https:\/\/antcube.shop\/fi\/tuote\/niputustarjous-camponotus-singularis\/","title":{"rendered":"Pakettitarjous - Camponotus singularis"},"content":{"rendered":"<p><span data-text-color=\"secondary\"><strong>Pakettitarjous, joka sis\u00e4lt\u00e4\u00e4 Camponotus singularis -muurahaispes\u00e4n (kuningatar ja 11-25 ty\u00f6l\u00e4ist\u00e4 + poikaset).<\/strong><\/span><\/p>\n<p><span data-text-color=\"alert\"><strong>Vain niin kauan kuin varastoa riitt\u00e4\u00e4.<\/strong><\/span><\/p>\n<p><span data-text-color=\"alert\"><strong>Toimitus mahdollista vain GO! kautta Saksan sis\u00e4ll\u00e4.<\/strong><\/span><\/p>\n<p>1x Camponotus singularis-kuningatar + 11-25 ty\u00f6l\u00e4ist\u00e4 + poikaset.<\/p>\n<p>1x Ytongin pes\u00e4 - 40\u00d720 ja areena<br \/>\n1x lasiallas 40\u00d720<br \/>\n1x formicarium-tyyny - 40x20cm<br \/>\n1x punainen peitelevy 20\u00d720 - vaakasuora<\/p>\n<p>1x Saviv\u00e4ri - beige - 100ml<br \/>\n1x kasvualusta - sademets\u00e4 - 1kg<br \/>\n1x Formicarium rakeet 200 ml - musta<br \/>\n1x valokuvan taustapaneeli - sademets\u00e4 - 20\u00d710<\/p>\n<p>2x Grid insert acrylic &#8211; 50 mm with sealing ring<br \/>\n1x Grid insert acrylic &#8211; 27 mm with sealing ring<\/p>\n<p>1x Sirkkahillo 25g<br \/>\n1x Honeydew Mix (HT) - t\u00e4ydennyspakkaus 10ml<\/p>\n<p>1x drinking clear 5ml &#8211; sponge<br \/>\n1x Feeding dish white rectangle &#8211; 3 compartments<br \/>\n1x Drinking trough 2ml &#8211; 360 Degrees<\/p>\n<p>1x Foil thermometer Display<\/p>\n<p>1x Muurahais\u00f6ljy 10ml<br \/>\n1x Pinsetit jousiter\u00e4st\u00e4 - leve\u00e4 - pehme\u00e4<br \/>\n1x Pinsetit muovinen l\u00e4pin\u00e4kyv\u00e4<br \/>\n1x muovipipetti 3ml<br \/>\n1x k\u00e4sisuurennuslasi - 2x - 30mm<br \/>\n1x vaahtomuovipyyhin 150x18x2,5mm<\/p>\n<p><iframe loading=\"lazy\" title=\"#Camponotus #singularis + pakettitarjous \ud83d\udc1c\" src=\"https:\/\/www.youtube.com\/embed\/ld6DtoTWUWk\" width=\"449\" height=\"799\" frameborder=\"0\" allowfullscreen=\"allowfullscreen\"><\/iframe><br \/>\n<strong>Muurahaislaji Camponotus singularis:<\/strong><br \/>\nCamponotus singularis on eritt\u00e4in kaunis ja eritt\u00e4in suuri muurahaislaji Kaakkois-Aasiasta. Ne ovat p\u00e4\u00e4asiassa y\u00f6el\u00e4imi\u00e4, mutta ne ovat aktiivisia my\u00f6s p\u00e4iv\u00e4ll\u00e4, koska kodin valaistusvoimakkuus on yleens\u00e4 alhaisempi. Ne my\u00f6s muodostavat melko varhain erityisen suuria majoja, jotka puolustavat pes\u00e4kett\u00e4. Niiden voi usein n\u00e4hd\u00e4 istuvan pes\u00e4n sis\u00e4\u00e4nk\u00e4ynnill\u00e4.<\/p>\n<p>Niiden yhdyskunnat voivat kasvaa luonnossa useisiin tuhansiin el\u00e4imiin. Mutta \u00e4l\u00e4 huoli, t\u00e4m\u00e4 kest\u00e4\u00e4 muutaman vuoden.<\/p>\n<p>Voit ruokkia niit\u00e4 sokeri-hunajaliuoksella, hunajalla ja proteiiniruoalla tai jopa pienill\u00e4 el\u00e4vill\u00e4 hy\u00f6nteisill\u00e4, kuten sirkoilla ja hedelm\u00e4k\u00e4rp\u00e4sill\u00e4. Aktiivinen mets\u00e4stysk\u00e4ytt\u00e4ytyminen on todella kehittynyt vasta suuremmissa kolonioissa. Kuten Camponotus-lajeilla on tapana, kehitys munasta ty\u00f6l\u00e4iseksi kest\u00e4\u00e4 muutaman viikon.<\/p>\n<p>Ilmankosteutta ja l\u00e4mp\u00f6tilaa areenalla on nostettava korkeintaan hieman, mutta pes\u00e4n on aina oltava kostea. El\u00e4imet suosivat pes\u00e4ss\u00e4 eri tavoin kosteita alueita.<\/p>\n<p>Camponotus singularis on suhteellisen laiska pesien kaivamisessa. Siksi p\u00e4\u00e4timme k\u00e4ytt\u00e4\u00e4 Ytongin pes\u00e4\u00e4. Pes\u00e4 voi k\u00e4ytt\u00e4\u00e4 suoraan valmiita kammioita ja k\u00e4yt\u00e4vi\u00e4. Ytong-pes\u00e4 on helppo kostuttaa mukana tulevan lasiastian avulla. Kaada vain hieman vett\u00e4 ammeeseen ja odota, kunnes Ytong-kivi imee veden itseens\u00e4.<\/p>\n<p><strong>Tietoa Ytongin pes\u00e4st\u00e4 areenalla:<\/strong><br \/>\n<strong>Sis\u00e4lt\u00e4\u00e4:<\/strong><br \/>\n<strong>Materiaali:<\/strong> kevytbetoni, lasi, PMMA-muovi ja PVC<\/p>\n<p><strong>Yhteys:<\/strong> 1x 14mm aukko; 1x 27mm aukko<\/p>\n<p><strong>Sis\u00e4lt\u00f6:<\/strong><br \/>\n1x kevytbetoniharkko 40x20x5 cm, jossa on 20 mm:n syvyiset kammiot.<br \/>\n1x lasilevy 40\u00d720 cm, jossa on 50 mm:n aukko ja areena 20\u00d720 cm.<br \/>\n1x muurahaisareenan kehys 20\u00d720<br \/>\n1x muurahaisareenan kansi 20\u00d720<br \/>\n1x 50mm rengas 27mm aukolla<br \/>\n1x formikarium-tulppa 13mm<br \/>\n2x formicarium-tulpat 27mm<br \/>\n2x 50mm formicarium-tulpat<\/p>\n<p>Vett\u00e4 pid\u00e4tt\u00e4vien ominaisuuksiensa ansiosta materiaali soveltuu hyvin muurahaisten pit\u00e4miseen. Sit\u00e4 voidaan k\u00e4ytt\u00e4\u00e4 lukuisten maata pesivien lajien pit\u00e4miseen sek\u00e4 kuivissa ett\u00e4 kosteissa elinymp\u00e4rist\u00f6iss\u00e4. Muurahaislajista riippuen kammioiden pohja kannattaa peitt\u00e4\u00e4 savimaalilla ja maa-alustalla. Jotkin lajit viihtyv\u00e4t n\u00e4in paremmin, ja esimerkiksi Ponerinae-lajit tarvitsevat multaa, jotta niiden toukat voivat nukkua kunnolla. Koska t\u00e4m\u00e4 pes\u00e4 sis\u00e4lt\u00e4\u00e4 jo areenan, sit\u00e4 voidaan k\u00e4ytt\u00e4\u00e4 t\u00e4ydellisen\u00e4 formikarioj\u00e4rjestelm\u00e4n\u00e4.<\/p>\n<p><strong>Huom:<\/strong><br \/>\nJotta Ytongista ei valuisi vett\u00e4 pes\u00e4alueen kostuttamisen j\u00e4lkeen ja vesi ei ker\u00e4\u00e4ntyisi sen alla olevaan huonekalun pintaan tai karkea materiaali ei naarmuttaisi pintoja, suosittelemme Ytong-pesillemme sopivaa lasialustaa. N\u00e4m\u00e4 ovat vedenpit\u00e4vi\u00e4 ja suojaavat tehokkaasti alla olevia pintoja vesi- ja naarmuuntumisvaurioilta.<\/p>\n<p><strong>K\u00e4yt\u00e4:<\/strong><br \/>\nMuurahaislajit, joiden koko on <strong>M - L<\/strong><br \/>\nKevytbetoni on eritt\u00e4in hauras ja hauras materiaali. Siksi on mahdotonta est\u00e4\u00e4 kulmien ja reunojen irtoamista ja liev\u00e4\u00e4 ep\u00e4tasaisuutta tuotannon aikana. T\u00e4st\u00e4 syyst\u00e4 Ytong-pes\u00e4t eiv\u00e4t sovellu hyvin pienille, S-kokoisille muurahaislajeille, koska n\u00e4m\u00e4 lajit voivat helposti murtautua ulos.<\/p>\n<p><strong>T\u00e4rke\u00e4\u00e4:<\/strong> Kostuta alustaa ennen k\u00e4ytt\u00f6\u00e4, jotta seos voi sitoutua ja saada lujan otteen muurahaispes\u00e4ss\u00e4. Jos alusta on liian kuiva ja p\u00f6lyinen, se voi tukkia muurahaisten hengitystiet ja pahimmassa tapauksessa aiheuttaa niiden tukehtumisen.<\/p>\n<p><strong>Tuotantoa koskevat huomautukset<\/strong><br \/>\nLasi leikataan DIN 1249 -standardin mukaisesti +\/- 1 mm:n toleranssilla. Eritt\u00e4in pienille muurahaislajeille tarvitaan lis\u00e4suojausta.<\/p>\n<p><strong>Huomautus Savimaali:<\/strong><\/p>\n<p><strong>Kuvaus:<\/strong> T\u00e4m\u00e4 seos on myrkyt\u00f6n ja suhteellisen vedenkest\u00e4v\u00e4 kipsille ja betonille, mutta on muuten vesiliukoinen.<\/p>\n<p><strong>K\u00e4ytt\u00f6ohjeet:<\/strong><br \/>\nSeos on k\u00e4ytt\u00f6valmis, ja se voidaan levitt\u00e4\u00e4 v\u00e4litt\u00f6m\u00e4sti siveltimell\u00e4 rappaukseen tai kevytbetoniin.<br \/>\n100 ml riitt\u00e4\u00e4 noin 1\/4 m\u00b2 kevytbetoniin tai 1\/2 m\u00b2 rappaukseen.<br \/>\nKosteana pintaan voidaan ripotella esimerkiksi hiekkaa, jolloin siit\u00e4 saadaan viel\u00e4kin luonnollisemman n\u00e4k\u00f6inen.<\/p>","protected":false},"excerpt":{"rendered":"<p>Yhteys: 1x14mm 1x27mm<br \/>\nKoko: <strong>M - L<\/strong><\/p>","protected":false},"featured_media":7850,"comment_status":"open","ping_status":"closed","template":"","meta":{"_acf_changed":false,"content-type":"","_monsterinsights_skip_tracking":false,"_monsterinsights_sitenote_active":false,"_monsterinsights_sitenote_note":"","_monsterinsights_sitenote_category":0},"product_brand":[],"product_cat":[355,73],"product_tag":[],"class_list":{"0":"post-7881","1":"product","2":"type-product","3":"status-publish","4":"has-post-thumbnail","6":"product_cat-bundle-offers","7":"product_cat-starter-sets","8":"product_shipping_class-germany-only","10":"first","11":"outofstock","12":"taxable","13":"shipping-taxable","14":"purchasable","15":"product-type-simple"},"acf":[],"aioseo_notices":[],"jetpack_sharing_enabled":true,"_links":{"self":[{"href":"https:\/\/antcube.shop\/fi\/wp-json\/wp\/v2\/product\/7881","targetHints":{"allow":["GET"]}}],"collection":[{"href":"https:\/\/antcube.shop\/fi\/wp-json\/wp\/v2\/product"}],"about":[{"href":"https:\/\/antcube.shop\/fi\/wp-json\/wp\/v2\/types\/product"}],"replies":[{"embeddable":true,"href":"https:\/\/antcube.shop\/fi\/wp-json\/wp\/v2\/comments?post=7881"}],"wp:featuredmedia":[{"embeddable":true,"href":"https:\/\/antcube.shop\/fi\/wp-json\/wp\/v2\/media\/7850"}],"wp:attachment":[{"href":"https:\/\/antcube.shop\/fi\/wp-json\/wp\/v2\/media?parent=7881"}],"wp:term":[{"taxonomy":"product_brand","embeddable":true,"href":"https:\/\/antcube.shop\/fi\/wp-json\/wp\/v2\/product_brand?post=7881"},{"taxonomy":"product_cat","embeddable":true,"href":"https:\/\/antcube.shop\/fi\/wp-json\/wp\/v2\/product_cat?post=7881"},{"taxonomy":"product_tag","embeddable":true,"href":"https:\/\/antcube.shop\/fi\/wp-json\/wp\/v2\/product_tag?post=7881"}],"curies":[{"name":"wp","href":"https:\/\/api.w.org\/{rel}","templated":true}]}}