{"id":7590,"date":"2024-04-04T16:24:13","date_gmt":"2024-04-04T14:24:13","guid":{"rendered":"https:\/\/antcube.shop\/product\/thermo-hygrometer-analog-display-43mm-hangend\/"},"modified":"2026-04-13T10:49:00","modified_gmt":"2026-04-13T08:49:00","slug":"lampo-ja-kosteusmittari-analoginen-naytto-43mm-ripustettava","status":"publish","type":"product","link":"https:\/\/antcube.shop\/fi\/tuote\/lampo-ja-kosteusmittari-analoginen-naytto-43mm-ripustettava\/","title":{"rendered":"L\u00e4mp\u00f6- ja kosteusmittari analoginen - n\u00e4ytt\u00f6 - 43mm - ripustettava"},"content":{"rendered":"<p><strong>Mitat:<\/strong> 73mm x 63mm, 20mm syv\u00e4<\/p>\n<p><strong>Materiaali:<\/strong> metalli \/ akryyli<\/p>\n<p><strong>V\u00e4ri:<\/strong> metalli, hopea \/ l\u00e4pin\u00e4kyv\u00e4<\/p>\n<p><strong>Sis\u00e4lt\u00f6:<\/strong> 1x l\u00e4mp\u00f6- ja l\u00e4mp\u00f6mittari analoginen metalli - 43mm, 1x akryylilasiteline, jossa on syvennys mittauslaitteelle - 73x59mm, 1x akryylilasialusta - 73x20mm, 2x l\u00e4pin\u00e4kyv\u00e4t liimatyynyt - 30x20mm.<\/p>\n<p><strong>Kuvaus:<\/strong><br \/>\nSarja koostuu analogisesta l\u00e4mp\u00f6- ja kosteusmittarista, joka on valmistettu metallista (43 mm) ja joka on asetettu akryylilasilevyyn (73 x 59 mm). N\u00e4ytt\u00f6 on kiinnitetty kahdella l\u00e4pin\u00e4kyv\u00e4ll\u00e4 liimatyynyll\u00e4, joita voidaan k\u00e4ytt\u00e4\u00e4 pohjan (73x20mm) kiinnitt\u00e4miseen yl\u00e4puolelle areenan kansiin tai kehyksiin.<\/p>\n<p><strong>T\u00e4rke\u00e4\u00e4:<\/strong><br \/>\nMittarin takaosa on pidett\u00e4v\u00e4 vapaana, muuten mittausvirheit\u00e4 voi esiinty\u00e4.<\/p>\n<p><strong>Tarkkuusl\u00e4mp\u00f6mittari:<\/strong> +\/- 2\u00b0C , +\/- 4\u00b0F<br \/>\n<strong>Tarkkuus hygrometri:<\/strong> +\/- 5%<\/p>","protected":false},"excerpt":{"rendered":"<p>L\u00e4mp\u00f6mittari- ja kosteusmittarisarja, valmistettu metallista (43mm), asetettu akryylilasilevyyn (73x63mm).<\/p>","protected":false},"featured_media":7580,"comment_status":"open","ping_status":"closed","template":"","meta":{"_acf_changed":false,"content-type":"","_monsterinsights_skip_tracking":false,"_monsterinsights_sitenote_active":false,"_monsterinsights_sitenote_note":"","_monsterinsights_sitenote_category":0},"product_brand":[],"product_cat":[359,119],"product_tag":[],"class_list":{"0":"post-7590","1":"product","2":"type-product","3":"status-publish","4":"has-post-thumbnail","6":"product_cat-light-heat-humidity","7":"product_cat-formicarium-components","9":"first","10":"instock","11":"taxable","12":"shipping-taxable","13":"purchasable","14":"product-type-simple"},"acf":[],"aioseo_notices":[],"jetpack_sharing_enabled":true,"_links":{"self":[{"href":"https:\/\/antcube.shop\/fi\/wp-json\/wp\/v2\/product\/7590","targetHints":{"allow":["GET"]}}],"collection":[{"href":"https:\/\/antcube.shop\/fi\/wp-json\/wp\/v2\/product"}],"about":[{"href":"https:\/\/antcube.shop\/fi\/wp-json\/wp\/v2\/types\/product"}],"replies":[{"embeddable":true,"href":"https:\/\/antcube.shop\/fi\/wp-json\/wp\/v2\/comments?post=7590"}],"wp:featuredmedia":[{"embeddable":true,"href":"https:\/\/antcube.shop\/fi\/wp-json\/wp\/v2\/media\/7580"}],"wp:attachment":[{"href":"https:\/\/antcube.shop\/fi\/wp-json\/wp\/v2\/media?parent=7590"}],"wp:term":[{"taxonomy":"product_brand","embeddable":true,"href":"https:\/\/antcube.shop\/fi\/wp-json\/wp\/v2\/product_brand?post=7590"},{"taxonomy":"product_cat","embeddable":true,"href":"https:\/\/antcube.shop\/fi\/wp-json\/wp\/v2\/product_cat?post=7590"},{"taxonomy":"product_tag","embeddable":true,"href":"https:\/\/antcube.shop\/fi\/wp-json\/wp\/v2\/product_tag?post=7590"}],"curies":[{"name":"wp","href":"https:\/\/api.w.org\/{rel}","templated":true}]}}