{"id":7589,"date":"2024-04-04T16:24:06","date_gmt":"2024-04-04T14:24:06","guid":{"rendered":"https:\/\/antcube.shop\/product\/mini-thermo-hygrometer-analog-metall-43mm\/"},"modified":"2026-04-15T09:42:42","modified_gmt":"2026-04-15T07:42:42","slug":"mini-lampo-ja-kosteusmittari-analoginen-metalli-43mm","status":"publish","type":"product","link":"https:\/\/antcube.shop\/fi\/tuote\/mini-lampo-ja-kosteusmittari-analoginen-metalli-43mm\/","title":{"rendered":"Mini-l\u00e4mp\u00f6mittari analoginen metalli - 43mm"},"content":{"rendered":"<p><strong>Koko:<\/strong> 43mm (40mm reik\u00e4\u00e4n)<\/p>\n<p><strong>Materiaali \/ v\u00e4ri:<\/strong> metalli, hopea<\/p>\n<p><strong>Mittaaminen:<\/strong><\/p>\n<p><strong>L\u00e4mp\u00f6mittari:<\/strong> -20 - +50\u00b0C \/ -10 - +130\u00b0F \/ -10 - +130\u00b0F<br \/>\n<strong>Tarkkuus:<\/strong> +\/- 2\u00b0C , +\/- 4\u00b0F<\/p>\n<p><strong>Kosteusmittari:<\/strong> 0 - 100%<br \/>\n<strong>Tarkkuus:<\/strong> +\/- 5%<\/p>\n<p><strong>Kuvaus:<\/strong><br \/>\nAnaloginen l\u00e4mp\u00f6-\/hygrometri, joka soveltuu erityisesti hyvin pienille formikarioille.<\/p>\n<p><strong>Huom:<\/strong><br \/>\nTakapuolella olevien mittauslaitteiden on pysytt\u00e4v\u00e4 vapaana, muutoin mittausvirheit\u00e4 voi esiinty\u00e4.<\/p>","protected":false},"excerpt":{"rendered":"<p>Koko: 43mm (40mm reik\u00e4\u00e4n) Materiaali \/ V\u00e4ri: metalli, hopea Mittaaminen: L\u00e4mp\u00f6mittari: -20 - +50\u00b0C \/ -10 - +130\u00b0F Tarkkuus: -20 - +50\u00b0C \/ -10 - +130\u00b0F: Hygrometri: 0 - 100% Tarkkuus: +\/- 2\u00b0C , +\/- 4\u00b0F Hygrometri: 0 - 100% Tarkk: TP5T: +\/- 5% Kuvaus: Analoginen l\u00e4mp\u00f6\/hygrometri, joka soveltuu erityisesti hyvin pienille formikarioille. Huomautus: Takapuolella olevien mittauslaitteiden on pysytt\u00e4v\u00e4 vapaina, muutoin mittaus","protected":false},"featured_media":7581,"comment_status":"open","ping_status":"closed","template":"","meta":{"_acf_changed":false,"content-type":"","_monsterinsights_skip_tracking":false,"_monsterinsights_sitenote_active":false,"_monsterinsights_sitenote_note":"","_monsterinsights_sitenote_category":0},"product_brand":[],"product_cat":[359,119],"product_tag":[],"class_list":{"0":"post-7589","1":"product","2":"type-product","3":"status-publish","4":"has-post-thumbnail","6":"product_cat-light-heat-humidity","7":"product_cat-formicarium-components","9":"first","10":"instock","11":"taxable","12":"shipping-taxable","13":"purchasable","14":"product-type-simple"},"acf":[],"aioseo_notices":[],"jetpack_sharing_enabled":true,"_links":{"self":[{"href":"https:\/\/antcube.shop\/fi\/wp-json\/wp\/v2\/product\/7589","targetHints":{"allow":["GET"]}}],"collection":[{"href":"https:\/\/antcube.shop\/fi\/wp-json\/wp\/v2\/product"}],"about":[{"href":"https:\/\/antcube.shop\/fi\/wp-json\/wp\/v2\/types\/product"}],"replies":[{"embeddable":true,"href":"https:\/\/antcube.shop\/fi\/wp-json\/wp\/v2\/comments?post=7589"}],"wp:featuredmedia":[{"embeddable":true,"href":"https:\/\/antcube.shop\/fi\/wp-json\/wp\/v2\/media\/7581"}],"wp:attachment":[{"href":"https:\/\/antcube.shop\/fi\/wp-json\/wp\/v2\/media?parent=7589"}],"wp:term":[{"taxonomy":"product_brand","embeddable":true,"href":"https:\/\/antcube.shop\/fi\/wp-json\/wp\/v2\/product_brand?post=7589"},{"taxonomy":"product_cat","embeddable":true,"href":"https:\/\/antcube.shop\/fi\/wp-json\/wp\/v2\/product_cat?post=7589"},{"taxonomy":"product_tag","embeddable":true,"href":"https:\/\/antcube.shop\/fi\/wp-json\/wp\/v2\/product_tag?post=7589"}],"curies":[{"name":"wp","href":"https:\/\/api.w.org\/{rel}","templated":true}]}}