{"id":7588,"date":"2024-04-04T16:18:04","date_gmt":"2024-04-04T14:18:04","guid":{"rendered":"https:\/\/antcube.shop\/product\/saugnapfhalter-16mm-2-stk\/"},"modified":"2026-04-13T09:29:41","modified_gmt":"2026-04-13T07:29:41","slug":"imukuppiteline-16mm","status":"publish","type":"product","link":"https:\/\/antcube.shop\/fi\/tuote\/imukuppiteline-16mm\/","title":{"rendered":"Imukuppiteline 16mm - 2 kpl."},"content":{"rendered":"<p><strong>Sis\u00e4lt\u00f6:<\/strong><br \/>\n2x imukuppikiinnitys 16mm<\/p>\n<p><strong>Kuvaus:<\/strong><br \/>\nPidike koeputkille 16mm ja 18mm.<br \/>\nVoidaan k\u00e4ytt\u00e4\u00e4 pes\u00e4putkien \/ koeputkien kiinnitt\u00e4miseen formicarian lasiin tai sopivan kokoisten letkujen kiinnitt\u00e4miseen.<\/p>","protected":false},"excerpt":{"rendered":"<p>Sis\u00e4lt\u00f6: Kuvaus: 2x imukuppikiinnitys 16mm: Kiinnityspidike koeputkille 16mm ja 18mm. Voidaan k\u00e4ytt\u00e4\u00e4 pes\u00e4putkien \/ koeputkien kiinnitt\u00e4miseen formikaarien lasiin tai sopivan kokoisten letkujen kiinnitt\u00e4miseen.<\/p>","protected":false},"featured_media":7585,"comment_status":"open","ping_status":"closed","template":"","meta":{"_acf_changed":false,"content-type":"","_monsterinsights_skip_tracking":false,"_monsterinsights_sitenote_active":false,"_monsterinsights_sitenote_note":"","_monsterinsights_sitenote_category":0},"product_brand":[],"product_cat":[119,239,237],"product_tag":[],"class_list":{"0":"post-7588","1":"product","2":"type-product","3":"status-publish","4":"has-post-thumbnail","6":"product_cat-formicarium-components","7":"product_cat-useful-additions","8":"product_cat-tools","10":"first","11":"instock","12":"taxable","13":"shipping-taxable","14":"purchasable","15":"product-type-simple"},"acf":[],"aioseo_notices":[],"jetpack_sharing_enabled":true,"_links":{"self":[{"href":"https:\/\/antcube.shop\/fi\/wp-json\/wp\/v2\/product\/7588","targetHints":{"allow":["GET"]}}],"collection":[{"href":"https:\/\/antcube.shop\/fi\/wp-json\/wp\/v2\/product"}],"about":[{"href":"https:\/\/antcube.shop\/fi\/wp-json\/wp\/v2\/types\/product"}],"replies":[{"embeddable":true,"href":"https:\/\/antcube.shop\/fi\/wp-json\/wp\/v2\/comments?post=7588"}],"wp:featuredmedia":[{"embeddable":true,"href":"https:\/\/antcube.shop\/fi\/wp-json\/wp\/v2\/media\/7585"}],"wp:attachment":[{"href":"https:\/\/antcube.shop\/fi\/wp-json\/wp\/v2\/media?parent=7588"}],"wp:term":[{"taxonomy":"product_brand","embeddable":true,"href":"https:\/\/antcube.shop\/fi\/wp-json\/wp\/v2\/product_brand?post=7588"},{"taxonomy":"product_cat","embeddable":true,"href":"https:\/\/antcube.shop\/fi\/wp-json\/wp\/v2\/product_cat?post=7588"},{"taxonomy":"product_tag","embeddable":true,"href":"https:\/\/antcube.shop\/fi\/wp-json\/wp\/v2\/product_tag?post=7588"}],"curies":[{"name":"wp","href":"https:\/\/api.w.org\/{rel}","templated":true}]}}