{"id":7504,"date":"2024-04-04T11:27:42","date_gmt":"2024-04-04T09:27:42","guid":{"rendered":"https:\/\/antcube.shop\/product\/folien-thermometer-farm\/"},"modified":"2026-04-06T20:03:14","modified_gmt":"2026-04-06T18:03:14","slug":"folio-lampomittari-maatila","status":"publish","type":"product","link":"https:\/\/antcube.shop\/fi\/tuote\/folio-lampomittari-maatila\/","title":{"rendered":"Foliol\u00e4mp\u00f6mittari - maatila"},"content":{"rendered":"<p><strong>Koko:<\/strong> 88 mm x 15 mm<\/p>\n<p><strong>Mittausalue:<\/strong> +12\u00b0C - +34\u00b0C<\/p>\n<p><strong>Tarkkuus:<\/strong> +\/- 1\u00b0C<\/p>\n<p><strong>Kuvaus:<\/strong><br \/>\nKalvol\u00e4mp\u00f6mittari, joka voidaan kiinnitt\u00e4\u00e4 muurahaisareenan\/formikarion lasiin sis\u00e4puolelta. Liimapinta folion alla takana.<\/p>\n<p><strong>L\u00e4mp\u00f6tilan lukemiseen:<\/strong><br \/>\nVihre\u00e4 alue n\u00e4ytt\u00e4\u00e4 nykyisen l\u00e4mp\u00f6tilan.<br \/>\nJos punainen alue on selv\u00e4sti n\u00e4kyviss\u00e4, v\u00e4henn\u00e4 0,5 \u00b0C:n l\u00e4mp\u00f6tila.<br \/>\nLis\u00e4\u00e4 0,5 \u00b0C, jos sininen alue on selv\u00e4sti n\u00e4kyviss\u00e4.<\/p>","protected":false},"excerpt":{"rendered":"<p>Mittausalue: +12\u00b0C - +34\u00b0C<\/p>","protected":false},"featured_media":7576,"comment_status":"open","ping_status":"closed","template":"","meta":{"_acf_changed":false,"content-type":"","_monsterinsights_skip_tracking":false,"_monsterinsights_sitenote_active":false,"_monsterinsights_sitenote_note":"","_monsterinsights_sitenote_category":0},"product_brand":[],"product_cat":[359,119,239],"product_tag":[],"class_list":{"0":"post-7504","1":"product","2":"type-product","3":"status-publish","4":"has-post-thumbnail","6":"product_cat-light-heat-humidity","7":"product_cat-formicarium-components","8":"product_cat-useful-additions","10":"first","11":"instock","12":"taxable","13":"shipping-taxable","14":"purchasable","15":"product-type-simple"},"acf":[],"aioseo_notices":[],"jetpack_sharing_enabled":true,"_links":{"self":[{"href":"https:\/\/antcube.shop\/fi\/wp-json\/wp\/v2\/product\/7504","targetHints":{"allow":["GET"]}}],"collection":[{"href":"https:\/\/antcube.shop\/fi\/wp-json\/wp\/v2\/product"}],"about":[{"href":"https:\/\/antcube.shop\/fi\/wp-json\/wp\/v2\/types\/product"}],"replies":[{"embeddable":true,"href":"https:\/\/antcube.shop\/fi\/wp-json\/wp\/v2\/comments?post=7504"}],"wp:featuredmedia":[{"embeddable":true,"href":"https:\/\/antcube.shop\/fi\/wp-json\/wp\/v2\/media\/7576"}],"wp:attachment":[{"href":"https:\/\/antcube.shop\/fi\/wp-json\/wp\/v2\/media?parent=7504"}],"wp:term":[{"taxonomy":"product_brand","embeddable":true,"href":"https:\/\/antcube.shop\/fi\/wp-json\/wp\/v2\/product_brand?post=7504"},{"taxonomy":"product_cat","embeddable":true,"href":"https:\/\/antcube.shop\/fi\/wp-json\/wp\/v2\/product_cat?post=7504"},{"taxonomy":"product_tag","embeddable":true,"href":"https:\/\/antcube.shop\/fi\/wp-json\/wp\/v2\/product_tag?post=7504"}],"curies":[{"name":"wp","href":"https:\/\/api.w.org\/{rel}","templated":true}]}}