{"id":7500,"date":"2024-04-04T11:27:17","date_gmt":"2024-04-04T09:27:17","guid":{"rendered":"https:\/\/antcube.shop\/product\/ant-maze-20x20-m\/"},"modified":"2026-01-12T12:39:35","modified_gmt":"2026-01-12T11:39:35","slug":"muurahaislabyrintti-20x20-m","status":"publish","type":"product","link":"https:\/\/antcube.shop\/fi\/tuote\/muurahaislabyrintti-20x20-m\/","title":{"rendered":"Muurahaislabyrintti 20\u00d720 - M"},"content":{"rendered":"<p><strong>Mitat:<\/strong><br \/>\n190x220x23mm; <strong>polun korkeus<\/strong> 10mm <strong>polun leveys<\/strong> 10-19mm<br \/>\n5x liukuk\u00e4yt\u00e4v\u00e4n ohjain<\/p>\n<p><strong>Materiaali:<\/strong> akryylilasi<\/p>\n<p><strong>V\u00e4ri:<\/strong> kristallinkirkas, l\u00e4pin\u00e4kyv\u00e4<\/p>\n<p><strong>Sis\u00e4lt\u00f6:<\/strong><br \/>\n1x Ant Maze M, jossa on 5x l\u00e4pivientiohjain<\/p>\n<p><strong>Yhteys:<\/strong> 2x liit\u00e4nt\u00e4muhvit 10mm putkelle 14\/10mm<\/p>\n<p><strong>Kuvaus:<\/strong> Muurahaislabyrintti litte\u00e4 formikario, joka on valmistettu useista kerroksellisista paneeleista. Muurahaislabyrintti voidaan laajentaa letkujen avulla tai liitt\u00e4\u00e4 muurahaisareenaan integroitujen liit\u00e4nt\u00e4pistorasioiden avulla. Viiden sis\u00e4\u00e4nrakennetun liukus\u00e4\u00e4timen avulla muurahaiset voivat avata tai sulkea erilaisia polkuja labyrintiss\u00e4. Sit\u00e4 voidaan k\u00e4ytt\u00e4\u00e4 kokeisiin esimerkiksi oppilaitoksissa tai kotona havainnoimaan, miten muurahaiset l\u00f6yt\u00e4v\u00e4t tiens\u00e4 ja sopeutuvat \u00e4killisesti muuttuviin reitteihin, esimerkiksi ruokailualueille.<\/p>\n<p><strong>Huom:<\/strong> Voi esiinty\u00e4 0,5 mm:n aukkoja.<\/p>\n<p><strong>Huomautus liit\u00e4nt\u00e4pistokkeista<\/strong><br \/>\nKun kiinnit\u00e4t tai irrotat letkuja, ota huomioon seuraavat asiat:<br \/>\nJos putkea on hyvin vaikea sovittaa liit\u00e4nt\u00e4muhviin, muhvi on hierottava kevyesti pisaralla irtoamissuoja\u00f6ljy\u00e4 tai -jauhetta. T\u00e4m\u00e4n j\u00e4lkeen letku on ty\u00f6nnett\u00e4v\u00e4 pistorasiaan kiert\u00e4m\u00e4ll\u00e4 tai ruuvaamalla ilman, ett\u00e4 pistorasiaa rasitetaan yl\u00f6s- ja alasp\u00e4in suuntautuvilla liikkeill\u00e4. Sama p\u00e4tee, kun letkut irrotetaan maatilan liit\u00e4nt\u00e4muhvista. \u00c4l\u00e4 yksinkertaisesti ved\u00e4 sit\u00e4 irti!<\/p>","protected":false},"excerpt":{"rendered":"<p>Yhteys: 10mm<\/p>","protected":false},"featured_media":7600,"comment_status":"open","ping_status":"closed","template":"","meta":{"_acf_changed":false,"content-type":"","_monsterinsights_skip_tracking":false,"_monsterinsights_sitenote_active":false,"_monsterinsights_sitenote_note":"","_monsterinsights_sitenote_category":0},"product_brand":[],"product_cat":[257,119,239,91],"product_tag":[],"class_list":{"0":"post-7500","1":"product","2":"type-product","3":"status-publish","4":"has-post-thumbnail","6":"product_cat-new-innovatve-products","7":"product_cat-formicarium-components","8":"product_cat-useful-additions","9":"product_cat-formicarium-modules","11":"first","12":"instock","13":"taxable","14":"shipping-taxable","15":"purchasable","16":"product-type-simple"},"acf":[],"aioseo_notices":[],"jetpack_sharing_enabled":true,"_links":{"self":[{"href":"https:\/\/antcube.shop\/fi\/wp-json\/wp\/v2\/product\/7500","targetHints":{"allow":["GET"]}}],"collection":[{"href":"https:\/\/antcube.shop\/fi\/wp-json\/wp\/v2\/product"}],"about":[{"href":"https:\/\/antcube.shop\/fi\/wp-json\/wp\/v2\/types\/product"}],"replies":[{"embeddable":true,"href":"https:\/\/antcube.shop\/fi\/wp-json\/wp\/v2\/comments?post=7500"}],"wp:featuredmedia":[{"embeddable":true,"href":"https:\/\/antcube.shop\/fi\/wp-json\/wp\/v2\/media\/7600"}],"wp:attachment":[{"href":"https:\/\/antcube.shop\/fi\/wp-json\/wp\/v2\/media?parent=7500"}],"wp:term":[{"taxonomy":"product_brand","embeddable":true,"href":"https:\/\/antcube.shop\/fi\/wp-json\/wp\/v2\/product_brand?post=7500"},{"taxonomy":"product_cat","embeddable":true,"href":"https:\/\/antcube.shop\/fi\/wp-json\/wp\/v2\/product_cat?post=7500"},{"taxonomy":"product_tag","embeddable":true,"href":"https:\/\/antcube.shop\/fi\/wp-json\/wp\/v2\/product_tag?post=7500"}],"curies":[{"name":"wp","href":"https:\/\/api.w.org\/{rel}","templated":true}]}}