{"id":6739,"date":"2023-12-12T15:09:04","date_gmt":"2023-12-12T14:09:04","guid":{"rendered":"https:\/\/antcube.shop\/product\/ameisenarena-abdeckung-60x30\/"},"modified":"2026-04-04T06:34:10","modified_gmt":"2026-04-04T04:34:10","slug":"muurahaisareenan-peitto-60x30","status":"publish","type":"product","link":"https:\/\/antcube.shop\/fi\/tuote\/muurahaisareenan-peitto-60x30\/","title":{"rendered":"Muurahaisareenan koko 60\u00d730"},"content":{"rendered":"<p><strong>Mitat (LxSxK):<\/strong> 60x30x0.4 cm<\/p>\n<p><strong>Materiaali:<\/strong> Float-lasi<\/p>\n<p><strong>V\u00e4ri:<\/strong> kirkas \/ l\u00e4pin\u00e4kyv\u00e4<\/p>\n<p><strong>Sis\u00e4lt\u00f6:<\/strong><br \/>\n1x Muurahaisareenan kansi<br \/>\n1x kiinnityspisteet 4 kpl.<\/p>\n<p><strong>Kuvaus:<\/strong><br \/>\nMuurahaisareenan lasinen kansi pakosuojana<\/p>\n<p><strong>Kuinka k\u00e4ytt\u00e4\u00e4:<\/strong><br \/>\nLasista valmistettu muurahaisareenan kansi voidaan sijoittaa muurahaisareenan p\u00e4\u00e4lle pakosuojaksi ja ilmaston s\u00e4\u00e4telemiseksi.<br \/>\n50 mm:n aukkoihin voidaan asentaa erilaisia ilmastointimoduuleja, esimerkiksi ilmanvaihtoverkkoja, valaistusta tai ilmankostutusta.<br \/>\nJotta muurahaiset eiv\u00e4t p\u00e4\u00e4sisi pakenemaan aukkojen kautta, aukkojen ymp\u00e4rill\u00e4 olevaan alapintaan on levitett\u00e4v\u00e4 murtosuojaa (\u00f6ljy\u00e4, jauhetta tai lakkaa).<\/p>\n<p><strong>Huom:<\/strong><br \/>\nKoska esine on valmistettu lasista ja on siksi hauras, sit\u00e4 on k\u00e4sitelt\u00e4v\u00e4 eritt\u00e4in varovasti.<\/p>","protected":false},"excerpt":{"rendered":"<p>Muurahaisareenan lasinen kansi\/kansi pakosuojaksi<\/p>","protected":false},"featured_media":6730,"comment_status":"open","ping_status":"closed","template":"","meta":{"_acf_changed":false,"content-type":"","_monsterinsights_skip_tracking":false,"_monsterinsights_sitenote_active":false,"_monsterinsights_sitenote_note":"","_monsterinsights_sitenote_category":0},"product_brand":[],"product_cat":[91,92],"product_tag":[],"class_list":{"0":"post-6739","1":"product","2":"type-product","3":"status-publish","4":"has-post-thumbnail","6":"product_cat-formicarium-modules","7":"product_cat-arena-cover","9":"first","10":"instock","11":"taxable","12":"shipping-taxable","13":"purchasable","14":"product-type-simple"},"acf":[],"aioseo_notices":[],"jetpack_sharing_enabled":true,"_links":{"self":[{"href":"https:\/\/antcube.shop\/fi\/wp-json\/wp\/v2\/product\/6739","targetHints":{"allow":["GET"]}}],"collection":[{"href":"https:\/\/antcube.shop\/fi\/wp-json\/wp\/v2\/product"}],"about":[{"href":"https:\/\/antcube.shop\/fi\/wp-json\/wp\/v2\/types\/product"}],"replies":[{"embeddable":true,"href":"https:\/\/antcube.shop\/fi\/wp-json\/wp\/v2\/comments?post=6739"}],"wp:featuredmedia":[{"embeddable":true,"href":"https:\/\/antcube.shop\/fi\/wp-json\/wp\/v2\/media\/6730"}],"wp:attachment":[{"href":"https:\/\/antcube.shop\/fi\/wp-json\/wp\/v2\/media?parent=6739"}],"wp:term":[{"taxonomy":"product_brand","embeddable":true,"href":"https:\/\/antcube.shop\/fi\/wp-json\/wp\/v2\/product_brand?post=6739"},{"taxonomy":"product_cat","embeddable":true,"href":"https:\/\/antcube.shop\/fi\/wp-json\/wp\/v2\/product_cat?post=6739"},{"taxonomy":"product_tag","embeddable":true,"href":"https:\/\/antcube.shop\/fi\/wp-json\/wp\/v2\/product_tag?post=6739"}],"curies":[{"name":"wp","href":"https:\/\/api.w.org\/{rel}","templated":true}]}}