{"id":6737,"date":"2023-12-12T15:03:25","date_gmt":"2023-12-12T14:03:25","guid":{"rendered":"https:\/\/antcube.shop\/product\/antcube-starter-set-fur-weberameisen-gros\/"},"modified":"2026-04-01T13:28:16","modified_gmt":"2026-04-01T11:28:16","slug":"aloitussarja-kutojamuurahaisia-varten-iso","status":"publish","type":"product","link":"https:\/\/antcube.shop\/fi\/tuote\/aloitussarja-kutojamuurahaisia-varten-iso\/","title":{"rendered":"ANTCUBE - Aloitussarja kudontamuurahaisille - suuri"},"content":{"rendered":"<p><span data-text-color=\"alert\"><strong>Toimitus mahdollista vain paletin v\u00e4lityksell\u00e4.<\/strong><\/span><\/p>\n<p><strong>Sis\u00e4lt\u00f6:<\/strong><br \/>\n1x ANTCUBE Arena 30x30x60, jossa on liukuovi.<br \/>\n1x muurahaisareenan kehys 30\u00d730<br \/>\n1x muurahaisareenan kansi 30\u00d730<br \/>\n1x kiinnityspiste areenan suojukselle (4 kpl).<\/p>\n<p>1x liukuoven kehys<br \/>\n1x suihkepullo Suihkupullo 0,5 litraa - messinkinen suutin<br \/>\n1x Valokuvan taustasein\u00e4 - sademets\u00e4 - 30\u00d760 - korkea<br \/>\n1x Formicariumin pohja 30\u00d730 cm<br \/>\n1x substraatti sademets\u00e4 1 kg<\/p>\n<p>5x Grid insert acrylic &#8211; 50 mm with sealing ring<br \/>\n1x drinking clear 5ml &#8211; sponge<br \/>\n1x Feeding dish white rectangle &#8211; 3 compartments<br \/>\n1x Drinking trough 2ml &#8211; 360 Degrees<br \/>\n1x jousiter\u00e4spinsetit leve\u00e4t - pehme\u00e4t<br \/>\n1x Muovipinsetit vakio<br \/>\n1x Muurahaisen taudinpurkauksen suoja\u00f6ljy<br \/>\n1x k\u00e4sisuurennuslasi - 2x - 30mm<br \/>\n1x vaahtomuovipyyhin 150x18x2,5mm<\/p>\n<p><strong>Can be ordered with shipping by forwarding agent on pallet in our second store ANTCUBE:<\/strong><\/p>\n<blockquote class=\"wp-embedded-content\" data-secret=\"OWgk0U6RxI\"><p><a href=\"https:\/\/antcube.shop\/product\/starter-set-for-weaver-ants-large\/\">ANTCUBE - Aloitussarja kudontamuurahaisille - suuri<\/a><\/p><\/blockquote>\n<p><iframe loading=\"lazy\" class=\"wp-embedded-content\" sandbox=\"allow-scripts\" security=\"restricted\" style=\"position: absolute; visibility: hidden;\" title=\"&#8222;ANTCUBE &#8211; Starter set for weaver ants &#8211; large&#8220; &#8211; ANTCUBE\" src=\"https:\/\/antcube.shop\/product\/starter-set-for-weaver-ants-large\/embed\/#?secret=wA9rHSrKI4#?secret=OWgk0U6RxI\" data-secret=\"OWgk0U6RxI\" width=\"600\" height=\"338\" frameborder=\"0\" marginwidth=\"0\" marginheight=\"0\" scrolling=\"no\"><\/iframe><\/p>\n<p><strong>Kuvaus:<\/strong><br \/>\nT\u00e4m\u00e4 laajennettava aloitussarja erityisesti erilaisille kudontamuurahaislajeille, kuten Polyrhachis spec. tai Oecophylla spec., sis\u00e4lt\u00e4\u00e4 optimaalisesti sovitetun formikaarion lis\u00e4ksi my\u00f6s n\u00e4iden muurahaislajien pit\u00e4miseen tarvittavat lis\u00e4varusteet.<\/p>\n<p>The sliding door in the front (opening 150x200mm) facilitates the work in the formicarium, even with large colonies or planting of the formicarium with a host plant for example Oecophylla smaragdina. Additional formicariums can be connected via the two 50mm holes on the side. The stainless steel grid inserts provide good ventilation and are robust against mechanical impact. If necessary, the humidity can be increased with the spray bottle. The drinker clear 5ml &#8211; sponge is intended for the supply of fresh water, the drinker 2ml &#8211; 360 degrees for honey or sugar solution.<\/p>\n<p><strong>T\u00e4rke\u00e4\u00e4: <\/strong>Kostuta alustaa ennen k\u00e4ytt\u00f6\u00e4, jotta seos voi yhdisty\u00e4 ja saada lujan pidon muurahaispes\u00e4ss\u00e4. Lis\u00e4ksi liian kuiva ja p\u00f6lyinen alusta voi johtaa muurahaisten hengitysteiden tukkeutumiseen ja pahimmassa tapauksessa el\u00e4imet tukehtuvat.<\/p>\n<p><strong>T\u00e4rke\u00e4 huomautus liukuovikarmista:<\/strong><br \/>\nKehys voidaan helposti kiinnitt\u00e4\u00e4 liukuoven kiskoihin kiinnitettyihin ruuveihin. L\u00f6ys\u00e4\u00e4 t\u00e4t\u00e4 varten varovasti <strong>vain<\/strong> mutterit sis\u00e4ll\u00e4. Tarvitaan pieni Phillips-ruuvimeisseli (ristip\u00e4\u00e4ruuvimeisseli). Kokoa kehys ja ripusta se sis\u00e4lt\u00e4 ruuveilla. Kiinnit\u00e4 sitten varovasti takaisin mutterit ja <strong>under no circumstances turn too tightly<\/strong>, otherwise the glass may be damaged.<\/p>\n<p><u><strong>Tuotantoa koskevat huomautukset<\/strong><\/u><br \/>\nLasi on leikattu DIN 1249 -standardin mukaisesti +\/- 1 mm:n toleranssilla. Eritt\u00e4in pienten muurahaislajien kohdalla tarvitaan lis\u00e4suojausta.<\/p>","protected":false},"excerpt":{"rendered":"<p>The set consists of 22 parts.<br \/>\nKoko: <span style=\"color: #ed1c24;\"><strong>XL<\/strong><\/span><\/p>","protected":false},"featured_media":6710,"comment_status":"open","ping_status":"closed","template":"","meta":{"_acf_changed":false,"content-type":"","_monsterinsights_skip_tracking":false,"_monsterinsights_sitenote_active":false,"_monsterinsights_sitenote_note":"","_monsterinsights_sitenote_category":0},"product_brand":[],"product_cat":[354,73],"product_tag":[],"class_list":{"0":"post-6737","1":"product","2":"type-product","3":"status-publish","4":"has-post-thumbnail","6":"product_cat-starter-sets-for-weaver-ants","7":"product_cat-starter-sets","8":"product_shipping_class-forwarding-on-pallet","10":"first","11":"outofstock","12":"taxable","13":"shipping-taxable","14":"purchasable","15":"product-type-simple"},"acf":[],"aioseo_notices":[],"jetpack_sharing_enabled":true,"_links":{"self":[{"href":"https:\/\/antcube.shop\/fi\/wp-json\/wp\/v2\/product\/6737","targetHints":{"allow":["GET"]}}],"collection":[{"href":"https:\/\/antcube.shop\/fi\/wp-json\/wp\/v2\/product"}],"about":[{"href":"https:\/\/antcube.shop\/fi\/wp-json\/wp\/v2\/types\/product"}],"replies":[{"embeddable":true,"href":"https:\/\/antcube.shop\/fi\/wp-json\/wp\/v2\/comments?post=6737"}],"wp:featuredmedia":[{"embeddable":true,"href":"https:\/\/antcube.shop\/fi\/wp-json\/wp\/v2\/media\/6710"}],"wp:attachment":[{"href":"https:\/\/antcube.shop\/fi\/wp-json\/wp\/v2\/media?parent=6737"}],"wp:term":[{"taxonomy":"product_brand","embeddable":true,"href":"https:\/\/antcube.shop\/fi\/wp-json\/wp\/v2\/product_brand?post=6737"},{"taxonomy":"product_cat","embeddable":true,"href":"https:\/\/antcube.shop\/fi\/wp-json\/wp\/v2\/product_cat?post=6737"},{"taxonomy":"product_tag","embeddable":true,"href":"https:\/\/antcube.shop\/fi\/wp-json\/wp\/v2\/product_tag?post=6737"}],"curies":[{"name":"wp","href":"https:\/\/api.w.org\/{rel}","templated":true}]}}