{"id":6736,"date":"2023-12-12T15:03:19","date_gmt":"2023-12-12T14:03:19","guid":{"rendered":"https:\/\/antcube.shop\/product\/antcube-arena-30x30x60-mit-schiebetur\/"},"modified":"2026-04-15T13:37:58","modified_gmt":"2026-04-15T11:37:58","slug":"antcube-areena-30x30x60-liukuovella-varustettuna","status":"publish","type":"product","link":"https:\/\/antcube.shop\/fi\/tuote\/antcube-areena-30x30x60-liukuovella-varustettuna\/","title":{"rendered":"ANTCUBE Arena 30x30x60, jossa on liukuovi"},"content":{"rendered":"<p><span data-text-color=\"alert\"><strong>Toimitus mahdollista vain paletin v\u00e4lityksell\u00e4.<\/strong><\/span><\/p>\n<p>ANTCUBE Arena 30x30x60 cm liukuovella ja 2x 50mm rei\u00e4ll\u00e4.<\/p>\n<p><strong>Mitat:<\/strong> 300 x 300 x 600 mm; lasin paksuus 4 mm.<br \/>\n<strong>Materiaali:<\/strong> float-lasi<br \/>\n<strong>Yhteys:<\/strong> 2x reik\u00e4 50 mm<\/p>\n<p><strong>Etuaukko (liukuovi):<\/strong> 150\u00d7200 mm<\/p>\n<p><strong>Kuvaus:<\/strong> ANTCUBE Arena 30x30x60, jossa on liukuovi, on suunniteltu toimimaan mukavasti jopa t\u00e4ysiss\u00e4 formikariumeissa. Ne ovat erityisen k\u00e4ytt\u00f6kelpoisia muurahaisten (Polyrhachis ja Oeacophylla) formikaarioina, koska ne haluavat rakentaa korkealle tai tarvitsevat is\u00e4nt\u00e4kasvin. Tavallisissa 30x30x60-areenoissamme voi olla vaikeaa poistaa esimerkiksi el\u00e4inten j\u00e4t\u00f6kset formikarion pohjasta. T\u00e4ss\u00e4 erityisesti mukautetussa altaassa t\u00e4m\u00e4 ei ole en\u00e4\u00e4 ongelma. My\u00f6s Acromyrmex- tai Atta-lehtimuurahaisten ruokinta-altaissa liukuovi on eritt\u00e4in k\u00e4yt\u00e4nn\u00f6llinen, koska kasvien j\u00e4\u00e4nteet ja muut j\u00e4tteet voidaan h\u00e4vitt\u00e4\u00e4 mukavasti. Lis\u00e4ksi erikseen saatavalla liukuovikehyksell\u00e4 (Art.-nro 1005648) voidaan est\u00e4\u00e4 el\u00e4inten karkaaminen ty\u00f6skentelyn aikana. Tavallista yl\u00e4aukkoa varten on erikseen saatavana my\u00f6s murtosuojakehys 30\u00d730 ja areenan suojus 30\u00d730.<\/p>\n<p><strong>Huom:<\/strong> Lasi leikataan DIN 1249 -standardin mukaisesti +\/- 1 mm:n toleranssilla. Eritt\u00e4in pienten muurahaislajien kohdalla ylim\u00e4\u00e4r\u00e4inen murtumissuojaus on v\u00e4ltt\u00e4m\u00e4t\u00f6n.<\/p>","protected":false},"excerpt":{"rendered":"<p><strong>Yhteys:<\/strong> 2x reik\u00e4 50 mm<\/p>","protected":false},"featured_media":6727,"comment_status":"open","ping_status":"closed","template":"","meta":{"_acf_changed":false,"content-type":"","_monsterinsights_skip_tracking":false,"_monsterinsights_sitenote_active":false,"_monsterinsights_sitenote_note":"","_monsterinsights_sitenote_category":0},"product_brand":[],"product_cat":[85,86],"product_tag":[],"class_list":{"0":"post-6736","1":"product","2":"type-product","3":"status-publish","4":"has-post-thumbnail","6":"product_cat-ant-arenas","7":"product_cat-formicariums","8":"product_shipping_class-forwarding-on-pallet","10":"first","11":"instock","12":"taxable","13":"shipping-taxable","14":"purchasable","15":"product-type-simple"},"acf":[],"aioseo_notices":[],"jetpack_sharing_enabled":true,"_links":{"self":[{"href":"https:\/\/antcube.shop\/fi\/wp-json\/wp\/v2\/product\/6736","targetHints":{"allow":["GET"]}}],"collection":[{"href":"https:\/\/antcube.shop\/fi\/wp-json\/wp\/v2\/product"}],"about":[{"href":"https:\/\/antcube.shop\/fi\/wp-json\/wp\/v2\/types\/product"}],"replies":[{"embeddable":true,"href":"https:\/\/antcube.shop\/fi\/wp-json\/wp\/v2\/comments?post=6736"}],"wp:featuredmedia":[{"embeddable":true,"href":"https:\/\/antcube.shop\/fi\/wp-json\/wp\/v2\/media\/6727"}],"wp:attachment":[{"href":"https:\/\/antcube.shop\/fi\/wp-json\/wp\/v2\/media?parent=6736"}],"wp:term":[{"taxonomy":"product_brand","embeddable":true,"href":"https:\/\/antcube.shop\/fi\/wp-json\/wp\/v2\/product_brand?post=6736"},{"taxonomy":"product_cat","embeddable":true,"href":"https:\/\/antcube.shop\/fi\/wp-json\/wp\/v2\/product_cat?post=6736"},{"taxonomy":"product_tag","embeddable":true,"href":"https:\/\/antcube.shop\/fi\/wp-json\/wp\/v2\/product_tag?post=6736"}],"curies":[{"name":"wp","href":"https:\/\/api.w.org\/{rel}","templated":true}]}}