{"id":6668,"date":"2023-12-05T14:03:20","date_gmt":"2023-12-05T13:03:20","guid":{"rendered":"https:\/\/antcube.shop\/product\/arena-hochstand-20x20cm\/"},"modified":"2026-04-20T09:57:46","modified_gmt":"2026-04-20T07:57:46","slug":"areenan-korkea-jalusta-20x20cm","status":"publish","type":"product","link":"https:\/\/antcube.shop\/fi\/tuote\/areenan-korkea-jalusta-20x20cm\/","title":{"rendered":"Areenan korkea jalusta 20x20cm"},"content":{"rendered":"<div class=\"tab-body active\">\n<p><strong>Mitat:<\/strong> 20x20x10<\/p>\n<p><strong>Materiaali: <\/strong>PMMA<\/p>\n<p><strong>V\u00e4ri: <\/strong>kristallinkirkas, l\u00e4pikuultava, l\u00e4pin\u00e4kyv\u00e4<\/p>\n<p><strong>Sis\u00e4lt\u00f6:<\/strong><br \/>\n4x korkea jalusta pohja<br \/>\n2x edess\u00e4 ja takana logo<br \/>\n2x sivuosa ilman logoa<\/p>\n<p><strong>Huom:<\/strong> Osat toimitetaan pakettina tai liit\u00e4nt\u00e4j\u00e4rjestelm\u00e4n\u00e4. Liimausta ei tarvita.<\/p>\n<p><span data-text-color=\"alert\"><strong>HUOMIO:<\/strong><\/span> Kokoa osat huolellisesti, sill\u00e4 jotkin liit\u00e4nn\u00e4t ovat herkki\u00e4.<\/p>\n<p><strong>Kuvaus:<\/strong> Muurahaisareenan korkea jalusta kehitettiin, jotta ANTCUBE-muurahaisareenat voidaan sijoittaa korkeudelle, joka vastaa muurahaisfarmien liit\u00e4nt\u00e4korkeutta. T\u00e4m\u00e4 mahdollistaa formikarion k\u00e4yt\u00f6n paljon tilaa s\u00e4\u00e4st\u00e4v\u00e4mm\u00e4ll\u00e4 tavalla, kun muurahaisfarmin ja muurahaisareenan v\u00e4lisen\u00e4 yhteyten\u00e4 on lyhyempi putkenp\u00e4tk\u00e4. Se mahdollistaa my\u00f6s kristallinkirkkaiden akryyli-muurahaisputkiemme k\u00e4ytt\u00e4misen liit\u00e4nt\u00e4n\u00e4 ilman, ett\u00e4 joudutaan ty\u00f6skentelem\u00e4\u00e4n kulmakappaleiden kanssa.<\/p>\n<p><strong>Sovellus:<\/strong> muurahaisareenan osalta <strong>lattiapinta-ala 20x20cm<\/strong><\/p>\n<\/div>","protected":false},"excerpt":{"rendered":"<p>Muurahaisareenalle, jonka lattiapinta-ala on 20x20cm<\/p>","protected":false},"featured_media":6586,"comment_status":"open","ping_status":"closed","template":"","meta":{"_acf_changed":false,"content-type":"","_monsterinsights_skip_tracking":false,"_monsterinsights_sitenote_active":false,"_monsterinsights_sitenote_note":"","_monsterinsights_sitenote_category":0},"product_brand":[],"product_cat":[119,239],"product_tag":[],"class_list":{"0":"post-6668","1":"product","2":"type-product","3":"status-publish","4":"has-post-thumbnail","6":"product_cat-formicarium-components","7":"product_cat-useful-additions","9":"first","10":"instock","11":"taxable","12":"shipping-taxable","13":"purchasable","14":"product-type-simple"},"acf":[],"aioseo_notices":[],"jetpack_sharing_enabled":true,"_links":{"self":[{"href":"https:\/\/antcube.shop\/fi\/wp-json\/wp\/v2\/product\/6668","targetHints":{"allow":["GET"]}}],"collection":[{"href":"https:\/\/antcube.shop\/fi\/wp-json\/wp\/v2\/product"}],"about":[{"href":"https:\/\/antcube.shop\/fi\/wp-json\/wp\/v2\/types\/product"}],"replies":[{"embeddable":true,"href":"https:\/\/antcube.shop\/fi\/wp-json\/wp\/v2\/comments?post=6668"}],"wp:featuredmedia":[{"embeddable":true,"href":"https:\/\/antcube.shop\/fi\/wp-json\/wp\/v2\/media\/6586"}],"wp:attachment":[{"href":"https:\/\/antcube.shop\/fi\/wp-json\/wp\/v2\/media?parent=6668"}],"wp:term":[{"taxonomy":"product_brand","embeddable":true,"href":"https:\/\/antcube.shop\/fi\/wp-json\/wp\/v2\/product_brand?post=6668"},{"taxonomy":"product_cat","embeddable":true,"href":"https:\/\/antcube.shop\/fi\/wp-json\/wp\/v2\/product_cat?post=6668"},{"taxonomy":"product_tag","embeddable":true,"href":"https:\/\/antcube.shop\/fi\/wp-json\/wp\/v2\/product_tag?post=6668"}],"curies":[{"name":"wp","href":"https:\/\/api.w.org\/{rel}","templated":true}]}}