{"id":6663,"date":"2023-12-05T13:39:04","date_gmt":"2023-12-05T12:39:04","guid":{"rendered":"https:\/\/antcube.shop\/product\/transparente-klebe-pads-3x2cm-8st\/"},"modified":"2026-03-20T13:42:48","modified_gmt":"2026-03-20T12:42:48","slug":"lapinakyvat-liimatyynyt-3x2cm","status":"publish","type":"product","link":"https:\/\/antcube.shop\/fi\/tuote\/lapinakyvat-liimatyynyt-3x2cm\/","title":{"rendered":"L\u00e4pin\u00e4kyv\u00e4t liimatyynyt 4kpl."},"content":{"rendered":"<p><strong>Mitat:<\/strong> 5,2 x1,5 mm<\/p>\n<p><strong>V\u00e4ri:<\/strong> l\u00e4pin\u00e4kyv\u00e4 \/ maitomainen<\/p>\n<p><strong>Materiaali:<\/strong> PVC<\/p>\n<p><strong>Kiinteist\u00f6:<\/strong> vahva liima molemmin puolin<\/p>\n<p><strong>Kuvaus:<\/strong> Ihanteellinen sile\u00e4pintaisten esineiden kiinnitt\u00e4miseen Formicariumiin. Kuten esim. L\u00e4mp\u00f6kosteusmittari, koristelu, alustat jne.<\/p>","protected":false},"excerpt":{"rendered":"<p>Mitat: V\u00e4ri: l\u00e4pin\u00e4kyv\u00e4 \/ maitomainen Materiaali: 5,2 x1,5 mm: Materiaali: PVC Ominaisuus: vahva liima molemmilla puolilla Kuvaus: PVC, kirkas, kirkas, kirkas, kirkas, kirkas, kirkas, kirkas, kirkas, kirkas, kirkas, kirkas, kirkas, kirkas: Ihanteellinen sile\u00e4pintaisten esineiden kiinnitt\u00e4miseen Formicariumiin. T\u00e4llaisia ovat mm. L\u00e4mp\u00f6kosteusmittari, koristelu, alustat jne.<\/p>","protected":false},"featured_media":6667,"comment_status":"open","ping_status":"closed","template":"","meta":{"_acf_changed":false,"content-type":"","_monsterinsights_skip_tracking":false,"_monsterinsights_sitenote_active":false,"_monsterinsights_sitenote_note":"","_monsterinsights_sitenote_category":0},"product_brand":[],"product_cat":[359,119],"product_tag":[],"class_list":{"0":"post-6663","1":"product","2":"type-product","3":"status-publish","4":"has-post-thumbnail","6":"product_cat-light-heat-humidity","7":"product_cat-formicarium-components","9":"first","10":"instock","11":"taxable","12":"shipping-taxable","13":"purchasable","14":"product-type-simple"},"acf":[],"aioseo_notices":[],"jetpack_sharing_enabled":true,"_links":{"self":[{"href":"https:\/\/antcube.shop\/fi\/wp-json\/wp\/v2\/product\/6663","targetHints":{"allow":["GET"]}}],"collection":[{"href":"https:\/\/antcube.shop\/fi\/wp-json\/wp\/v2\/product"}],"about":[{"href":"https:\/\/antcube.shop\/fi\/wp-json\/wp\/v2\/types\/product"}],"replies":[{"embeddable":true,"href":"https:\/\/antcube.shop\/fi\/wp-json\/wp\/v2\/comments?post=6663"}],"wp:featuredmedia":[{"embeddable":true,"href":"https:\/\/antcube.shop\/fi\/wp-json\/wp\/v2\/media\/6667"}],"wp:attachment":[{"href":"https:\/\/antcube.shop\/fi\/wp-json\/wp\/v2\/media?parent=6663"}],"wp:term":[{"taxonomy":"product_brand","embeddable":true,"href":"https:\/\/antcube.shop\/fi\/wp-json\/wp\/v2\/product_brand?post=6663"},{"taxonomy":"product_cat","embeddable":true,"href":"https:\/\/antcube.shop\/fi\/wp-json\/wp\/v2\/product_cat?post=6663"},{"taxonomy":"product_tag","embeddable":true,"href":"https:\/\/antcube.shop\/fi\/wp-json\/wp\/v2\/product_tag?post=6663"}],"curies":[{"name":"wp","href":"https:\/\/api.w.org\/{rel}","templated":true}]}}