{"id":6631,"date":"2023-12-04T15:12:05","date_gmt":"2023-12-04T14:12:05","guid":{"rendered":"https:\/\/antcube.shop\/product\/klebeklammern-transparent-2-stk\/"},"modified":"2026-04-08T04:11:17","modified_gmt":"2026-04-08T02:11:17","slug":"tarraklipseja-lapinakyva-2-kpl-2","status":"publish","type":"product","link":"https:\/\/antcube.shop\/fi\/tuote\/tarraklipseja-lapinakyva-2-kpl-2\/","title":{"rendered":"Liimaklipsej\u00e4 - l\u00e4pin\u00e4kyv\u00e4 2 kpl."},"content":{"rendered":"<p><strong>Mitat:<\/strong> 24 x 13 mm<br \/>\n<strong>Materiaali:<\/strong> Akryyli<br \/>\n<strong>M\u00e4\u00e4r\u00e4:<\/strong> 2 kpl<\/p>\n<p><strong>Kuvaus:<\/strong> L\u00e4pin\u00e4kyv\u00e4t muoviklipsit, joissa on liimapinta. T\u00e4ydelliset punaisen kalvon ja l\u00e4mp\u00f6mattojen kiinnitt\u00e4miseen muurahaisfarmiemme etu- tai takapuolelle. L\u00e4mmitysmattoja ei siis tarvitse liimata tiukasti muurahaisfarmin takaosaan, vaan ne voidaan kiinnitt\u00e4\u00e4 tarpeen mukaan. L\u00e4pin\u00e4kyv\u00e4n materiaalin ansiosta optiikka ei h\u00e4iriinny.<\/p>\n<p><strong>V\u00e4ri:<\/strong> l\u00e4pin\u00e4kyv\u00e4<\/p>","protected":false},"excerpt":{"rendered":"<p>Mitat: Materiaali: 24 x 13 mm: Materiaali: Akryyli M\u00e4\u00e4r\u00e4: 2 kpl Kuvaus: Materiaali: Akryyli: L\u00e4pin\u00e4kyv\u00e4st\u00e4 muovista valmistetut klipsit, joissa on liimapinta. T\u00e4ydelliset punaisen kalvomme ja l\u00e4mp\u00f6mattojemme kiinnitt\u00e4miseen muurahaisfarmiemme etu- tai takapuolelle. L\u00e4mmitysmattoja ei n\u00e4in ollen tarvitse liimata tiukasti muurahaisfarmin takaosaan ja niit\u00e4 voidaan","protected":false},"featured_media":6628,"comment_status":"open","ping_status":"closed","template":"","meta":{"_acf_changed":false,"content-type":"","_monsterinsights_skip_tracking":false,"_monsterinsights_sitenote_active":false,"_monsterinsights_sitenote_note":"","_monsterinsights_sitenote_category":0},"product_brand":[],"product_cat":[359,119,239],"product_tag":[],"class_list":{"0":"post-6631","1":"product","2":"type-product","3":"status-publish","4":"has-post-thumbnail","6":"product_cat-light-heat-humidity","7":"product_cat-formicarium-components","8":"product_cat-useful-additions","10":"first","11":"instock","12":"taxable","13":"shipping-taxable","14":"purchasable","15":"product-type-simple"},"acf":[],"aioseo_notices":[],"jetpack_sharing_enabled":true,"_links":{"self":[{"href":"https:\/\/antcube.shop\/fi\/wp-json\/wp\/v2\/product\/6631","targetHints":{"allow":["GET"]}}],"collection":[{"href":"https:\/\/antcube.shop\/fi\/wp-json\/wp\/v2\/product"}],"about":[{"href":"https:\/\/antcube.shop\/fi\/wp-json\/wp\/v2\/types\/product"}],"replies":[{"embeddable":true,"href":"https:\/\/antcube.shop\/fi\/wp-json\/wp\/v2\/comments?post=6631"}],"wp:featuredmedia":[{"embeddable":true,"href":"https:\/\/antcube.shop\/fi\/wp-json\/wp\/v2\/media\/6628"}],"wp:attachment":[{"href":"https:\/\/antcube.shop\/fi\/wp-json\/wp\/v2\/media?parent=6631"}],"wp:term":[{"taxonomy":"product_brand","embeddable":true,"href":"https:\/\/antcube.shop\/fi\/wp-json\/wp\/v2\/product_brand?post=6631"},{"taxonomy":"product_cat","embeddable":true,"href":"https:\/\/antcube.shop\/fi\/wp-json\/wp\/v2\/product_cat?post=6631"},{"taxonomy":"product_tag","embeddable":true,"href":"https:\/\/antcube.shop\/fi\/wp-json\/wp\/v2\/product_tag?post=6631"}],"curies":[{"name":"wp","href":"https:\/\/api.w.org\/{rel}","templated":true}]}}