{"id":6581,"date":"2023-12-04T13:54:37","date_gmt":"2023-12-04T12:54:37","guid":{"rendered":"https:\/\/antcube.shop\/product\/humidity-control-ii-timer\/"},"modified":"2026-04-02T12:12:11","modified_gmt":"2026-04-02T10:12:11","slug":"kosteudensaato-ii-ajastin","status":"publish","type":"product","link":"https:\/\/antcube.shop\/fi\/tuote\/kosteudensaato-ii-ajastin\/","title":{"rendered":"Kosteuden s\u00e4\u00e4t\u00f6 II + ajastin"},"content":{"rendered":"<p><strong>Kuvaus:<\/strong> Humidity Control 2 on digitaalinen hygrostaatti, joka ei j\u00e4t\u00e4 toivomisen varaa ennenn\u00e4kem\u00e4tt\u00f6m\u00e4\u00e4n hintaan.<br \/>\nSiin\u00e4 on kaksi virtapiiri\u00e4, jotka mahdollistavat eri asetukset p\u00e4iv\u00e4lle ja y\u00f6lle. Laitteeseen on integroitu reaaliaikainen kello, joten vaihtaminen p\u00e4iv\u00e4n ja y\u00f6n v\u00e4lill\u00e4 tapahtuu joustavasti kellonajan avulla. Laitteeseen on integroitu my\u00f6s ajastin, jonka avulla voit asettaa kaksi ON\/OFF-aikaa kellon avulla. Pienin aikajakso on yksi minuutti.<br \/>\nMuita toimintoja ovat h\u00e4lytystoiminto (visuaalinen ja \u00e4\u00e4nimerkki), mahdollisuus vaihtaa kostutintilasta ilmankuivaustilaan, esim. puhaltimien kanssa k\u00e4ytett\u00e4v\u00e4ksi, ja mahdollisuus vaikuttaa hygrostaatin kytkent\u00e4tilaan. Voit m\u00e4\u00e4ritell\u00e4 poikkeaman, jolla hygrostaatti kytkeytyy. Voit esimerkiksi valita t\u00e4h\u00e4n arvoksi 15, eli kostutin kytkeytyy p\u00e4\u00e4lle vasta, kun mitattu kosteus on 15% alle asetusarvon. T\u00e4m\u00e4 voi olla hy\u00f6dyllist\u00e4, jotta ilmankostutin ei kytkeytyisi jatkuvasti p\u00e4\u00e4lle ja pois, koska my\u00f6s kosteus vaihtelee luonnossa.<br \/>\nLaitteet kytket\u00e4\u00e4n Schuko-kytkimill\u00e4. Suurin kytkent\u00e4kapasiteetti on 1000W. N\u00e4yt\u00f6ss\u00e4 n\u00e4kyy jatkuvasti mitattu kosteus. Mittausalue on 1 - 99%.<\/p>\n<p>- Kaksi piiri\u00e4 eri kosteusasetuksia varten p\u00e4iv\u00e4ll\u00e4 ja y\u00f6ll\u00e4.<br \/>\n- Reaaliaikainen kello, vuorokaudenajat m\u00e4\u00e4ritell\u00e4\u00e4n ajan mukaan.<br \/>\n- Integroitu ajastin<br \/>\n- Pysyv\u00e4 kosteusn\u00e4ytt\u00f6<br \/>\n- Laite voidaan vaihtaa kostutuksen ja kosteudenpoiston v\u00e4lill\u00e4.<br \/>\n- H\u00e4lytystoiminto poikkeaman sattuessa (s\u00e4\u00e4dett\u00e4viss\u00e4 1% ja 50% suhteellisen kosteuden v\u00e4lill\u00e4).<br \/>\n- Tarkka et\u00e4anturi<br \/>\n- Maadoitetut pistorasiat<br \/>\n- Kytkent\u00e4kapasiteetti max. 1000<\/p>","protected":false},"excerpt":{"rendered":"<p>Kuvaus: Humidity Control 2 on digitaalinen hygrostaatti, joka ei j\u00e4t\u00e4 toivomisen varaa ennenn\u00e4kem\u00e4tt\u00f6m\u00e4\u00e4n hintaan. Siin\u00e4 on kaksi piiri\u00e4, jotka mahdollistavat erilaiset asetukset p\u00e4iv\u00e4lle ja y\u00f6lle. Laitteeseen on integroitu reaaliaikainen kello, joten vaihtaminen p\u00e4iv\u00e4n ja y\u00f6n v\u00e4lill\u00e4 tapahtuu joustavasti kellonajan kautta. Ajastin on","protected":false},"featured_media":6602,"comment_status":"open","ping_status":"closed","template":"","meta":{"_acf_changed":false,"content-type":"","_monsterinsights_skip_tracking":false,"_monsterinsights_sitenote_active":false,"_monsterinsights_sitenote_note":"","_monsterinsights_sitenote_category":0},"product_brand":[],"product_cat":[359,119],"product_tag":[],"class_list":{"0":"post-6581","1":"product","2":"type-product","3":"status-publish","4":"has-post-thumbnail","6":"product_cat-light-heat-humidity","7":"product_cat-formicarium-components","9":"first","10":"instock","11":"taxable","12":"shipping-taxable","13":"purchasable","14":"product-type-simple"},"acf":[],"aioseo_notices":[],"jetpack_sharing_enabled":true,"_links":{"self":[{"href":"https:\/\/antcube.shop\/fi\/wp-json\/wp\/v2\/product\/6581","targetHints":{"allow":["GET"]}}],"collection":[{"href":"https:\/\/antcube.shop\/fi\/wp-json\/wp\/v2\/product"}],"about":[{"href":"https:\/\/antcube.shop\/fi\/wp-json\/wp\/v2\/types\/product"}],"replies":[{"embeddable":true,"href":"https:\/\/antcube.shop\/fi\/wp-json\/wp\/v2\/comments?post=6581"}],"wp:featuredmedia":[{"embeddable":true,"href":"https:\/\/antcube.shop\/fi\/wp-json\/wp\/v2\/media\/6602"}],"wp:attachment":[{"href":"https:\/\/antcube.shop\/fi\/wp-json\/wp\/v2\/media?parent=6581"}],"wp:term":[{"taxonomy":"product_brand","embeddable":true,"href":"https:\/\/antcube.shop\/fi\/wp-json\/wp\/v2\/product_brand?post=6581"},{"taxonomy":"product_cat","embeddable":true,"href":"https:\/\/antcube.shop\/fi\/wp-json\/wp\/v2\/product_cat?post=6581"},{"taxonomy":"product_tag","embeddable":true,"href":"https:\/\/antcube.shop\/fi\/wp-json\/wp\/v2\/product_tag?post=6581"}],"curies":[{"name":"wp","href":"https:\/\/api.w.org\/{rel}","templated":true}]}}