{"id":6580,"date":"2023-12-04T13:54:31","date_gmt":"2023-12-04T12:54:31","guid":{"rendered":"https:\/\/antcube.shop\/product\/thermo-control-pro-ii\/"},"modified":"2026-04-14T09:35:30","modified_gmt":"2026-04-14T07:35:30","slug":"thermo-control-pro-ii","status":"publish","type":"product","link":"https:\/\/antcube.shop\/fi\/tuote\/thermo-control-pro-ii\/","title":{"rendered":"Thermo Control Pro II"},"content":{"rendered":"<p><strong>Kuvaus:<\/strong> Thermo Control PRO II on Thermo Control II:n jatkokehitys. T\u00e4rkeimm\u00e4t erot ovat reaaliaikainen kello ja kaksi l\u00e4mp\u00f6tilapiiri\u00e4, jotta voidaan asettaa eri l\u00e4mp\u00f6tilat p\u00e4iv\u00e4lle ja y\u00f6lle. P\u00e4iv\u00e4- ja y\u00f6k\u00e4yt\u00f6n v\u00e4lill\u00e4 vaihtaminen on aikaohjattua.<br \/>\nToisin kuin Thermo Control II -mallissa, t\u00e4ss\u00e4 mallissa ajastimen aika voidaan asettaa minuutteina. ON\/OFF-aikoja on kaksi.<br \/>\nLis\u00e4ksi laite voidaan kytke\u00e4 l\u00e4mmitys- ja j\u00e4\u00e4hdytystilan v\u00e4lill\u00e4, esimerkiksi puhaltimien k\u00e4ytt\u00e4miseksi. Kun asetettu l\u00e4mp\u00f6tila saavutetaan, termostaatti kytkeytyy p\u00e4\u00e4lle eik\u00e4 pois p\u00e4\u00e4lt\u00e4.<br \/>\nSuurin kytkent\u00e4kapasiteetti on 1000W. L\u00e4mp\u00f6tila-alue 0-50\u00b0C.<\/p>\n<p>- Kaksi kytkent\u00e4piiri\u00e4 eri p\u00e4iv\u00e4- ja y\u00f6asetuksia varten<br \/>\n- Reaaliaikainen kello, vuorokaudenajat m\u00e4\u00e4ritell\u00e4\u00e4n ajan mukaan.<br \/>\n- Integroitu ajastin<br \/>\n- Pysyv\u00e4 l\u00e4mp\u00f6tilan n\u00e4ytt\u00f6<br \/>\n- Vaihdettavissa l\u00e4mmitys- ja j\u00e4\u00e4hdytystilan v\u00e4lill\u00e4<br \/>\n- H\u00e4lytystoiminto poikkeaman sattuessa (s\u00e4\u00e4dett\u00e4viss\u00e4 1\u00b0C ja 15\u00b0C v\u00e4lill\u00e4).<br \/>\n- 2m pitk\u00e4 kaukos\u00e4\u00e4din, sopii my\u00f6s akvaarioihin.<br \/>\n- Maadoitetut pistorasiat<br \/>\n- Kytkent\u00e4kapasiteetti max. 1000 wattia<\/p>\n<p>- Suositellaan k\u00e4ytett\u00e4v\u00e4ksi l\u00e4mmitysmattojen, l\u00e4mmityskaapeleiden, l\u00e4mmityskivien ja keraamisten s\u00e4teilyl\u00e4mmittimien kanssa terraarion ylikuumenemisen est\u00e4miseksi.<\/p>\n<p><strong>Verkkolinkki:<\/strong> http:\/\/www.antstore.net\/viewtopic.php?f=18&amp;p=108893<\/p>","protected":false},"excerpt":{"rendered":"<p>Kuvaus: Thermo Control PRO II on Thermo Control II:n jatkokehitys. T\u00e4rkeimm\u00e4t erot ovat reaaliaikainen kello ja kaksi l\u00e4mp\u00f6tilapiiri\u00e4, jotta voidaan asettaa eri l\u00e4mp\u00f6tilat p\u00e4iv\u00e4lle ja y\u00f6lle. P\u00e4iv\u00e4- ja y\u00f6k\u00e4yt\u00f6n v\u00e4lill\u00e4 vaihtaminen on aikaohjattua. Toisin kuin Thermo Control II:ssa, kellonaika voidaan s\u00e4\u00e4t\u00e4\u00e4 seuraavasti","protected":false},"featured_media":6600,"comment_status":"open","ping_status":"closed","template":"","meta":{"_acf_changed":false,"content-type":"","_monsterinsights_skip_tracking":false,"_monsterinsights_sitenote_active":false,"_monsterinsights_sitenote_note":"","_monsterinsights_sitenote_category":0},"product_brand":[],"product_cat":[359,119],"product_tag":[],"class_list":{"0":"post-6580","1":"product","2":"type-product","3":"status-publish","4":"has-post-thumbnail","6":"product_cat-light-heat-humidity","7":"product_cat-formicarium-components","9":"first","10":"instock","11":"taxable","12":"shipping-taxable","13":"purchasable","14":"product-type-simple"},"acf":[],"aioseo_notices":[],"jetpack_sharing_enabled":true,"_links":{"self":[{"href":"https:\/\/antcube.shop\/fi\/wp-json\/wp\/v2\/product\/6580","targetHints":{"allow":["GET"]}}],"collection":[{"href":"https:\/\/antcube.shop\/fi\/wp-json\/wp\/v2\/product"}],"about":[{"href":"https:\/\/antcube.shop\/fi\/wp-json\/wp\/v2\/types\/product"}],"replies":[{"embeddable":true,"href":"https:\/\/antcube.shop\/fi\/wp-json\/wp\/v2\/comments?post=6580"}],"wp:featuredmedia":[{"embeddable":true,"href":"https:\/\/antcube.shop\/fi\/wp-json\/wp\/v2\/media\/6600"}],"wp:attachment":[{"href":"https:\/\/antcube.shop\/fi\/wp-json\/wp\/v2\/media?parent=6580"}],"wp:term":[{"taxonomy":"product_brand","embeddable":true,"href":"https:\/\/antcube.shop\/fi\/wp-json\/wp\/v2\/product_brand?post=6580"},{"taxonomy":"product_cat","embeddable":true,"href":"https:\/\/antcube.shop\/fi\/wp-json\/wp\/v2\/product_cat?post=6580"},{"taxonomy":"product_tag","embeddable":true,"href":"https:\/\/antcube.shop\/fi\/wp-json\/wp\/v2\/product_tag?post=6580"}],"curies":[{"name":"wp","href":"https:\/\/api.w.org\/{rel}","templated":true}]}}