{"id":6579,"date":"2023-12-04T13:54:25","date_gmt":"2023-12-04T12:54:25","guid":{"rendered":"https:\/\/antcube.shop\/product\/thermo-control-ii-timer\/"},"modified":"2026-04-09T15:04:50","modified_gmt":"2026-04-09T13:04:50","slug":"thermo-control-ii-ajastin","status":"publish","type":"product","link":"https:\/\/antcube.shop\/fi\/tuote\/thermo-control-ii-ajastin\/","title":{"rendered":"Thermo Control II + ajastin"},"content":{"rendered":"<p><strong>Kuvaus:<\/strong> Suosittujen Thermo Control -termostaattien seuraajamallissa vain hinta muistuttaa l\u00e4ht\u00f6tason mallia.<br \/>\nThermo Control 2 on digitaalinen termostaatti, jonka l\u00e4mp\u00f6tila-alue on 0-50 \u00b0C. Se toimii my\u00f6s l\u00e4mp\u00f6mittarina vakiol\u00e4mp\u00f6tilan\u00e4yt\u00f6n ansiosta.<br \/>\nL\u00e4mmittimet, joiden kokonaisteho on enint\u00e4\u00e4n 1200 W, voidaan liitt\u00e4\u00e4 Schuko-liit\u00e4nn\u00e4n kautta. Toista Schuko-liit\u00e4nt\u00e4\u00e4 ohjataan integroidulla ajastintoiminnolla, jolla voidaan asettaa esimerkiksi valaistuksen tai tuulettimien k\u00e4ytt\u00f6ajat. Anturi soveltuu mittauksiin ilmassa ja vedess\u00e4, ja se liitet\u00e4\u00e4n termostaattiin kaapelilla, kuten kytkin ja virtal\u00e4hde.<br \/>\nLis\u00e4ksi Thermo Control 2:ssa on h\u00e4lytystoiminto, joka antaa visuaalisen ja akustisen varoituksen, jos l\u00e4mp\u00f6tila ylitt\u00e4\u00e4 tai alittaa halutun l\u00e4mp\u00f6tilan (arvot voidaan asettaa 1 \u00b0C:n ja 5 \u00b0C:n v\u00e4lille).<br \/>\nLaite, jota ei pit\u00e4isi olla ilman terraariossa!<\/p>\n<p>- Erikseen k\u00e4ytett\u00e4v\u00e4ll\u00e4 ajastimella, esim. valaistusta tai ilmanvaihtoa varten.<br \/>\n- H\u00e4lytystoiminto l\u00e4mp\u00f6tilapoikkeaman sattuessa (s\u00e4\u00e4dett\u00e4viss\u00e4 1\u00b0C ja 5\u00b0C v\u00e4lill\u00e4).<br \/>\n- Mitatun l\u00e4mp\u00f6tilan n\u00e4ytt\u00f6<br \/>\n- 2m pitk\u00e4 kaukos\u00e4\u00e4din, sopii my\u00f6s akvaarioihin.<br \/>\n- Maadoitetut pistorasiat<br \/>\n- 1200 watin kytkent\u00e4kapasiteetti<\/p>\n<p>- Suositellaan k\u00e4ytett\u00e4v\u00e4ksi l\u00e4mmitysmattojen, l\u00e4mmityskaapeleiden, l\u00e4mmityskivien ja keraamisten s\u00e4teilyl\u00e4mmittimien kanssa terraarion ylikuumenemisen est\u00e4miseksi.<\/p>\n<p><strong>Verkkolinkki:<\/strong> http:\/\/www.antstore.net\/viewtopic.php?f=18&amp;p=108893<\/p>","protected":false},"excerpt":{"rendered":"<p>Kuvaus: Suosittujen Thermo Control -termostaattien seuraajamallissa vain hinta muistuttaa l\u00e4ht\u00f6tason mallia. Thermo Control 2 on digitaalinen termostaatti, jonka l\u00e4mp\u00f6tila-alue on 0-50 \u00b0C. Se toimii my\u00f6s l\u00e4mp\u00f6mittarina vakiol\u00e4mp\u00f6tilan\u00e4yt\u00f6n ansiosta. L\u00e4mmittimet, joiden suurin kokonaisteho on 1200 W, voivat olla","protected":false},"featured_media":6598,"comment_status":"open","ping_status":"closed","template":"","meta":{"_acf_changed":false,"content-type":"","_monsterinsights_skip_tracking":false,"_monsterinsights_sitenote_active":false,"_monsterinsights_sitenote_note":"","_monsterinsights_sitenote_category":0},"product_brand":[],"product_cat":[359,119],"product_tag":[],"class_list":{"0":"post-6579","1":"product","2":"type-product","3":"status-publish","4":"has-post-thumbnail","6":"product_cat-light-heat-humidity","7":"product_cat-formicarium-components","9":"first","10":"instock","11":"taxable","12":"shipping-taxable","13":"purchasable","14":"product-type-simple"},"acf":[],"aioseo_notices":[],"jetpack_sharing_enabled":true,"_links":{"self":[{"href":"https:\/\/antcube.shop\/fi\/wp-json\/wp\/v2\/product\/6579","targetHints":{"allow":["GET"]}}],"collection":[{"href":"https:\/\/antcube.shop\/fi\/wp-json\/wp\/v2\/product"}],"about":[{"href":"https:\/\/antcube.shop\/fi\/wp-json\/wp\/v2\/types\/product"}],"replies":[{"embeddable":true,"href":"https:\/\/antcube.shop\/fi\/wp-json\/wp\/v2\/comments?post=6579"}],"wp:featuredmedia":[{"embeddable":true,"href":"https:\/\/antcube.shop\/fi\/wp-json\/wp\/v2\/media\/6598"}],"wp:attachment":[{"href":"https:\/\/antcube.shop\/fi\/wp-json\/wp\/v2\/media?parent=6579"}],"wp:term":[{"taxonomy":"product_brand","embeddable":true,"href":"https:\/\/antcube.shop\/fi\/wp-json\/wp\/v2\/product_brand?post=6579"},{"taxonomy":"product_cat","embeddable":true,"href":"https:\/\/antcube.shop\/fi\/wp-json\/wp\/v2\/product_cat?post=6579"},{"taxonomy":"product_tag","embeddable":true,"href":"https:\/\/antcube.shop\/fi\/wp-json\/wp\/v2\/product_tag?post=6579"}],"curies":[{"name":"wp","href":"https:\/\/api.w.org\/{rel}","templated":true}]}}