{"id":6578,"date":"2023-12-04T13:54:19","date_gmt":"2023-12-04T12:54:19","guid":{"rendered":"https:\/\/antcube.shop\/product\/mini-thermo-hygrometer-digital-weis-selbstklebend\/"},"modified":"2026-04-23T11:37:13","modified_gmt":"2026-04-23T09:37:13","slug":"mini-lampo-ja-kosteusmittari-digitaalinen-valkoinen-itseliimautuva","status":"publish","type":"product","link":"https:\/\/antcube.shop\/fi\/tuote\/mini-lampo-ja-kosteusmittari-digitaalinen-valkoinen-itseliimautuva\/","title":{"rendered":"Digitaalinen minil\u00e4mp\u00f6mittari - valkoinen - itseliimautuva"},"content":{"rendered":"<p><strong>Mittausalue:<\/strong> -10 - +60 \u00b0C \/ 10% - 99%<\/p>\n<p><strong>Mitat:<\/strong> 52 x39x15 mm<\/p>\n<p><strong>Kuvaus:<\/strong><br \/>\nMax\/mini-toiminnolla, jalustalla, mukana paristo LR 44 nappiparisto.<\/p>\n<p><strong>Huom:<\/strong><br \/>\nMahdollisimman tarkan mittaustuloksen saamiseksi on t\u00e4rke\u00e4\u00e4, ett\u00e4 takimmaiset tuuletusraot eiv\u00e4t tukkeudu kiinnityksest\u00e4!<br \/>\nVarmista laitetta kiinnitett\u00e4ess\u00e4, ett\u00e4 el\u00e4imet eiv\u00e4t p\u00e4\u00e4se k\u00e4siksi laitteeseen tai liimakiinnitykseen asianmukaisen pakosuojan avulla.<br \/>\nJos t\u00e4m\u00e4 riski kuitenkin on olemassa, kiinnitt\u00e4miseen on k\u00e4ytett\u00e4v\u00e4 l\u00e4pin\u00e4kyvi\u00e4 liimatyynyj\u00e4mme (tuotenro 1002314).<\/p>\n<p><strong>WEEE Reg.:<\/strong> DE 78184127<\/p>\n<p><strong>H\u00e4vitt\u00e4mist\u00e4 varten katso paristom\u00e4\u00e4r\u00e4ykset:<\/strong><\/p>\n<p><a href=\"https:\/\/www.antstore.net\/shop\/de\/info\/Batterieverordnung.html\" target=\"_blank\" rel=\"noopener\">https:\/\/www.antstore.net\/shop\/de\/info\/Batterieverordnung.html<\/a><\/p>","protected":false},"excerpt":{"rendered":"<p>Mittausalue: -10 - +60\u00b0C \/ 10 - 99% , Mitat: 52 x 39 x 15 mm<\/p>","protected":false},"featured_media":6620,"comment_status":"open","ping_status":"closed","template":"","meta":{"_acf_changed":false,"content-type":"","_monsterinsights_skip_tracking":false,"_monsterinsights_sitenote_active":false,"_monsterinsights_sitenote_note":"","_monsterinsights_sitenote_category":0},"product_brand":[],"product_cat":[359,119,239],"product_tag":[],"class_list":{"0":"post-6578","1":"product","2":"type-product","3":"status-publish","4":"has-post-thumbnail","6":"product_cat-light-heat-humidity","7":"product_cat-formicarium-components","8":"product_cat-useful-additions","10":"first","11":"instock","12":"taxable","13":"shipping-taxable","14":"purchasable","15":"product-type-simple"},"acf":[],"aioseo_notices":[],"jetpack_sharing_enabled":true,"_links":{"self":[{"href":"https:\/\/antcube.shop\/fi\/wp-json\/wp\/v2\/product\/6578","targetHints":{"allow":["GET"]}}],"collection":[{"href":"https:\/\/antcube.shop\/fi\/wp-json\/wp\/v2\/product"}],"about":[{"href":"https:\/\/antcube.shop\/fi\/wp-json\/wp\/v2\/types\/product"}],"replies":[{"embeddable":true,"href":"https:\/\/antcube.shop\/fi\/wp-json\/wp\/v2\/comments?post=6578"}],"wp:featuredmedia":[{"embeddable":true,"href":"https:\/\/antcube.shop\/fi\/wp-json\/wp\/v2\/media\/6620"}],"wp:attachment":[{"href":"https:\/\/antcube.shop\/fi\/wp-json\/wp\/v2\/media?parent=6578"}],"wp:term":[{"taxonomy":"product_brand","embeddable":true,"href":"https:\/\/antcube.shop\/fi\/wp-json\/wp\/v2\/product_brand?post=6578"},{"taxonomy":"product_cat","embeddable":true,"href":"https:\/\/antcube.shop\/fi\/wp-json\/wp\/v2\/product_cat?post=6578"},{"taxonomy":"product_tag","embeddable":true,"href":"https:\/\/antcube.shop\/fi\/wp-json\/wp\/v2\/product_tag?post=6578"}],"curies":[{"name":"wp","href":"https:\/\/api.w.org\/{rel}","templated":true}]}}