{"id":6577,"date":"2023-12-04T13:54:13","date_gmt":"2023-12-04T12:54:13","guid":{"rendered":"https:\/\/antcube.shop\/product\/ameisenarena-nebler-gros\/"},"modified":"2026-04-24T14:25:11","modified_gmt":"2026-04-24T12:25:11","slug":"muurahainen-areena-sumutin-suuri","status":"publish","type":"product","link":"https:\/\/antcube.shop\/fi\/tuote\/muurahainen-areena-sumutin-suuri\/","title":{"rendered":"Ant arena - sumutin - suuri"},"content":{"rendered":"<p><strong>Sis\u00e4lt\u00f6:<\/strong><br \/>\n- Fogger<br \/>\n- Vastaava tulppa, jossa on reik\u00e4 letkun kiinnitt\u00e4mist\u00e4 varten muurahaisareenan suojukseen.<br \/>\n- Pidennett\u00e4v\u00e4 letku<\/p>\n<p><strong>Materiaali:<\/strong> muovi<\/p>\n<p><strong>V\u00e4ri:<\/strong> musta<\/p>\n<p>Tekniset tiedot:<br \/>\nJ\u00e4nnite: AC 120-240 V - 50\/60 Hz<br \/>\nKaapelin pituus: 1,20 m<br \/>\nVesis\u00e4ili\u00f6n tilavuus: 4L<br \/>\nLetkun pituus: yksil\u00f6llisesti pidennett\u00e4viss\u00e4 40-160 cm:n v\u00e4lill\u00e4.<br \/>\nSumun tuottaminen: 150-300 ml\/h<br \/>\nSuurin sumutuskorkeus: 2 m letkun kanssa<br \/>\nmeluttomuus<\/p>\n<p>Kuvaus:<br \/>\nMuurahaisareenan kostuttamiseksi t\u00e4m\u00e4 sumutin voidaan kytke\u00e4 suoraan muurahaisareenan kanteen.<\/p>\n<p>&nbsp;<\/p>\n<p>&nbsp;<\/p>\n<p>Huomautus: 20.01.2025 Tuotep\u00e4ivitys - uusi malli<\/p>","protected":false},"excerpt":{"rendered":"<p>Sis\u00e4lt\u00f6: - Sumutin - Sopiva tulppa, jossa on 22 mm:n reik\u00e4 letkun kiinnitt\u00e4miseksi muurahaisareenan kanteen - Pidennett\u00e4v\u00e4 letku Materiaali: muovi V\u00e4ri: musta Tekniset tiedot: J\u00e4nnite: AC 120-240 V - 50\/60 Hz Kaapelin pituus: 1,20 m Vesis\u00e4ili\u00f6n tilavuus: 4L Letkun pituus: Yksil\u00f6llisesti pidennett\u00e4viss\u00e4 40-160 cm v\u00e4lill\u00e4 Sumun tuottaminen: 150-300 ml\/h Maksimi [...]","protected":false},"featured_media":10944,"comment_status":"open","ping_status":"closed","template":"","meta":{"_acf_changed":false,"content-type":"","_monsterinsights_skip_tracking":false,"_monsterinsights_sitenote_active":false,"_monsterinsights_sitenote_note":"","_monsterinsights_sitenote_category":0},"product_brand":[],"product_cat":[359,119,239],"product_tag":[],"class_list":{"0":"post-6577","1":"product","2":"type-product","3":"status-publish","4":"has-post-thumbnail","6":"product_cat-light-heat-humidity","7":"product_cat-formicarium-components","8":"product_cat-useful-additions","10":"first","11":"instock","12":"taxable","13":"shipping-taxable","14":"purchasable","15":"product-type-simple"},"acf":[],"aioseo_notices":[],"jetpack_sharing_enabled":true,"_links":{"self":[{"href":"https:\/\/antcube.shop\/fi\/wp-json\/wp\/v2\/product\/6577","targetHints":{"allow":["GET"]}}],"collection":[{"href":"https:\/\/antcube.shop\/fi\/wp-json\/wp\/v2\/product"}],"about":[{"href":"https:\/\/antcube.shop\/fi\/wp-json\/wp\/v2\/types\/product"}],"replies":[{"embeddable":true,"href":"https:\/\/antcube.shop\/fi\/wp-json\/wp\/v2\/comments?post=6577"}],"wp:featuredmedia":[{"embeddable":true,"href":"https:\/\/antcube.shop\/fi\/wp-json\/wp\/v2\/media\/10944"}],"wp:attachment":[{"href":"https:\/\/antcube.shop\/fi\/wp-json\/wp\/v2\/media?parent=6577"}],"wp:term":[{"taxonomy":"product_brand","embeddable":true,"href":"https:\/\/antcube.shop\/fi\/wp-json\/wp\/v2\/product_brand?post=6577"},{"taxonomy":"product_cat","embeddable":true,"href":"https:\/\/antcube.shop\/fi\/wp-json\/wp\/v2\/product_cat?post=6577"},{"taxonomy":"product_tag","embeddable":true,"href":"https:\/\/antcube.shop\/fi\/wp-json\/wp\/v2\/product_tag?post=6577"}],"curies":[{"name":"wp","href":"https:\/\/api.w.org\/{rel}","templated":true}]}}