{"id":6576,"date":"2023-12-04T13:54:06","date_gmt":"2023-12-04T12:54:06","guid":{"rendered":"https:\/\/antcube.shop\/product\/ameisenarena-nebler-klein\/"},"modified":"2026-04-05T20:47:18","modified_gmt":"2026-04-05T18:47:18","slug":"muurahainen-areena-sumutin-pieni","status":"publish","type":"product","link":"https:\/\/antcube.shop\/fi\/tuote\/muurahainen-areena-sumutin-pieni\/","title":{"rendered":"Ant arena - sumutin - pieni"},"content":{"rendered":"<p><strong>Sis\u00e4lt\u00f6:<\/strong><br \/>\n- Fogger<br \/>\n- Vastaava tulppa, jossa on reik\u00e4 letkun kiinnitt\u00e4mist\u00e4 varten muurahaisareenan suojukseen.<br \/>\n- Pidennett\u00e4v\u00e4 letku<\/p>\n<p><strong>Materiaali:<\/strong> muovi<\/p>\n<p><strong>V\u00e4ri:<\/strong> musta\/valkoinen<\/p>\n<p><strong>Tekniset tiedot:<\/strong><br \/>\nJ\u00e4nnite: 230V<br \/>\nTeho: 15W (30ml\/h)<br \/>\nKaapelin pituus: 1,40 m<br \/>\nVesis\u00e4ili\u00f6n tilavuus: 360ml<br \/>\nYhteys: Liit\u00e4nt\u00e4laite: Euro-pistoke<br \/>\nLetkun pituus: 60 cm -&gt; pidennett\u00e4viss\u00e4<\/p>\n<p><strong>Kuvaus:<\/strong><br \/>\nMuurahaiskent\u00e4n kostuttamiseksi t\u00e4m\u00e4 sumutin voidaan asettaa suoraan muurahaiskent\u00e4n kanteen.<br \/>\nPieni Ameisenarena-sumutin on suunniteltu pienten terraarioiden kostuttamiseen. T\u00e4ss\u00e4 mallissa tekniikka on tehty paljon yksinkertaisemmaksi, mik\u00e4 mahdollistaa paljon vaivattomamman k\u00e4yt\u00f6n. Vesi imeytyy kapillaarisesti huopakasetin avulla. Se voidaan vaihtaa muutamalla yksinkertaisella toimenpiteell\u00e4, mik\u00e4 on syyt\u00e4 tehd\u00e4 s\u00e4\u00e4nn\u00f6llisesti hygieniasyist\u00e4. Tuotettu sumu ohjataan automaattisesti letkun l\u00e4pi nerokkaan suutinrakenteen avulla ilman ylim\u00e4\u00e4r\u00e4ist\u00e4 puhallinta. T\u00e4m\u00e4kin v\u00e4hent\u00e4\u00e4 merkitt\u00e4v\u00e4sti virhealttiutta. Sumutuskapasiteetti on noin 30 ml\/h. S\u00e4ili\u00f6\u00f6n mahtuu enint\u00e4\u00e4n 360 ml. Super Fog Nano II:ta voidaan ohjata ajastimella tai hygrostaatilla. Siirrett\u00e4v\u00e4n ja pidennett\u00e4v\u00e4n letkun ansiosta Super Fog Nano II voidaan sovittaa mihin tahansa terraarioon. Uutena ominaisuutena on, ett\u00e4 loppuk\u00e4ytt\u00e4j\u00e4 voi nyt vaihtaa kalvon muutamalla yksinkertaisella toimenpiteell\u00e4. My\u00f6s kaikki muut osat ovat saatavilla varaosina, mik\u00e4 tekee Super Fog Nano II:sta kest\u00e4v\u00e4n laitteen.<\/p>\n<p><strong>Hakkerointi:<\/strong><br \/>\nJos tarvitset pidemm\u00e4n letkun, 20\/16 mm:n letku (Art. 1000107) voidaan liitt\u00e4\u00e4 sumuttimeen. Tarvitset my\u00f6s 50 mm:n formicarium-tulpat, joissa on 20 mm:n reik\u00e4 (Art. 1005033 + 20 mm). Huomaa kuitenkin, ett\u00e4 mit\u00e4 pidempi letku, sit\u00e4 v\u00e4hemm\u00e4n sumua p\u00e4\u00e4see formicariumiin.<\/p>\n<p>&nbsp;<\/p>","protected":false},"excerpt":{"rendered":"<p>Sis\u00e4lt\u00f6: - Sopiva tulppa, jossa on reik\u00e4 letkun kiinnitt\u00e4miseksi muurahaisareenan suojukseen - Pidennett\u00e4v\u00e4 letku Materiaali: muovi V\u00e4ri: musta\/valkoinen Tekniset tiedot:  Letkun pituus: 60 cm -&gt; voidaan pident\u00e4\u00e4 Kuvaus: Letkun pituus: 60 cm -&gt; voidaan pident\u00e4\u00e4 Kuvaus: Letkun pituus: 60 cm -&gt; voidaan pident\u00e4\u00e4: Kosteuttaa muurahaisen [...]","protected":false},"featured_media":6603,"comment_status":"open","ping_status":"closed","template":"","meta":{"_acf_changed":false,"content-type":"","_monsterinsights_skip_tracking":false,"_monsterinsights_sitenote_active":false,"_monsterinsights_sitenote_note":"","_monsterinsights_sitenote_category":0},"product_brand":[],"product_cat":[359,119],"product_tag":[],"class_list":{"0":"post-6576","1":"product","2":"type-product","3":"status-publish","4":"has-post-thumbnail","6":"product_cat-light-heat-humidity","7":"product_cat-formicarium-components","9":"first","10":"instock","11":"taxable","12":"shipping-taxable","13":"purchasable","14":"product-type-simple"},"acf":[],"aioseo_notices":[],"jetpack_sharing_enabled":true,"_links":{"self":[{"href":"https:\/\/antcube.shop\/fi\/wp-json\/wp\/v2\/product\/6576","targetHints":{"allow":["GET"]}}],"collection":[{"href":"https:\/\/antcube.shop\/fi\/wp-json\/wp\/v2\/product"}],"about":[{"href":"https:\/\/antcube.shop\/fi\/wp-json\/wp\/v2\/types\/product"}],"replies":[{"embeddable":true,"href":"https:\/\/antcube.shop\/fi\/wp-json\/wp\/v2\/comments?post=6576"}],"wp:featuredmedia":[{"embeddable":true,"href":"https:\/\/antcube.shop\/fi\/wp-json\/wp\/v2\/media\/6603"}],"wp:attachment":[{"href":"https:\/\/antcube.shop\/fi\/wp-json\/wp\/v2\/media?parent=6576"}],"wp:term":[{"taxonomy":"product_brand","embeddable":true,"href":"https:\/\/antcube.shop\/fi\/wp-json\/wp\/v2\/product_brand?post=6576"},{"taxonomy":"product_cat","embeddable":true,"href":"https:\/\/antcube.shop\/fi\/wp-json\/wp\/v2\/product_cat?post=6576"},{"taxonomy":"product_tag","embeddable":true,"href":"https:\/\/antcube.shop\/fi\/wp-json\/wp\/v2\/product_tag?post=6576"}],"curies":[{"name":"wp","href":"https:\/\/api.w.org\/{rel}","templated":true}]}}