{"id":6573,"date":"2023-12-04T11:34:55","date_gmt":"2023-12-04T10:34:55","guid":{"rendered":"https:\/\/antcube.shop\/product\/arena-vase-10x20cm-aus-glas\/"},"modified":"2026-03-30T10:30:51","modified_gmt":"2026-03-30T08:30:51","slug":"areena-maljakko-10x20cm-lasia","status":"publish","type":"product","link":"https:\/\/antcube.shop\/fi\/tuote\/areena-maljakko-10x20cm-lasia\/","title":{"rendered":"Arena maljakko 10x20cm lasia"},"content":{"rendered":"<p><strong>Mitat:<\/strong> 10\u00d720.4cm<\/p>\n<p><strong>Materiaali:<\/strong> lasi, PMMA<\/p>\n<p><strong>V\u00e4ri:<\/strong> kristallinkirkas, l\u00e4pikuultava, l\u00e4pin\u00e4kyv\u00e4<\/p>\n<p><strong>Sis\u00e4lt\u00f6:<\/strong><br \/>\n1x lasimaljakko 10x20cm<br \/>\n1x kansi 10\u00d70.4cm<\/p>\n<p><strong>Kuvaus:<\/strong> Arena Vase kehitettiin Atta- tai Acromyrmex-suvun lehtimuurahaispes\u00e4kkeiden ruokkimiseen. Irrotettava akryylikansi, jossa on reiki\u00e4 ja rakoja rehukasvien oksien j\u00e4rjest\u00e4mist\u00e4 ja pit\u00e4mist\u00e4 varten, asetetaan yksinkertaisesti maljakkoon. Maljakko auttaa pit\u00e4m\u00e4\u00e4n ravintokasvit tuoreina pidemp\u00e4\u00e4n ja lis\u00e4\u00e4 samalla kosteutta formicariumissa s\u00e4ili\u00f6ss\u00e4 olevan veden jatkuvan haihtumisen ansiosta.<\/p>","protected":false},"excerpt":{"rendered":"<p>Mitat: V\u00e4ri: kristallinkirkas, l\u00e4pikuultava, l\u00e4pin\u00e4kyv\u00e4, l\u00e4pin\u00e4kyv\u00e4: 1x lasimaljakko 10x20cm 1x kansi 10x0.4cm Kuvaus: 1x lasimaljakko 10x20cm 1x kansi 10x0.4cm: Arena-maljakko on kehitetty Atta- tai Acromyrmex-suvun lehtileikkurimuurahaispes\u00e4kkeiden ruokintaan. Irrotettava akryylikansi, jossa on reiki\u00e4 ja rakoja rehukasvien oksien j\u00e4rjest\u00e4mist\u00e4 ja pit\u00e4mist\u00e4 varten, asetetaan yksinkertaisesti p\u00e4\u00e4lle.","protected":false},"featured_media":6590,"comment_status":"open","ping_status":"closed","template":"","meta":{"_acf_changed":false,"content-type":"","_monsterinsights_skip_tracking":false,"_monsterinsights_sitenote_active":false,"_monsterinsights_sitenote_note":"","_monsterinsights_sitenote_category":0},"product_brand":[],"product_cat":[115,118],"product_tag":[],"class_list":{"0":"post-6573","1":"product","2":"type-product","3":"status-publish","4":"has-post-thumbnail","6":"product_cat-food-and-feeding","7":"product_cat-feeding-bowls","9":"first","10":"instock","11":"taxable","12":"shipping-taxable","13":"purchasable","14":"product-type-simple"},"acf":[],"aioseo_notices":[],"jetpack_sharing_enabled":true,"_links":{"self":[{"href":"https:\/\/antcube.shop\/fi\/wp-json\/wp\/v2\/product\/6573","targetHints":{"allow":["GET"]}}],"collection":[{"href":"https:\/\/antcube.shop\/fi\/wp-json\/wp\/v2\/product"}],"about":[{"href":"https:\/\/antcube.shop\/fi\/wp-json\/wp\/v2\/types\/product"}],"replies":[{"embeddable":true,"href":"https:\/\/antcube.shop\/fi\/wp-json\/wp\/v2\/comments?post=6573"}],"wp:featuredmedia":[{"embeddable":true,"href":"https:\/\/antcube.shop\/fi\/wp-json\/wp\/v2\/media\/6590"}],"wp:attachment":[{"href":"https:\/\/antcube.shop\/fi\/wp-json\/wp\/v2\/media?parent=6573"}],"wp:term":[{"taxonomy":"product_brand","embeddable":true,"href":"https:\/\/antcube.shop\/fi\/wp-json\/wp\/v2\/product_brand?post=6573"},{"taxonomy":"product_cat","embeddable":true,"href":"https:\/\/antcube.shop\/fi\/wp-json\/wp\/v2\/product_cat?post=6573"},{"taxonomy":"product_tag","embeddable":true,"href":"https:\/\/antcube.shop\/fi\/wp-json\/wp\/v2\/product_tag?post=6573"}],"curies":[{"name":"wp","href":"https:\/\/api.w.org\/{rel}","templated":true}]}}