{"id":6569,"date":"2023-12-04T11:34:29","date_gmt":"2023-12-04T10:34:29","guid":{"rendered":"https:\/\/antcube.shop\/product\/ameisen-treppenhaus-20cm\/"},"modified":"2026-04-10T20:46:21","modified_gmt":"2026-04-10T18:46:21","slug":"muurahaisportaat-20cm","status":"publish","type":"product","link":"https:\/\/antcube.shop\/fi\/tuote\/muurahaisportaat-20cm\/","title":{"rendered":"Muurahaisportaat 20cm"},"content":{"rendered":"<p><strong>Kuvaus:<\/strong> Muurahaisportaita k\u00e4ytet\u00e4\u00e4n ylitt\u00e4m\u00e4\u00e4n korkeus areenalta muurahaisfarmille.<\/p>\n<p><strong>Mitat:<\/strong> 5x5x20cm<\/p>\n<p><strong>Materiaali: <\/strong>PMMA<\/p>\n<p><strong>V\u00e4ri: <\/strong>kristallinkirkas, l\u00e4pikuultava, l\u00e4pin\u00e4kyv\u00e4<\/p>\n<p data-padding=\"5px\" data-line-height=\"s\"><strong>Sis\u00e4lt\u00f6:<\/strong><br \/>\n1x muurahaisportaat 20cm<br \/>\n2x akryylilevy valinnaista sein\u00e4asennusta varten<\/p>\n<p data-padding=\"5px\" data-line-height=\"s\">1x tyyny muurahaisportaille<\/p>\n<p><strong>Huom:<\/strong> Osat toimitetaan t\u00e4ysin koottuina. Sein\u00e4kiinnityst\u00e4 varten l\u00f6ys\u00e4\u00e4 vain yl\u00e4- ja alapuolella olevat akryyliruuvit ja irrota jalusta. Kiinnit\u00e4 kaksi akryylilevy\u00e4 uudelleen ruuveilla 1x ylh\u00e4\u00e4ll\u00e4 ja 1x alhaalla.<\/p>\n<p><strong>Yhteys:<\/strong> 2x letku 20\/16 mm (ulkopuolella) tai letku 14\/10 mm (sis\u00e4puolella) tai 24\/20 (ulkopuolella 2. liit\u00e4nt\u00e4vaihe).<\/p>\n<p><strong>Sovellus:<\/strong> muurahaisfarmien mittaaminen <strong>20x20cm tai 40x20cm<\/strong><\/p>\n<p><span data-text-color=\"alert\"><strong>T\u00e4rke\u00e4\u00e4 k\u00e4ytett\u00e4v\u00e4ksi akryyliputkien kanssa:<\/strong><\/span><br \/>\nKorkeus ei sovi meid\u00e4n <strong>koko XL-muurahaisfarmit.<\/strong><br \/>\nFor<strong> k\u00e4ytt\u00f6 akryyliputkien kanssa<\/strong> (esim. muurahaisputki - kristallinkirkas 20mm - 1m art. no. 1000320) letkujen sijasta, tarvitset kaikkiaan<strong> 3x \"Putkiliitin kristallinkirkas 20mm - I\"<\/strong> (art. nro 1005624). 1x muurahaispes\u00e4n pistorasiaan ja 2x kahteen porrashuoneen pistorasiaan. Lis\u00e4ksi vanhojen muurahaispesien (kaikki ennen 12\/2023 ostetut) osalta muurahaispes\u00e4n pistorasiaan on ty\u00f6nnett\u00e4v\u00e4 \"l\u00e4pin\u00e4kyv\u00e4 joustava tiivistysrengas\" (tuotenro 1001437). Muuten \"Putkiliitin kristallinkirkas 20mm - I\" (tuotenro 1005624) istuu liian l\u00f6ys\u00e4sti muurahaispes\u00e4n pistorasiaan. Lis\u00e4ksi, jos <strong>formicarium-tyyny <\/strong>k\u00e4ytet\u00e4\u00e4n muurahaisfarmia tai -areenaa varten, on k\u00e4ytett\u00e4v\u00e4 sellaista my\u00f6s portaikkoa varten, koska muuten portaikon pistorasian ja muurahaisfarmin ja -areenan liit\u00e4nt\u00f6jen v\u00e4lill\u00e4 on pieni korkeusero.<\/p>","protected":false},"excerpt":{"rendered":"<p>20x20cm tai 40x20cm kokoisille muurahaiskasvatuslaitoksille.<\/p>","protected":false},"featured_media":7570,"comment_status":"open","ping_status":"closed","template":"","meta":{"_acf_changed":false,"content-type":"","_monsterinsights_skip_tracking":false,"_monsterinsights_sitenote_active":false,"_monsterinsights_sitenote_note":"","_monsterinsights_sitenote_category":0},"product_brand":[],"product_cat":[345,119,121,120,239],"product_tag":[],"class_list":{"0":"post-6569","1":"product","2":"type-product","3":"status-publish","4":"has-post-thumbnail","6":"product_cat-pipe-connectors","7":"product_cat-formicarium-components","8":"product_cat-connectors","9":"product_cat-hoses","10":"product_cat-useful-additions","12":"first","13":"instock","14":"taxable","15":"shipping-taxable","16":"purchasable","17":"product-type-simple"},"acf":[],"aioseo_notices":[],"jetpack_sharing_enabled":true,"_links":{"self":[{"href":"https:\/\/antcube.shop\/fi\/wp-json\/wp\/v2\/product\/6569","targetHints":{"allow":["GET"]}}],"collection":[{"href":"https:\/\/antcube.shop\/fi\/wp-json\/wp\/v2\/product"}],"about":[{"href":"https:\/\/antcube.shop\/fi\/wp-json\/wp\/v2\/types\/product"}],"replies":[{"embeddable":true,"href":"https:\/\/antcube.shop\/fi\/wp-json\/wp\/v2\/comments?post=6569"}],"wp:featuredmedia":[{"embeddable":true,"href":"https:\/\/antcube.shop\/fi\/wp-json\/wp\/v2\/media\/7570"}],"wp:attachment":[{"href":"https:\/\/antcube.shop\/fi\/wp-json\/wp\/v2\/media?parent=6569"}],"wp:term":[{"taxonomy":"product_brand","embeddable":true,"href":"https:\/\/antcube.shop\/fi\/wp-json\/wp\/v2\/product_brand?post=6569"},{"taxonomy":"product_cat","embeddable":true,"href":"https:\/\/antcube.shop\/fi\/wp-json\/wp\/v2\/product_cat?post=6569"},{"taxonomy":"product_tag","embeddable":true,"href":"https:\/\/antcube.shop\/fi\/wp-json\/wp\/v2\/product_tag?post=6569"}],"curies":[{"name":"wp","href":"https:\/\/api.w.org\/{rel}","templated":true}]}}