{"id":6568,"date":"2023-12-04T11:34:22","date_gmt":"2023-12-04T10:34:22","guid":{"rendered":"https:\/\/antcube.shop\/product\/kornerfutter-minor-100g\/"},"modified":"2026-04-15T17:09:26","modified_gmt":"2026-04-15T15:09:26","slug":"viljarehu-minor-100g","status":"publish","type":"product","link":"https:\/\/antcube.shop\/fi\/tuote\/viljarehu-minor-100g\/","title":{"rendered":"Viljarehu minor 100g"},"content":{"rendered":"<p><strong>Sis\u00e4lt\u00f6:<\/strong> 100g<\/p>\n<p><span id=\"result_box\" class=\"long_text\" lang=\"en\"><strong>Kuvaus:<\/strong> <\/span>Hienojakoinen jyv\u00e4- ja siemenseos granivoristen muurahaisten, kuten Messor, Pogonomyrmex ja Pheidole, nuorille kolonioille.<br \/>\nT\u00e4m\u00e4n pienten ja pehmeiden siementen seoksen avulla perustusta tuetaan.<br \/>\nPuhdas luonnontuote ilman keinotekoisia lis\u00e4aineita. Ei sis\u00e4ll\u00e4 torjunta-aineita.<\/p>\n<p><strong>Huom:<\/strong><br \/>\nSy\u00f6tt\u00f6putken k\u00e4ytt\u00f6 l\u00f6ytyy t\u00e4\u00e4lt\u00e4: <a href=\"https:\/\/www.antstore.net\/shop\/images\/documents\/Anleitung-Ameisenfutterroehrchen.pdf\">Linkki<\/a><br \/>\nviljaa sy\u00f6vien muurahaisten rehulis\u00e4.<br \/>\nKoostumus, analyyttiset komponentit, viimeinen k\u00e4ytt\u00f6p\u00e4iv\u00e4m\u00e4\u00e4r\u00e4 ja er\u00e4numero, katso pakkausseloste.<\/p>\n<p>Tietopuhelin +49 30 439703870<\/p>\n<p>Toimivaltainen el\u00e4inl\u00e4\u00e4kint\u00e4 ja elintarvikevalvonta:<br \/>\nEl\u00e4inl\u00e4\u00e4k\u00e4riasema Steglitz<br \/>\nK\u00f6nigin-Luise-Str. 92<br \/>\n14195 Berliini<\/p>","protected":false},"excerpt":{"rendered":"<p>T\u00e4ydennysrehu<\/p>","protected":false},"featured_media":6582,"comment_status":"open","ping_status":"closed","template":"","meta":{"_acf_changed":false,"content-type":"","_monsterinsights_skip_tracking":false,"_monsterinsights_sitenote_active":false,"_monsterinsights_sitenote_note":"","_monsterinsights_sitenote_category":0},"product_brand":[],"product_cat":[115,116],"product_tag":[],"class_list":{"0":"post-6568","1":"product","2":"type-product","3":"status-publish","4":"has-post-thumbnail","6":"product_cat-food-and-feeding","7":"product_cat-food","9":"first","10":"instock","11":"taxable","12":"shipping-taxable","13":"purchasable","14":"product-type-simple"},"acf":[],"aioseo_notices":[],"jetpack_sharing_enabled":true,"_links":{"self":[{"href":"https:\/\/antcube.shop\/fi\/wp-json\/wp\/v2\/product\/6568","targetHints":{"allow":["GET"]}}],"collection":[{"href":"https:\/\/antcube.shop\/fi\/wp-json\/wp\/v2\/product"}],"about":[{"href":"https:\/\/antcube.shop\/fi\/wp-json\/wp\/v2\/types\/product"}],"replies":[{"embeddable":true,"href":"https:\/\/antcube.shop\/fi\/wp-json\/wp\/v2\/comments?post=6568"}],"wp:featuredmedia":[{"embeddable":true,"href":"https:\/\/antcube.shop\/fi\/wp-json\/wp\/v2\/media\/6582"}],"wp:attachment":[{"href":"https:\/\/antcube.shop\/fi\/wp-json\/wp\/v2\/media?parent=6568"}],"wp:term":[{"taxonomy":"product_brand","embeddable":true,"href":"https:\/\/antcube.shop\/fi\/wp-json\/wp\/v2\/product_brand?post=6568"},{"taxonomy":"product_cat","embeddable":true,"href":"https:\/\/antcube.shop\/fi\/wp-json\/wp\/v2\/product_cat?post=6568"},{"taxonomy":"product_tag","embeddable":true,"href":"https:\/\/antcube.shop\/fi\/wp-json\/wp\/v2\/product_tag?post=6568"}],"curies":[{"name":"wp","href":"https:\/\/api.w.org\/{rel}","templated":true}]}}