{"id":6566,"date":"2023-12-04T11:34:09","date_gmt":"2023-12-04T10:34:09","guid":{"rendered":"https:\/\/antcube.shop\/product\/kornerfutter-major-100g\/"},"modified":"2025-05-06T21:46:55","modified_gmt":"2025-05-06T19:46:55","slug":"viljarehu-major-100g","status":"publish","type":"product","link":"https:\/\/antcube.shop\/fi\/tuote\/viljarehu-major-100g\/","title":{"rendered":"Viljarehu major 100g"},"content":{"rendered":"<div class=\"tab-body active\">\n<p><strong>Sis\u00e4lt\u00f6:<\/strong> 100g<\/p>\n<p><span id=\"result_box\" class=\"long_text\" lang=\"en\"><strong>Kuvaus:<\/strong> <\/span>Suuri jyv\u00e4- ja siemenseos granivoristen muurahaislajien, kuten Messor, Pogonomyrmex ja Pheidole, aikuisille pes\u00e4kkeille.<br \/>\nIhanteellinen pes\u00e4kkeille, joissa on paljon ty\u00f6ntekij\u00f6it\u00e4.<br \/>\nPuhdas luonnontuote ilman keinotekoisia lis\u00e4aineita. Ei sis\u00e4ll\u00e4 torjunta-aineita.<\/p>\n<p><strong>Huom:<\/strong><br \/>\nSy\u00f6tt\u00f6putken k\u00e4ytt\u00f6 l\u00f6ytyy t\u00e4\u00e4lt\u00e4: <a href=\"https:\/\/www.antstore.net\/shop\/images\/documents\/Anleitung-Ameisenfutterroehrchen.pdf\">Linkki<\/a><br \/>\nviljaa sy\u00f6vien muurahaisten rehulis\u00e4.<br \/>\nKoostumus, analyyttiset komponentit, viimeinen k\u00e4ytt\u00f6p\u00e4iv\u00e4m\u00e4\u00e4r\u00e4 ja er\u00e4numero, katso pakkausseloste.<\/p>\n<p>Tietopuhelin +49 30 439703870<\/p>\n<p>Toimivaltainen el\u00e4inl\u00e4\u00e4kint\u00e4 ja elintarvikevalvonta:<br \/>\nEl\u00e4inl\u00e4\u00e4k\u00e4riasema Steglitz<br \/>\nK\u00f6nigin-Luise-Str. 92<br \/>\n14195 Berliini<\/p>\n<\/div>","protected":false},"excerpt":{"rendered":"<p>T\u00e4ydennysrehu<\/p>","protected":false},"featured_media":6626,"comment_status":"open","ping_status":"closed","template":"","meta":{"_acf_changed":false,"content-type":"","_monsterinsights_skip_tracking":false,"_monsterinsights_sitenote_active":false,"_monsterinsights_sitenote_note":"","_monsterinsights_sitenote_category":0},"product_brand":[],"product_cat":[115,116],"product_tag":[],"class_list":{"0":"post-6566","1":"product","2":"type-product","3":"status-publish","4":"has-post-thumbnail","6":"product_cat-food-and-feeding","7":"product_cat-food","9":"first","10":"outofstock","11":"taxable","12":"shipping-taxable","13":"purchasable","14":"product-type-simple"},"acf":[],"aioseo_notices":[],"jetpack_sharing_enabled":true,"_links":{"self":[{"href":"https:\/\/antcube.shop\/fi\/wp-json\/wp\/v2\/product\/6566","targetHints":{"allow":["GET"]}}],"collection":[{"href":"https:\/\/antcube.shop\/fi\/wp-json\/wp\/v2\/product"}],"about":[{"href":"https:\/\/antcube.shop\/fi\/wp-json\/wp\/v2\/types\/product"}],"replies":[{"embeddable":true,"href":"https:\/\/antcube.shop\/fi\/wp-json\/wp\/v2\/comments?post=6566"}],"wp:featuredmedia":[{"embeddable":true,"href":"https:\/\/antcube.shop\/fi\/wp-json\/wp\/v2\/media\/6626"}],"wp:attachment":[{"href":"https:\/\/antcube.shop\/fi\/wp-json\/wp\/v2\/media?parent=6566"}],"wp:term":[{"taxonomy":"product_brand","embeddable":true,"href":"https:\/\/antcube.shop\/fi\/wp-json\/wp\/v2\/product_brand?post=6566"},{"taxonomy":"product_cat","embeddable":true,"href":"https:\/\/antcube.shop\/fi\/wp-json\/wp\/v2\/product_cat?post=6566"},{"taxonomy":"product_tag","embeddable":true,"href":"https:\/\/antcube.shop\/fi\/wp-json\/wp\/v2\/product_tag?post=6566"}],"curies":[{"name":"wp","href":"https:\/\/api.w.org\/{rel}","templated":true}]}}