{"id":6564,"date":"2023-12-04T11:33:56","date_gmt":"2023-12-04T10:33:56","guid":{"rendered":"https:\/\/antcube.shop\/product\/schraub-adapter-50-auf-27-mm-bohrung\/"},"modified":"2026-04-05T20:47:15","modified_gmt":"2026-04-05T18:47:15","slug":"ruuvisovitin-50-27-mmn-poraus","status":"publish","type":"product","link":"https:\/\/antcube.shop\/fi\/tuote\/ruuvisovitin-50-27-mmn-poraus\/","title":{"rendered":"Ruuvisovitin 50 - 27 mm:n poraus"},"content":{"rendered":"<p><strong>Sis\u00e4lt\u00f6:<\/strong><br \/>\n2x akryylilevy 59 x 2mm 32 mm:n rei'ill\u00e4<br \/>\n1x Akryylilevy 49 x 4mm, jossa 27 mm reik\u00e4<br \/>\n2x L\u00e4pin\u00e4kyv\u00e4 muoviruuvi M4<br \/>\n2x L\u00e4pin\u00e4kyv\u00e4 mutteri M4<\/p>\n<p><strong>Tuotteen mitat:<\/strong> 59 x 8 mm<\/p>\n<p><strong>Materiaali:<\/strong> PMMA<\/p>\n<p><strong>V\u00e4ri:<\/strong> l\u00e4pin\u00e4kyv\u00e4 \/ kristallinkirkas<\/p>\n<p><span data-text-color=\"alert\"><strong>HUOMIO:<\/strong><\/span> vain altaan letkuliittimillemme 27mm - 14, 20, 24mm - l\u00e4pin\u00e4kyv\u00e4t<\/p>\n<p><strong>Kuvaus:<\/strong> Sovitin halkaisijaltaan 27 mm:n elementtien kiinnitt\u00e4miseen 50 mm:n reikiin. My\u00f6s 27 mm:n tulpat sopivat sovittimeen.<\/p>\n<p>Mahdollistaa n\u00e4in 20 mm:n putkien, letkujen tai muiden liitososien turvallisen, lujan ja visuaalisesti houkuttelevan kiinnityksen.<\/p>\n<p><strong>Huom:<\/strong> Toimitetaan yksitt\u00e4isin\u00e4 osina, ja ne on kiinnitett\u00e4v\u00e4 ristip\u00e4\u00e4ruuvimeisselill\u00e4.<\/p>","protected":false},"excerpt":{"rendered":"<p>Sis\u00e4lt\u00f6: 2x akryylilevy 59 x 2mm 32 mm:n rei\u00e4ll\u00e4 1x akryylilevy 49 x 4mm 27 mm:n rei\u00e4ll\u00e4 2x l\u00e4pin\u00e4kyv\u00e4 muoviruuvi M4 2x l\u00e4pin\u00e4kyv\u00e4 mutteri M4 Tuotteen mitat: Materiaali: 59 x 8 mm: PMMA V\u00e4ri: l\u00e4pin\u00e4kyv\u00e4 \/ kristallinkirkas HUOMIO: vain altaan letkuliittimillemme 27mm - 14, 20, 24mm.","protected":false},"featured_media":6593,"comment_status":"open","ping_status":"closed","template":"","meta":{"_acf_changed":false,"content-type":"","_monsterinsights_skip_tracking":false,"_monsterinsights_sitenote_active":false,"_monsterinsights_sitenote_note":"","_monsterinsights_sitenote_category":0},"product_brand":[],"product_cat":[345,119,121,120],"product_tag":[],"class_list":{"0":"post-6564","1":"product","2":"type-product","3":"status-publish","4":"has-post-thumbnail","6":"product_cat-pipe-connectors","7":"product_cat-formicarium-components","8":"product_cat-connectors","9":"product_cat-hoses","11":"first","12":"instock","13":"taxable","14":"shipping-taxable","15":"purchasable","16":"product-type-simple"},"acf":[],"aioseo_notices":[],"jetpack_sharing_enabled":true,"_links":{"self":[{"href":"https:\/\/antcube.shop\/fi\/wp-json\/wp\/v2\/product\/6564","targetHints":{"allow":["GET"]}}],"collection":[{"href":"https:\/\/antcube.shop\/fi\/wp-json\/wp\/v2\/product"}],"about":[{"href":"https:\/\/antcube.shop\/fi\/wp-json\/wp\/v2\/types\/product"}],"replies":[{"embeddable":true,"href":"https:\/\/antcube.shop\/fi\/wp-json\/wp\/v2\/comments?post=6564"}],"wp:featuredmedia":[{"embeddable":true,"href":"https:\/\/antcube.shop\/fi\/wp-json\/wp\/v2\/media\/6593"}],"wp:attachment":[{"href":"https:\/\/antcube.shop\/fi\/wp-json\/wp\/v2\/media?parent=6564"}],"wp:term":[{"taxonomy":"product_brand","embeddable":true,"href":"https:\/\/antcube.shop\/fi\/wp-json\/wp\/v2\/product_brand?post=6564"},{"taxonomy":"product_cat","embeddable":true,"href":"https:\/\/antcube.shop\/fi\/wp-json\/wp\/v2\/product_cat?post=6564"},{"taxonomy":"product_tag","embeddable":true,"href":"https:\/\/antcube.shop\/fi\/wp-json\/wp\/v2\/product_tag?post=6564"}],"curies":[{"name":"wp","href":"https:\/\/api.w.org\/{rel}","templated":true}]}}