{"id":6562,"date":"2023-12-04T11:33:43","date_gmt":"2023-12-04T10:33:43","guid":{"rendered":"https:\/\/antcube.shop\/product\/bundle-offer-messor-structor\/"},"modified":"2026-04-13T09:34:33","modified_gmt":"2026-04-13T07:34:33","slug":"nipputarjous-messor-structor","status":"publish","type":"product","link":"https:\/\/antcube.shop\/fi\/tuote\/nipputarjous-messor-structor\/","title":{"rendered":"Pakettitarjous - Messor structor"},"content":{"rendered":"<p><span data-text-color=\"secondary\"><strong>Pakettitarjous sis\u00e4lt\u00e4\u00e4 Messor structor -muurahaispes\u00e4n (kuningatar ja 11-25 ty\u00f6ntekij\u00e4\u00e4 + poikaset), aloitussarjan Habitat Desert M, jossa on toinen muurahaisfarmi 20\u00d720 M, 3x formicarium-tyynyj\u00e4 ja purkki erityisi\u00e4 kokonaisia blanchoituja sirkkoja 10g (kostea proteiini).<\/strong><\/span><\/p>\n<p><span data-text-color=\"alert\"><strong>Vain niin kauan kuin varastoa riitt\u00e4\u00e4.<\/strong><\/span><\/p>\n<p><strong>Kaikki mit\u00e4 tarvitset Messor structor -muurahaissiirtokuntaa varten.<\/strong><br \/>\nT\u00e4m\u00e4 paketti sis\u00e4lt\u00e4\u00e4 kaiken, mit\u00e4 tarvitset Messor barbarus -siipikarjan menestyksekk\u00e4\u00e4seen kasvattamiseen ensimm\u00e4isten kuukausien aikana. Se on joustavasti laajennettavissa ja sopii nimenomaan muurahaiskasvatuksen aloittelijoille.<\/p>\n<p><strong>Messor structor muurahaislajit<\/strong><br \/>\nMessor structor on granivorinen (viljaa sy\u00f6v\u00e4) muurahaislaji. Sit\u00e4 tavataan p\u00e4\u00e4asiassa Etel\u00e4-Euroopassa ja V\u00e4limeren alueella, mutta my\u00f6s Keski-Euroopassa, ja sen levinneisyysalue ulottuu Iraniin ja Etel\u00e4-Ven\u00e4j\u00e4lle asti. Se on my\u00f6s ainoa Saksassa tavattu Messor-laji. Ty\u00f6l\u00e4iset ovat hieman pienempi\u00e4 kuin Messor barbarus -lajilla, mutta Messor structor tuottaa niin sanottuja major-ty\u00f6l\u00e4isi\u00e4 (suurin ty\u00f6l\u00e4iskasti) aikaisemmin.<\/p>\n<p>Vaikka Messor structor esiintyy p\u00e4\u00e4asiassa aroilla, joissakin maissa on populaatioita, jotka viihtyv\u00e4t paremmin vuoristoalueilla tai jopa sekametsiss\u00e4. T\u00e4m\u00e4 osoittaa lajin suuren sopeutumiskyvyn. Messor structor muodostaa yleens\u00e4 polygyynisi\u00e4 yhdyskuntia (useita kuningattaria yhdess\u00e4 yhdyskunnassa), mutta se esiintyy my\u00f6s monogyynisesti (vain yksi kuningatar yhdyskunnassa).<\/p>\n<p>Tutkijat ovat jo jonkin aikaa yritt\u00e4neet selvitt\u00e4\u00e4, onko Messor structorille saattanut kehitty\u00e4 useita eri alueilla esiintyvi\u00e4 alalajeja, analysoimalla eri pes\u00e4kkeiden geneettist\u00e4 materiaalia. Asiaa ei kuitenkaan ole viel\u00e4 saatu lopullisesti selvitetty\u00e4.<\/p>\n<p><strong>Messor structorin pes\u00e4<\/strong><br \/>\nMessor structor pesii mieluiten hiekkamailla. Toisin kuin useimmat muut Messor-lajit, se on kuitenkin suhteellisen joustava ja pesii toisinaan kivien alla tai varjoisilla paikoilla savisemmilla mailla.<\/p>\n<p><strong>Ruoka Messor structorille<\/strong><br \/>\nKuten kaikki Messor-lajit, Messor structor ruokailee p\u00e4\u00e4asiassa siemenill\u00e4, jotka ker\u00e4t\u00e4\u00e4n, varastoidaan ja jalostetaan niin sanotuksi muurahaisleiv\u00e4ksi, jolla on pidempi s\u00e4ilyvyysaika ja jonka avulla pes\u00e4kkeet selviytyv\u00e4t kausista, jolloin siemeni\u00e4 on luonnossa v\u00e4hemm\u00e4n. Proteiinia hyv\u00e4ksyt\u00e4\u00e4n sek\u00e4 kuolleena ett\u00e4 el\u00e4v\u00e4n\u00e4. Luonnossa ne tappavat pieni\u00e4 hy\u00f6nteisi\u00e4 ja k\u00e4ytt\u00e4v\u00e4t niit\u00e4 poikueensa ruokintaan. Sokeriliuos tai hunaja hyv\u00e4ksyt\u00e4\u00e4n vain, jos pes\u00e4kkeell\u00e4 ei ole riitt\u00e4v\u00e4sti makeaa vett\u00e4 sen kosteustarpeen kattamiseksi.<\/p>\n<p><strong>Messor structorin optimaaliset ilmasto-olosuhteet ovat seuraavat:<\/strong><br \/>\n<strong>Kosteus:<\/strong><br \/>\nAreena: Pes\u00e4alue: 30 - 50%: 50 - 70%<br \/>\n<strong>L\u00e4mp\u00f6tila:<\/strong><br \/>\nAreena: 22 - 30\u00b0C Pes\u00e4alue: 21- 27\u00b0C<\/p>\n<p><strong>Sis\u00e4lt\u00f6:<\/strong><\/p>\n<p>1x Messor structor -muurahaispes\u00e4 (kuningatar + 11-25 ty\u00f6l\u00e4ist\u00e4 + poikanen).<br \/>\n1x Sirkkahillo 25g<br \/>\n1x viljaruoka minor 100g<br \/>\n1x Formicarium-tyyny - 20x20cm<br \/>\n2x Formicarium-tyyny - 20x6cm<\/p>\n<p>1x ANTCUBE - areena 20x20x10 - tasainen<br \/>\n1x muurahaisareenan kehys 20\u00d720<br \/>\n1x muurahaisareenan kansi 20\u00d720<br \/>\n4x kiinnityspiste areenan suojusta varten<br \/>\n2x ANTCUBE - muurahaisfarmi - M - 20\u00d720 - seisova<\/p>\n<p>1x 1m putki l\u00e4pin\u00e4kyv\u00e4 14\/10 mm<br \/>\n2x ANTCUBE - Punainen folio 20\u00d720 - suodatin<br \/>\n2x tarrakiinnikkeet - l\u00e4pin\u00e4kyv\u00e4 2 kpl.<br \/>\n1x kasvualusta - aavikko - 1kg<br \/>\n1x Formicarium rakeet 200ml - beige<\/p>\n<p>1x Grid cap &#8211; 10mm &#8211; stainless steel<br \/>\n2x Grid insert acrylic &#8211; 50 mm with sealing ring<br \/>\n1x Grid insert acrylic &#8211; 27 mm with sealing ring<\/p>\n<p>1x s\u00e4ili\u00f6letkun liitin 27-14,16,20 mm - l\u00e4pin\u00e4kyv\u00e4<br \/>\n2x Foil thermometer &#8211; farm<br \/>\n1x Foil thermometer Display<br \/>\n1x drinking clear 5ml &#8211; sponge<br \/>\n1x Feeding dish white rectangle &#8211; 3 compartments<br \/>\n1x Muurahaisten pakenemissuoja\u00f6ljy 10ml<br \/>\n1x Pinsetit jousiter\u00e4st\u00e4 - leve\u00e4 - pehme\u00e4<br \/>\n1x Pinsetit muovinen l\u00e4pin\u00e4kyv\u00e4<br \/>\n1x muovipipetti 3ml<br \/>\n1x k\u00e4sisuurennuslasi - 2x - 30mm<br \/>\n1x vaahtomuovipyyhin 150x18x2,5mm<br \/>\n1x valokuvaselk\u00e4 - aavikko - 20\u00d710<\/p>\n<p>&nbsp;<\/p>\n<p><strong>Kuvaus:<\/strong><br \/>\nT\u00e4m\u00e4 Starter Set Desert sopii kaikille Messor-suvun lajeille, jotka el\u00e4v\u00e4t aavikoilla, aroilla tai V\u00e4limeren ilmastossa. Toinen kahdesta tarhasta on tarkoitettu siementen ja muurahaisleiv\u00e4n s\u00e4ilytykseen, ja se on siksi pidett\u00e4v\u00e4 t\u00e4ysin kuivana, jotta muurahaiset eiv\u00e4t it\u00e4isi tai homehtuisi sinne varastoimiaan siemeni\u00e4\/jyvi\u00e4.<\/p>\n<p>T\u00e4ysin l\u00e4pin\u00e4kyv\u00e4ss\u00e4 tilassa (pes\u00e4) k\u00e4ytet\u00e4\u00e4n \"substraatti-aavikkoa\" tilan t\u00e4ytt\u00e4miseen. Tarvittaessa lis\u00e4moduuleja voidaan liitt\u00e4\u00e4 kannessa olevien 50 mm:n reikien kautta, esim. erikseen saatavia sumuttimia, tuulettimia tai valoja. Vaihtoehtoisesti mukana toimitetaan sopivat formicarium-tulpat aukkojen sulkemiseksi. Haluttaessa formikaari voidaan k\u00e4ytt\u00e4\u00e4 my\u00f6s avoimena asettamalla irrotettava kehys yksinkertaisesti p\u00e4\u00e4lle ja levitt\u00e4m\u00e4ll\u00e4 muurahaisten pakenemissuoja\u00f6ljy\u00e4 reunaan. \"Kirkas 20 ml:n juomakouru - sieni\" on tarkoitettu vedelle, \"2 ml:n ruoka-annostelija - annosteltava\" viljaruoalle.<\/p>\n<p><strong>T\u00e4rke\u00e4\u00e4:<\/strong> Kostuta alustaa ennen k\u00e4ytt\u00f6\u00e4, jotta seos voi sitoutua ja saada lujan otteen muurahaispes\u00e4ss\u00e4. Jos alusta on liian kuiva ja p\u00f6lyinen, muurahaisten hengitystiet voivat tukkeutua ja pahimmassa tapauksessa el\u00e4imet voivat tukehtua.<\/p>\n<p><strong>Suositus:<\/strong> Suosittelemme 2 mm:n korkuista substraattikerrosta, jotta el\u00e4imet eiv\u00e4t voi kaivautua areenalle, vaan k\u00e4ytt\u00e4v\u00e4t sit\u00e4 varten varattua tarhaa. Suosittelemme my\u00f6s, ett\u00e4 tarhassa oleva pes\u00e4materiaali (hiekka\/savi, Digfix jne.) on kevyesti pistetty yhteen paikkaan, jotta el\u00e4inten kaivaminen olisi helpompaa.<\/p>\n<p><strong>Tuotantoa koskevat huomautukset<\/strong><br \/>\nLasi leikataan DIN 1249 -standardin mukaisesti +\/- 1 mm:n toleranssilla. Eritt\u00e4in pienten muurahaislajien kohdalla on v\u00e4ltt\u00e4m\u00e4t\u00f6nt\u00e4 k\u00e4ytt\u00e4\u00e4 lis\u00e4suojaa.<\/p>\n<p><strong>Maatilaa koskevat muistiinpanot<\/strong><br \/>\nKun kiinnit\u00e4t tai irrotat letkuja, ota huomioon seuraavat asiat:<br \/>\nJos putkea on hyvin vaikea sovittaa liit\u00e4nt\u00e4muhviin, muhvi on hierottava kevyesti pisaralla irtoamissuoja\u00f6ljy\u00e4 tai -jauhetta. T\u00e4m\u00e4n j\u00e4lkeen letku on ty\u00f6nnett\u00e4v\u00e4 pistorasiaan kiert\u00e4m\u00e4ll\u00e4 tai ruuvaamalla ilman, ett\u00e4 pistorasiaa rasitetaan yl\u00f6s- ja alasp\u00e4in suuntautuvilla liikkeill\u00e4. Sama p\u00e4tee, kun letkut irrotetaan maatilan liit\u00e4nt\u00e4muhvista. \u00c4l\u00e4 yksinkertaisesti ved\u00e4 sit\u00e4 irti!<\/p>\n<p><strong>Muistiinpanoja krikettijamista:<\/strong><br \/>\nBlanchoidut sirkkamme ovat helppo tapa tarjota muurahaisillesi tuoretta s\u00e4il\u00f6tty\u00e4 proteiiniruokaa ilman, ett\u00e4 sinun tarvitsee sy\u00f6tt\u00e4\u00e4 el\u00e4vi\u00e4 hy\u00f6nteisi\u00e4. Sis\u00e4lt\u00e4m\u00e4t sirkat (Acheta domesticus) on blanchoitu hell\u00e4varaisesti, jotta ravintoarvot, maku ja aromi s\u00e4ilyv\u00e4t. Lis\u00e4ksi hy\u00f6nteisten kitiininen kuori on pehmennetty t\u00e4ll\u00e4 tavoin, jotta se on helpommin sulavaa. Kollageeniproteiinien sidokset hajotetaan, jotta muurahaiset voivat hy\u00f6dynt\u00e4\u00e4 niit\u00e4 paremmin. Acheta domesticus -s\u00e4ilykkeill\u00e4 on sama ravintoarvo kuin el\u00e4vill\u00e4 sirkoilla, mutta ne ovat helpommin sulavia.<\/p>\n<p>Cricket Jam ei sovellu sellaisten muurahaislajien mets\u00e4stykseen, jotka vaativat el\u00e4v\u00e4\u00e4 ravintoa (esim. poneriinit, kuten Harpegnathos tai Odontomachus).<\/p>\n<p><strong>Muita etuja:<\/strong><br \/>\nTaatusti punkkivapaa<br \/>\nVoidaan annostella ja laimentaa vedell\u00e4<br \/>\nSteriloitu ja tyhji\u00f6pakattu<br \/>\nIlman lis\u00e4aineita<br \/>\nSirkat, jotka ovat per\u00e4isin kest\u00e4v\u00e4st\u00e4, puhtaasti luonnonmukaisesta kasvatuksesta ja joita ruokitaan orgaanisella j\u00e4tteell\u00e4.<\/p>\n<p><strong>Huom:<\/strong><br \/>\nS\u00e4ilyy j\u00e4\u00e4kaapissa noin nelj\u00e4 p\u00e4iv\u00e4\u00e4 avaamisen j\u00e4lkeen. Pidempi s\u00e4ilyvyys pakastettuna.<br \/>\nHuomio: Ensin annostellaan, sitten j\u00e4\u00e4dytet\u00e4\u00e4n.<\/p>","protected":false},"excerpt":{"rendered":"<p>Sarjaan kuuluu 38 kappaletta<\/p>\n<p>Koko: <strong>M<\/strong><\/p>","protected":false},"featured_media":7134,"comment_status":"open","ping_status":"closed","template":"","meta":{"_acf_changed":false,"content-type":"","_monsterinsights_skip_tracking":false,"_monsterinsights_sitenote_active":false,"_monsterinsights_sitenote_note":"","_monsterinsights_sitenote_category":0},"product_brand":[],"product_cat":[355,353,73],"product_tag":[],"class_list":{"0":"post-6562","1":"product","2":"type-product","3":"status-publish","4":"has-post-thumbnail","6":"product_cat-bundle-offers","7":"product_cat-starter-sets-for-harvester-ants","8":"product_cat-starter-sets","10":"first","11":"instock","12":"taxable","13":"shipping-taxable","14":"purchasable","15":"product-type-simple"},"acf":[],"aioseo_notices":[],"jetpack_sharing_enabled":true,"_links":{"self":[{"href":"https:\/\/antcube.shop\/fi\/wp-json\/wp\/v2\/product\/6562","targetHints":{"allow":["GET"]}}],"collection":[{"href":"https:\/\/antcube.shop\/fi\/wp-json\/wp\/v2\/product"}],"about":[{"href":"https:\/\/antcube.shop\/fi\/wp-json\/wp\/v2\/types\/product"}],"replies":[{"embeddable":true,"href":"https:\/\/antcube.shop\/fi\/wp-json\/wp\/v2\/comments?post=6562"}],"wp:featuredmedia":[{"embeddable":true,"href":"https:\/\/antcube.shop\/fi\/wp-json\/wp\/v2\/media\/7134"}],"wp:attachment":[{"href":"https:\/\/antcube.shop\/fi\/wp-json\/wp\/v2\/media?parent=6562"}],"wp:term":[{"taxonomy":"product_brand","embeddable":true,"href":"https:\/\/antcube.shop\/fi\/wp-json\/wp\/v2\/product_brand?post=6562"},{"taxonomy":"product_cat","embeddable":true,"href":"https:\/\/antcube.shop\/fi\/wp-json\/wp\/v2\/product_cat?post=6562"},{"taxonomy":"product_tag","embeddable":true,"href":"https:\/\/antcube.shop\/fi\/wp-json\/wp\/v2\/product_tag?post=6562"}],"curies":[{"name":"wp","href":"https:\/\/api.w.org\/{rel}","templated":true}]}}