{"id":6558,"date":"2023-12-04T11:33:16","date_gmt":"2023-12-04T10:33:16","guid":{"rendered":"https:\/\/antcube.shop\/product\/heizmatte-13x28cm-7w\/"},"modified":"2026-04-05T17:10:11","modified_gmt":"2026-04-05T15:10:11","slug":"lammitysmatto-13x28cm-7w","status":"publish","type":"product","link":"https:\/\/antcube.shop\/fi\/tuote\/lammitysmatto-13x28cm-7w\/","title":{"rendered":"L\u00e4mmitysmatto 13x28cm - 7W"},"content":{"rendered":"<p><strong>Mitat:<\/strong> 13 x 28 cm<\/p>\n<p><strong>Teho:<\/strong> 7 wattia<\/p>\n<p><strong>Pintal\u00e4mp\u00f6tila:<\/strong> 28-32 \u00b0C<\/p>\n<p><strong>Kuvaus:<\/strong> L\u00e4mmitysmatto formikariumiin - sopii erityisesti l\u00e4mpim\u00e4mpien maiden lajeille. L\u00e4mmitysmatot s\u00e4teilev\u00e4t infrapunas\u00e4teily\u00e4, joka muistuttaa keraamisia s\u00e4teilyl\u00e4mmittimi\u00e4. S\u00e4teet l\u00e4mmitt\u00e4v\u00e4t esineit\u00e4 ja el\u00e4imi\u00e4 ilman, ett\u00e4 ilman l\u00e4mp\u00f6tila nousee merkitt\u00e4v\u00e4sti. Ne ovat siksi ihanteellisia \"auringonottopaikkojen\" tarjoamiseen. N\u00e4in voidaan saavuttaa ja hallita paremmin kaikki tarvittavat l\u00e4mp\u00f6tilavaihtelut formikariumissa. N\u00e4m\u00e4 l\u00e4mmitysmatot ovat itsekiinnittyvi\u00e4, joten ne voidaan helposti kiinnitt\u00e4\u00e4 formikariumiin.<\/p>\n<p><strong>Huom:<\/strong> L\u00e4mmityselementtej\u00e4 ei saa koskaan sijoittaa suoraan formikariumin alle, vaan on aina varmistettava, ett\u00e4 l\u00e4mp\u00f6 voidaan johtaa pois, jotta estet\u00e4\u00e4n l\u00e4mm\u00f6n kertyminen tai formikariumin vaurioituminen.<\/p>","protected":false},"excerpt":{"rendered":"<p><strong>Mitat:<\/strong> 13 x 28 cm \/ Euro-pistoke 230 voltin j\u00e4nnitteille<\/p>","protected":false},"featured_media":6619,"comment_status":"open","ping_status":"closed","template":"","meta":{"_acf_changed":false,"content-type":"","_monsterinsights_skip_tracking":false,"_monsterinsights_sitenote_active":false,"_monsterinsights_sitenote_note":"","_monsterinsights_sitenote_category":0},"product_brand":[],"product_cat":[359,119],"product_tag":[],"class_list":{"0":"post-6558","1":"product","2":"type-product","3":"status-publish","4":"has-post-thumbnail","6":"product_cat-light-heat-humidity","7":"product_cat-formicarium-components","9":"first","10":"instock","11":"taxable","12":"shipping-taxable","13":"purchasable","14":"product-type-simple"},"acf":[],"aioseo_notices":[],"jetpack_sharing_enabled":true,"_links":{"self":[{"href":"https:\/\/antcube.shop\/fi\/wp-json\/wp\/v2\/product\/6558","targetHints":{"allow":["GET"]}}],"collection":[{"href":"https:\/\/antcube.shop\/fi\/wp-json\/wp\/v2\/product"}],"about":[{"href":"https:\/\/antcube.shop\/fi\/wp-json\/wp\/v2\/types\/product"}],"replies":[{"embeddable":true,"href":"https:\/\/antcube.shop\/fi\/wp-json\/wp\/v2\/comments?post=6558"}],"wp:featuredmedia":[{"embeddable":true,"href":"https:\/\/antcube.shop\/fi\/wp-json\/wp\/v2\/media\/6619"}],"wp:attachment":[{"href":"https:\/\/antcube.shop\/fi\/wp-json\/wp\/v2\/media?parent=6558"}],"wp:term":[{"taxonomy":"product_brand","embeddable":true,"href":"https:\/\/antcube.shop\/fi\/wp-json\/wp\/v2\/product_brand?post=6558"},{"taxonomy":"product_cat","embeddable":true,"href":"https:\/\/antcube.shop\/fi\/wp-json\/wp\/v2\/product_cat?post=6558"},{"taxonomy":"product_tag","embeddable":true,"href":"https:\/\/antcube.shop\/fi\/wp-json\/wp\/v2\/product_tag?post=6558"}],"curies":[{"name":"wp","href":"https:\/\/api.w.org\/{rel}","templated":true}]}}