{"id":6555,"date":"2023-12-04T11:27:26","date_gmt":"2023-12-04T10:27:26","guid":{"rendered":"https:\/\/antcube.shop\/product\/ameisenarena-lampenfassung-e27\/"},"modified":"2026-04-13T09:34:36","modified_gmt":"2026-04-13T07:34:36","slug":"ant-arena-lampun-kanta-e27","status":"publish","type":"product","link":"https:\/\/antcube.shop\/fi\/tuote\/ant-arena-lampun-kanta-e27\/","title":{"rendered":"Ant Arena - Lampun kanta - E27"},"content":{"rendered":"<p><strong>Sis\u00e4lt\u00f6:<\/strong><br \/>\n- E27 muovinen lampunpidin, jossa on verkkokaapeli ja kytkin<br \/>\n- l\u00e4pin\u00e4kyv\u00e4 akryylirengas kiinnitett\u00e4v\u00e4ksi 50 mm:n reikiin<\/p>\n<p><strong>Materiaali:<\/strong> pistorasia (muovia); pidike (muovia); kaapeli (kupari muovivaipalla); PMMA-rengas (kiinnitett\u00e4v\u00e4ksi 50 mm:n reikiin).<\/p>\n<p><strong>V\u00e4ri:<\/strong> vaaleanharmaa<\/p>\n<p><strong>Tekniset tiedot:<\/strong><br \/>\nPistorasian mitat: 4,5\u00d74,5\u00d76 cm.<br \/>\nKaapelin pituus: 3,5 m<br \/>\nTeho: max 60W<br \/>\nPistorasia: E27<\/p>\n<p><strong>HUOMIO: <\/strong>kun k\u00e4ytet\u00e4\u00e4n hybridikansia ja 5 cm leveit\u00e4 Arena-kehyksi\u00e4, t\u00e4m\u00e4 lampunpidin ei sovi. Hybridikansia varten tarvitset 3 cm leve\u00e4n kehyksen.<\/p>\n<p><strong>Kuvaus:<\/strong><br \/>\nMuurahaisareenan valaisemiseksi t\u00e4m\u00e4 pistorasia voidaan kytke\u00e4 suoraan muurahaisareenan kanteen.<\/p>\n<p>&nbsp;<\/p>","protected":false},"excerpt":{"rendered":"<p>Sis\u00e4lt\u00f6: - L\u00e4pin\u00e4kyv\u00e4 akryylirengas 50 mm:n reikiin kiinnitt\u00e4mist\u00e4 varten Materiaali: pistorasia (muovi); pidike (muovi); kaapeli (kupari muovivaipalla); PMMA-rengas (50 mm:n reikiin kiinnitt\u00e4mist\u00e4 varten) V\u00e4ri: vaaleanharmaa Tekniset tiedot: Mitat: Pistorasia: valkoinen (vaalea), valkoinen (vaalea): Kaapelin pituus: 3,5 m Teho: max 60W [...]","protected":false},"featured_media":7574,"comment_status":"open","ping_status":"closed","template":"","meta":{"_acf_changed":false,"content-type":"","_monsterinsights_skip_tracking":false,"_monsterinsights_sitenote_active":false,"_monsterinsights_sitenote_note":"","_monsterinsights_sitenote_category":0},"product_brand":[],"product_cat":[359,119],"product_tag":[],"class_list":{"0":"post-6555","1":"product","2":"type-product","3":"status-publish","4":"has-post-thumbnail","6":"product_cat-light-heat-humidity","7":"product_cat-formicarium-components","9":"first","10":"instock","11":"taxable","12":"shipping-taxable","13":"purchasable","14":"product-type-simple"},"acf":[],"aioseo_notices":[],"jetpack_sharing_enabled":true,"_links":{"self":[{"href":"https:\/\/antcube.shop\/fi\/wp-json\/wp\/v2\/product\/6555","targetHints":{"allow":["GET"]}}],"collection":[{"href":"https:\/\/antcube.shop\/fi\/wp-json\/wp\/v2\/product"}],"about":[{"href":"https:\/\/antcube.shop\/fi\/wp-json\/wp\/v2\/types\/product"}],"replies":[{"embeddable":true,"href":"https:\/\/antcube.shop\/fi\/wp-json\/wp\/v2\/comments?post=6555"}],"wp:featuredmedia":[{"embeddable":true,"href":"https:\/\/antcube.shop\/fi\/wp-json\/wp\/v2\/media\/7574"}],"wp:attachment":[{"href":"https:\/\/antcube.shop\/fi\/wp-json\/wp\/v2\/media?parent=6555"}],"wp:term":[{"taxonomy":"product_brand","embeddable":true,"href":"https:\/\/antcube.shop\/fi\/wp-json\/wp\/v2\/product_brand?post=6555"},{"taxonomy":"product_cat","embeddable":true,"href":"https:\/\/antcube.shop\/fi\/wp-json\/wp\/v2\/product_cat?post=6555"},{"taxonomy":"product_tag","embeddable":true,"href":"https:\/\/antcube.shop\/fi\/wp-json\/wp\/v2\/product_tag?post=6555"}],"curies":[{"name":"wp","href":"https:\/\/api.w.org\/{rel}","templated":true}]}}