{"id":6377,"date":"2023-10-06T18:09:26","date_gmt":"2023-10-06T16:09:26","guid":{"rendered":"https:\/\/antcube.shop\/product\/bundle-offer-polyrhachis-dives\/"},"modified":"2026-04-20T09:58:26","modified_gmt":"2026-04-20T07:58:26","slug":"bundle-offer-polyrhachis-dives","status":"publish","type":"product","link":"https:\/\/antcube.shop\/fi\/tuote\/bundle-offer-polyrhachis-dives\/","title":{"rendered":"Pakettitarjous - Polyrhachis sukelluksia"},"content":{"rendered":"<p dir=\"ltr\"><span data-text-color=\"alert\"><strong><span data-text-color=\"secondary\">Pakettitarjous, joka sis\u00e4lt\u00e4\u00e4 Polyrhachis dives -muurahaiskolonian (kuningatar ja 26-50 ty\u00f6l\u00e4ist\u00e4 + poikaset), aloitussarjan kutomuurahaisille, jossa on 1x formicarium-pohja, 1x koristepensas ja 1x pes\u00e4pallo pes\u00e4paikaksi ja 1x magneettinen alusta ruokinnan helpottamiseksi.<\/span><br \/>\n<\/strong><\/span><\/p>\n<p><span data-text-color=\"alert\"><strong>Vain niin kauan kuin varastoa riitt\u00e4\u00e4.<\/strong><\/span><\/p>\n<p><strong>Kaikki mit\u00e4 tarvitset Polyrhachis dives -muurahaispes\u00e4\u00e4 varten<\/strong><br \/>\nT\u00e4m\u00e4 paketti sis\u00e4lt\u00e4\u00e4 kaiken, mit\u00e4 tarvitset Polyrhachis dives -siirtokunnan menestyksekk\u00e4\u00e4seen kasvattamiseen ensimm\u00e4isten kuukausien aikana. Se on joustavasti laajennettavissa ja sopii nimenomaan muurahaiskasvatuksen aloittelijoille.<\/p>\n<p><strong>Muurahaislaji Polyrhachis dives:<\/strong><br \/>\nPolyrhachis dives on kotoisin Aasiasta ja Australiasta, ja sen levinneisyysalue on hieman laajempi. T\u00e4lle lajille on ominaista hopeisesta kultaiseen vaihteleva v\u00e4ritys el\u00e4inten muuten mustanruskeassa rungossa. Ne ovat jonkin verran pienempi\u00e4 kuin Oecophylla, el\u00e4v\u00e4t usein l\u00e4hell\u00e4 maata ja rakentavat pes\u00e4ns\u00e4 mielell\u00e4\u00e4n kiville tai puun kuoreen. Ne k\u00e4ytt\u00e4v\u00e4t toukkiaan pes\u00e4n kehr\u00e4\u00e4miseen, mutta tieteellisest\u00e4 n\u00e4k\u00f6kulmasta ne eiv\u00e4t kuulu Oecophyllan kaltaisiin \"todellisiin kutomuurahaisiin\", vaikka ne k\u00e4ytt\u00e4v\u00e4tkin periaatteessa l\u00e4hes samaa kutomistekniikkaa. Polyrhachis-suvun lajeilla on joskus melko pieni\u00e4, korkeintaan muutaman tuhannen el\u00e4imen kolonioita. Raporttien mukaan Polyrhachis dives voi t\u00e4ydellisiss\u00e4 olosuhteissa muodostaa jopa useiden satojen kuningattarien ja jopa useiden satojen tuhansien ty\u00f6l\u00e4isten muodostamia kolonioita. N\u00e4in ei kuitenkaan k\u00e4y, kun niit\u00e4 pidet\u00e4\u00e4n kotona.<\/p>\n<p>Polyrhachis dives on polygyni, mik\u00e4 tarkoittaa, ett\u00e4 sill\u00e4 voi olla useita kuningattaria samanaikaisesti. T\u00e4m\u00e4 tarkoittaa, ett\u00e4 pes\u00e4kkeen koko voi kasvaa hyvin nopeasti ja se tarvitsee paljon ruokaa ja tilaa. Siksi my\u00f6s formikarion pit\u00e4isi olla laajennettavissa. Pes\u00e4kokonsa vuoksi ne ovat melko ketteri\u00e4 ja todellisia pakoasiantuntijoita. Siksi on huolehdittava hyv\u00e4st\u00e4 pakosuojan varmistamisesta.<\/p>\n<p><strong>Polyrhachis divesin pes\u00e4<\/strong><br \/>\nPolyrhachis dives hyv\u00e4ksyy formicariumissa melkein mink\u00e4 tahansa tarjoamasi rakennusmateriaalin. Hiekasta, pienel\u00e4inten j\u00e4t\u00f6ksist\u00e4 tai lehdist\u00e4 korkkiin ja puunpaloista pieniin kiviin, ne kutovat pes\u00e4\u00e4ns\u00e4 kaikkea, mit\u00e4 luonto niiden kotiymp\u00e4rist\u00f6ss\u00e4 tarjoaa. Olemme pit\u00e4neet Polyrhachis-kolonioitamme jo vuosia niin sanotuilla pes\u00e4palloilla. T\u00e4h\u00e4n sarjaan olemme sis\u00e4llytt\u00e4neet my\u00f6s koristepensaan, jotta pes\u00e4pallo voidaan sijoittaa hieman maanpinnan yl\u00e4puolelle, kuten luonnossa on tapana.<\/p>\n<p><strong>Polyrhachis-sukeltajien ravinto<\/strong><br \/>\nRuokana olemme sis\u00e4llytt\u00e4neet t\u00e4h\u00e4n sarjaan kokonaisia valkaistuja sirkkoja ja hunajakastikkaa. Polyrhachis dives hyv\u00e4ksyy molemmat eritt\u00e4in hyvin, ja ne tukevat pes\u00e4kkeen luonnollista ja my\u00f6nteist\u00e4 kehityst\u00e4 sis\u00e4lt\u00e4miens\u00e4 ravintoaineiden ansiosta.<\/p>\n<p><strong>Optimaaliset ilmasto-olosuhteet Polyrhachis-sukelluksille ovat seuraavat:<\/strong><br \/>\nKosteus:<br \/>\nAreena: 50 - 70% Pes\u00e4alue: 60 - 80%<br \/>\nL\u00e4mp\u00f6tila:<br \/>\nAreena: Y\u00f6ll\u00e4: 24 - 28\u00b0C Pes\u00e4alue: P\u00e4iv\u00e4ll\u00e4: 28 - 30\u00b0C Y\u00f6ll\u00e4: 24 - 28\u00b0C: 28- 30\u00b0C<\/p>\n<p><strong>Sis\u00e4lt\u00f6:<\/strong><\/p>\n<p>1x Polyrhachis dives (2 queens + 26-50 workers + brood)<br \/>\n1x pes\u00e4pallo luonnon 10 cm - karkea<br \/>\n1x ANTCUBE kulma-alusta 8\u00d78 - magneetti<br \/>\n1x Koristeellinen aavikkopensas 30x15cm - tummanruskea<br \/>\n1x honeydew mix t\u00e4ydennyspakkaus 10ml<br \/>\n1x Sirkkahillo 25g<br \/>\n1x Formicariumin pohja 20\u00d720<\/p>\n<p>1x ANTCUBE - Arena 20x20x40 - Korkea<br \/>\n1x muurahaisareenan kehys 20\u00d720<br \/>\n1x muurahaisareenan kansi 20\u00d720<br \/>\n4x kiinnityspiste areenan suojusta varten<\/p>\n<p>1x kasvualusta - sademets\u00e4 - 1 kg<br \/>\n1x valokuvan taustasein\u00e4 - sademets\u00e4 - 20\u00d740 - korkea<br \/>\n1x suihkepullo Suihkupullo 0,5 litraa - messinkinen suutin<\/p>\n<p>2x Grid insert acrylic &#8211; 50 mm with sealing ring<br \/>\n2x Grid insert acrylic &#8211; 27 mm with sealing ring<\/p>\n<p>1x jousiter\u00e4spinsetit leve\u00e4t - pehme\u00e4t<br \/>\n1x muovipinsetit vakio<br \/>\n1x Muovipipetti 3ml<br \/>\n1x Muurahaisten taudinpurkauksen torjunta\u00f6ljy 10ml<br \/>\n1x drinking clear 5ml &#8211; sponge<br \/>\n1x Feeding dish white rectangle &#8211; 3 compartments<br \/>\n1x Drinking trough 2ml &#8211; 360 Degrees<br \/>\n1x K\u00e4sisuurennuslasi - 2x - 30mm<br \/>\n1x vaahtomuovipyyhin 150x18x2,5mm<\/p>\n<p>&nbsp;<\/p>\n<p><strong>Kuvaus Starter set weaver ants:<\/strong><br \/>\nT\u00e4m\u00e4 laajennettava aloitussarja erilaisille kudontamuurahaislajeille, kuten Polyrhachis spec. tai Oecophylla spec., sis\u00e4lt\u00e4\u00e4 optimaalisesti mukautetun formikaarion lis\u00e4ksi my\u00f6s n\u00e4iden muurahaislajien pit\u00e4miseen tarvittavat lis\u00e4varusteet. Sopii enint\u00e4\u00e4n noin 500-1000 el\u00e4imen kolonioille. Suuremmille kolonioille suosittelemme 30x30x60cm kokoista formikaariota. \"Kirkas 20ml - sieni\" -juoma-astia on tarkoitettu vedelle, \"2ml - 360 astetta\" -juoma-astia hunajakasteseokselle.<\/p>\n<p><strong>T\u00e4rke\u00e4\u00e4:<\/strong> Kostuta alustaa ennen k\u00e4ytt\u00f6\u00e4, jotta seos voi sitoutua ja saada lujan otteen muurahaispes\u00e4ss\u00e4. Lis\u00e4ksi kuiva ja p\u00f6lyinen alusta voi johtaa muurahaisten hengitysteiden tukkeutumiseen ja pahimmassa tapauksessa el\u00e4inten tukehtumiseen.<\/p>\n<p><strong>Tuotantoa koskevat huomautukset<\/strong><br \/>\nLasi leikataan DIN 1249 -standardin mukaisesti +\/- 1 mm:n toleranssilla. Eritt\u00e4in pienille muurahaislajeille tarvitaan lis\u00e4suojausta.<\/p>\n<p><strong>Huomaa blanchoidut sirkat:<\/strong><br \/>\nBlanchoidut sirkkamme ovat helppo tapa tarjota muurahaisillesi tuoretta s\u00e4il\u00f6tty\u00e4 proteiiniruokaa ilman, ett\u00e4 sinun tarvitsee sy\u00f6tt\u00e4\u00e4 el\u00e4vi\u00e4 hy\u00f6nteisi\u00e4. Sis\u00e4lt\u00e4m\u00e4t sirkat (Acheta domesticus) on blanchoitu hell\u00e4varaisesti, jotta ravintoarvot, maku ja aromi s\u00e4ilyv\u00e4t. Lis\u00e4ksi hy\u00f6nteisten kitiininen kuori on pehmennetty t\u00e4ll\u00e4 tavoin, jotta se on helpommin sulavaa. Kollageeniproteiinien sidokset hajotetaan, jotta muurahaiset voivat hy\u00f6dynt\u00e4\u00e4 niit\u00e4 paremmin. Acheta domesticus -s\u00e4ilykkeill\u00e4 on sama ravintoarvo kuin el\u00e4vill\u00e4 sirkoilla, mutta ne ovat helpommin sulavia.<\/p>\n<p>Sirkat eiv\u00e4t sovellu el\u00e4v\u00e4\u00e4 ravintoa vaativien muurahaislajien mets\u00e4stykseen (esim. poneriinit, kuten Harpegnathos tai Odontomachus).<\/p>\n<p>Muita etuja:<br \/>\nTaatusti punkkivapaa<br \/>\nVoidaan annostella<br \/>\nSteriloitu ja imuroitu<br \/>\nIlman lis\u00e4aineita<br \/>\nSirkat, jotka ovat per\u00e4isin kest\u00e4v\u00e4st\u00e4, puhtaasti luonnonmukaisesta kasvatuksesta ja joita ruokitaan orgaanisella j\u00e4tteell\u00e4.<\/p>\n<p><strong>Huom:<\/strong><br \/>\nS\u00e4ilyy j\u00e4\u00e4kaapissa noin nelj\u00e4 p\u00e4iv\u00e4\u00e4 avaamisen j\u00e4lkeen. Pidempi s\u00e4ilyvyys pakastettuna.<\/p>\n<p><strong>Huomautus hunajakastikkeesta:<\/strong><br \/>\nSis\u00e4lt\u00f6: 10 ml<br \/>\nT\u00e4m\u00e4 on luonnontuote, jota olemme jalostaneet laboratoriossamme tehtyjen laajojen testien j\u00e4lkeen ja kehitt\u00e4neet muurahaisten hyvin hyv\u00e4ksym\u00e4ksi ruoaksi. Syyn\u00e4 on se, ett\u00e4 muurahaiset ja niiden aineenvaihdunta eiv\u00e4t hyv\u00e4ksy hyvin k\u00e4sittelem\u00e4t\u00f6nt\u00e4 hunajamehua sen alkuper\u00e4isess\u00e4, tiivistetyss\u00e4 muodossa.<br \/>\nHunajamehumme ker\u00e4ttiin Bulgarian saastuttamattomista luonnonvaraisista vuoristometsist\u00e4. Hunajakastetta tuotetaan vain hyvin rajoitetun ajan, noin kaksi kuukautta kes\u00e4ll\u00e4. Siksi se on hyvin harvinaista. Metsien maaper\u00e4n erityispiirteiden ja ilmaston vuoksi puiden lehtiin varastoituu v\u00e4ltt\u00e4m\u00e4tt\u00f6mi\u00e4 ravinteita, jotka kirvat imev\u00e4t itseens\u00e4. T\u00e4m\u00e4 tekee t\u00e4st\u00e4 hunajakasteseoksesta muurahaisten kannalta niin haluttavan.<\/p>\n<p><strong>Sovellus:<\/strong><br \/>\nRuokam\u00e4\u00e4r\u00e4 tulisi kuluttaa noin 3 p\u00e4iv\u00e4n kuluessa.<\/p>\n<p><strong>Kuvaus:<\/strong><br \/>\nToisin kuin kukkahunajaa, hunajamehua saadaan kasveja imevien hy\u00f6nteisten, kuten kirvojen, eritteist\u00e4. Kuusimehu on suosittu ravinnonl\u00e4hde monille hy\u00f6nteisille, kuten muurahaisille, mehil\u00e4isille ja kimalaisille. Mehil\u00e4iset ja kimalaiset nuolevat sit\u00e4 eri puiden lehdist\u00e4 tai neulasista. Muurahaiset, kuten Lasius niger, kirjaimellisesti pit\u00e4v\u00e4t kirvoja. Ne jopa puolustavat niit\u00e4 saalistajilta ja kuljettavat ne tuoreisiin versoihin.<\/p>\n<p>Hunajamehu on erityisen suosittua muurahaisten keskuudessa sen hieman erilaisten ainesosien vuoksi. Kuusimehun t\u00e4rkeimm\u00e4t sokerit ovat sakkaroosi ja fruktoosi, mutta siin\u00e4 on my\u00f6s pienempi\u00e4 m\u00e4\u00e4ri\u00e4 maltoosia, trehaloosia, melesitoosia, raffinoosia ja muita oligosakkarideja. Sokerin ja veden lis\u00e4ksi hunajakastike sis\u00e4lt\u00e4\u00e4 my\u00f6s v\u00e4ltt\u00e4m\u00e4tt\u00f6mi\u00e4 aminohappoja, kivenn\u00e4isaineita, hivenaineita, adenosiinia, fosfaatteja ja muita ainesosia, kuten vitamiineja.<\/p>\n<p><strong>K\u00e4yt\u00e4:<\/strong><br \/>\nHunajaa sy\u00f6vien muurahaislajien (Meliphagidae) osalta.<br \/>\nT\u00e4m\u00e4 on lis\u00e4rehu<br \/>\nSit\u00e4 voidaan tarjota el\u00e4imille toimitettuna. Koska kosteus v\u00e4hent\u00e4\u00e4 sokeripitoisuutta ja k\u00e4ymisprosessi alkaa, ruoka on vaihdettava 3 p\u00e4iv\u00e4n v\u00e4lein. Puhdista ruokintakuppi\/putki huolellisesti ennen uudelleenk\u00e4ytt\u00f6\u00e4.<br \/>\nKun pakkaus on avattu, se on s\u00e4ilytett\u00e4v\u00e4 tiiviisti suljettuna viimeiseen k\u00e4ytt\u00f6p\u00e4iv\u00e4\u00e4n asti.<br \/>\nRavintosis\u00e4lt\u00f6 100 g:aa kohti:<br \/>\nnoin 2,7 % rasvat<br \/>\njosta kyll\u00e4stetty noin 0,45 % %<br \/>\nnoin 95 % hiilihydraatteja.<br \/>\njosta sokeria noin 71<br \/>\nnoin 2,85% proteiinia<\/p>\n<p>Kivenn\u00e4isaineet (kalium, kalsium, kupari, rauta, natrium, magnesium, fosfori, sinkki ja muut hivenaineet). Aminohapot (proliini, leusiini, fenyylialaniini, alaniini, histidiini, isoleusiini, glutamiinihappo, arginiini, asparagiinihappo jne.) Orgaaniset hapot Entsyymit (fermentit)Aromit Inhibiinit (antibakteeriset aineet) Kukat Siitep\u00f6ly<\/p>\n<p><strong>Varastointi:<\/strong><br \/>\nRehun laadun varmistamiseksi rehu on s\u00e4ilytett\u00e4v\u00e4 pime\u00e4ss\u00e4 ja kuivassa paikassa.<\/p>\n<p><strong>Huom:<\/strong><br \/>\nTietoa sy\u00f6tt\u00f6letkujen k\u00e4yt\u00f6st\u00e4 l\u00f6ytyy t\u00e4\u00e4lt\u00e4: Linkki<br \/>\nHunajaa sy\u00f6vien muurahaisten lis\u00e4rehu.<br \/>\nKatso pakkausselosteesta koostumus, analyyttiset ainesosat, parasta ennen -p\u00e4iv\u00e4ys ja er\u00e4numero.<\/p>\n<p>Tietopuhelin +49 30 439703870<\/p>\n<p>Vastaava el\u00e4inl\u00e4\u00e4kint\u00e4- ja elintarvikevirasto:<br \/>\nSteglitzin el\u00e4inl\u00e4\u00e4k\u00e4rintoimisto<br \/>\nK\u00f6nigin-Luise-Str. 92<br \/>\n14195 Berliini<\/p>\n<p><strong>Kuvaus Koristepensas<\/strong><\/p>\n<p>Koko \/ korkeus 17 cm - 19 cm, halkaisija ~ 10 cm -12 cm, ihanteellinen 30x30x30 cm ja sit\u00e4 suuremmille areenoille.<br \/>\nPaino vaihtelee 50 ja 80 gramman v\u00e4lill\u00e4.<\/p>\n<p>Koriste-esine, joka koostuu luonnollisesti kuivatusta puupensaasta ja synteettisest\u00e4 hartsialustasta (pohjalevy).<br \/>\nT\u00e4m\u00e4 koristepensas on valmistettu k\u00e4sity\u00f6n\u00e4 Saksassa, joten sille on ominaista kest\u00e4vyys.<\/p>\n<p><strong>HUOMIO:<\/strong> \u00c4l\u00e4 sijoita eritt\u00e4in kosteaan formikariaan (yli 60% kosteus). Pensas voi alkaa homehtua. Eritt\u00e4in hyv\u00e4ll\u00e4 ilmanvaihdolla pensas voidaan sijoittaa my\u00f6s kosteampaan formikariaan.<\/p>\n<p>Jotkin koristepensaat eiv\u00e4t korkeutensa vuoksi seiso omillaan formicariumissa. T\u00e4ll\u00f6in on hy\u00f6dyllist\u00e4 peitt\u00e4\u00e4 tyvi hieman kasvualustalla tai sijoittaa tuote l\u00e4helle ulkolaseja.<\/p>\n<p><span data-text-color=\"alert\"><strong>T\u00c4RKE\u00c4 HUOMAUTUS ARTIKKELISTA:<\/strong><\/span><br \/>\nKoska kyseess\u00e4 on luonnontuote\/yksityiskappale, t\u00e4ss\u00e4 olevat kuvat eiv\u00e4t ole t\u00e4ysin identtisi\u00e4 saamasi tuotteen kanssa. Minipuun ja louhosliuskekivipohjalevyn koossa, muodossa ja v\u00e4riss\u00e4 voi olla poikkeamia. Takaamme vain tuotteen maksimikorkeuden.<\/p>\n<p>Tilaamalla t\u00e4m\u00e4n tuotteen hyv\u00e4ksyt ja hyv\u00e4ksyt edell\u00e4 mainitut mahdolliset poikkeamat tuotteen koossa, muodossa ja v\u00e4riss\u00e4 ostohetkell\u00e4.<\/p>","protected":false},"excerpt":{"rendered":"<p>Sarjassa on 31 osaa.<br \/>\nKoko: <strong>XL<\/strong><\/p>","protected":false},"featured_media":7116,"comment_status":"open","ping_status":"closed","template":"","meta":{"_acf_changed":false,"content-type":"","_monsterinsights_skip_tracking":false,"_monsterinsights_sitenote_active":false,"_monsterinsights_sitenote_note":"","_monsterinsights_sitenote_category":0},"product_brand":[],"product_cat":[355,354,73],"product_tag":[],"class_list":{"0":"post-6377","1":"product","2":"type-product","3":"status-publish","4":"has-post-thumbnail","6":"product_cat-bundle-offers","7":"product_cat-starter-sets-for-weaver-ants","8":"product_cat-starter-sets","10":"first","11":"instock","12":"taxable","13":"shipping-taxable","14":"purchasable","15":"product-type-simple"},"acf":[],"aioseo_notices":[],"jetpack_sharing_enabled":true,"_links":{"self":[{"href":"https:\/\/antcube.shop\/fi\/wp-json\/wp\/v2\/product\/6377","targetHints":{"allow":["GET"]}}],"collection":[{"href":"https:\/\/antcube.shop\/fi\/wp-json\/wp\/v2\/product"}],"about":[{"href":"https:\/\/antcube.shop\/fi\/wp-json\/wp\/v2\/types\/product"}],"replies":[{"embeddable":true,"href":"https:\/\/antcube.shop\/fi\/wp-json\/wp\/v2\/comments?post=6377"}],"wp:featuredmedia":[{"embeddable":true,"href":"https:\/\/antcube.shop\/fi\/wp-json\/wp\/v2\/media\/7116"}],"wp:attachment":[{"href":"https:\/\/antcube.shop\/fi\/wp-json\/wp\/v2\/media?parent=6377"}],"wp:term":[{"taxonomy":"product_brand","embeddable":true,"href":"https:\/\/antcube.shop\/fi\/wp-json\/wp\/v2\/product_brand?post=6377"},{"taxonomy":"product_cat","embeddable":true,"href":"https:\/\/antcube.shop\/fi\/wp-json\/wp\/v2\/product_cat?post=6377"},{"taxonomy":"product_tag","embeddable":true,"href":"https:\/\/antcube.shop\/fi\/wp-json\/wp\/v2\/product_tag?post=6377"}],"curies":[{"name":"wp","href":"https:\/\/api.w.org\/{rel}","templated":true}]}}