{"id":5936,"date":"2023-06-24T12:30:54","date_gmt":"2023-06-24T10:30:54","guid":{"rendered":"https:\/\/antcube.shop\/product\/antcube-starter-set-fur-ernteameisen-l-popcorn\/"},"modified":"2026-04-01T09:56:03","modified_gmt":"2026-04-01T07:56:03","slug":"antcube-starter-set-for-harvester-ants-l-popcorn","status":"publish","type":"product","link":"https:\/\/antcube.shop\/fi\/tuote\/antcube-starter-set-for-harvester-ants-l-popcorn\/","title":{"rendered":"ANTCUBE Starter Set for Harvester Ants &#8211; L"},"content":{"rendered":"<div class=\"tab-body active\">\n<p><strong>Sis\u00e4lt\u00f6:<\/strong><br \/>\n1x ANTCUBE - Arena 20x20x10 - tasainen<br \/>\n1x muurahaisareenan kehys 20\u00d720<br \/>\n1x muurahaisareenan kansi 20\u00d720<br \/>\n1x kiinnityspisteet areenan suojusta varten 4 kpl.<br \/>\n1x ANTCUBE - muurahaisfarmi - L - 20\u00d720 - pystyasennossa<\/p>\n<p>2x ANTCUBE - Digfix Terra nidum 20\u00d720 - L - beige<\/p>\n<p>1x 1m putki l\u00e4pin\u00e4kyv\u00e4 20\/16 mm<br \/>\n2x ANTCUBE - Punainen folio 20\u00d720 - suodatin<br \/>\n2x tarrakiinnikkeet - l\u00e4pin\u00e4kyv\u00e4 2 kpl.<br \/>\n1x substraatti - aavikko - 1 kg<\/p>\n<p>2x Grid insert acrylic &#8211; 50 mm with sealing ring<br \/>\n1x Grid insert acrylic &#8211; 27 mm with sealing ring<br \/>\n1x Grid cap &#8211; 10mm &#8211; stainless steel<\/p>\n<p>1x drinking clear 5ml &#8211; sponge<br \/>\n1x Feeding dish white rectangle &#8211; 3 compartments<\/p>\n<p>2x Foil thermometer &#8211; farm<br \/>\n1x Foil thermometer display<\/p>\n<p>1x s\u00e4ili\u00f6letkun liitin 27-14,16,20 mm - l\u00e4pin\u00e4kyv\u00e4<br \/>\n1x Muurahaisten pakenemissuoja\u00f6ljy 10ml<br \/>\n1x Pinsetit jousiter\u00e4st\u00e4 - leve\u00e4 - pehme\u00e4<br \/>\n1x Pinsetit muovinen l\u00e4pin\u00e4kyv\u00e4<br \/>\n1x Muovipipetti 3ml<br \/>\n1x k\u00e4sisuurennuslasi - 2x - 30mm<br \/>\n1x vaahtomuovipyyhin 150x18x2,5mm<br \/>\n1x valokuvaselk\u00e4 - aavikko - 20\u00d710<\/p>\n<p><strong>Kuvaus:<\/strong><br \/>\nThis starter set is especially suitable for grain-collecting ant species of the genus Messor or Pogonomyrmex. One of these farms is intended for storing grains\/seeds and ant bread. To prevent the stored grains\/seeds from germinating or molding, it should be kept completely dry.<br \/>\nThe second farm is intended as a nest and breeding area for the ant colony. It should always be kept slightly moist.<\/p>\n<p><strong>Terra nidum -levyn kuvaus:<\/strong> Kaivettavasta materiaalista valmistettu Terra nidum -levy (lat. maa-pes\u00e4) sopii t\u00e4ydellisesti ANTCUBE-muurahaisfarmeihimme. Sit\u00e4 voidaan k\u00e4ytt\u00e4\u00e4 sek\u00e4 kuivana ett\u00e4 m\u00e4rk\u00e4n\u00e4. Se sopii my\u00f6s monille muurahaislajeille, erityisesti hiekkaan ja (kuolleeseen) puuhun pesiville lajeille. Sit\u00e4 voidaan k\u00e4ytt\u00e4\u00e4 hiekka-saviseosten tai korkkipes\u00e4ainesten sijasta. T\u00e4m\u00e4n pes\u00e4n etuna on, ett\u00e4 levyn kostumista on helpompi valvoa selv\u00e4sti n\u00e4kyv\u00e4n v\u00e4rimuutoksen ansiosta ja levyn v\u00e4ritys tarjoaa super kontrastin yleens\u00e4 tummemmille muurahaislajeille. Lis\u00e4ksi muurahaispes\u00e4n sis\u00e4levyt eiv\u00e4t voi likaantua substraatilla, kuten esimerkiksi hiekka-saviseoksissa, mik\u00e4 mahdollistaa t\u00e4ydellisen n\u00e4kym\u00e4n pes\u00e4\u00e4n. Pes\u00e4materiaalimme on my\u00f6s rakenteeltaan paljon kiinte\u00e4mp\u00e4\u00e4, joten muurahaisten kaivamat tunnelit ja kammiot eiv\u00e4t romahda.<\/p>\n<p><strong>T\u00e4rke\u00e4\u00e4: <\/strong>Kostuta alustaa ennen k\u00e4ytt\u00f6\u00e4, jotta seos voi sitoutua ja saada lujan otteen muurahaispes\u00e4ss\u00e4. Lis\u00e4ksi kuiva ja p\u00f6lyinen alusta voi johtaa muurahaisten hengitysteiden tukkeutumiseen ja pahimmassa tapauksessa el\u00e4inten tukehtumiseen.<\/p>\n<p><strong>Suositus:<\/strong> Suosittelemme 2 mm:n korkuista substraattikerrosta, jotta el\u00e4imet eiv\u00e4t voi kaivautua areenalle, vaan k\u00e4ytt\u00e4v\u00e4t sit\u00e4 varten varattua tarhaa. Suosittelemme my\u00f6s, ett\u00e4 tarhassa oleva pes\u00e4materiaali (hiekka\/savi, Digfix jne.) on kevyesti pistetty yhteen paikkaan, jotta el\u00e4inten kaivaminen olisi helpompaa.<\/p>\n<p><strong>Tuotantoa koskevat huomautukset<\/strong><br \/>\nLasi on leikattu DIN 1249 -standardin mukaisesti +\/;- 1 mm:n toleranssilla. Eritt\u00e4in pienille muurahaislajeille tarvitaan ylim\u00e4\u00e4r\u00e4inen muurahaispoistosuoja.<\/p>\n<p><strong>Maatilaa koskevat muistiinpanot<\/strong><br \/>\nKun kiinnit\u00e4t tai irrotat letkuja, ota huomioon seuraavat asiat:<br \/>\nJos putkea on hyvin vaikea sovittaa liit\u00e4nt\u00e4muhviin, muhvi on hierottava kevyesti pisaralla irtoamissuoja\u00f6ljy\u00e4 tai -jauhetta. T\u00e4m\u00e4n j\u00e4lkeen letku on ty\u00f6nnett\u00e4v\u00e4 pistorasiaan kiert\u00e4m\u00e4ll\u00e4 tai ruuvaamalla ilman, ett\u00e4 pistorasiaa rasitetaan yl\u00f6s- ja alasp\u00e4in suuntautuvilla liikkeill\u00e4. Sama p\u00e4tee, kun letkut irrotetaan maatilan liit\u00e4nt\u00e4muhvista. \u00c4l\u00e4 yksinkertaisesti ved\u00e4 sit\u00e4 irti!<\/p>\n<p><strong>Huomautus Terra nidumista:<\/strong> Luonnollinen v\u00e4ris\u00e4vy voi vaihdella beigen\/hiekanv\u00e4risen ja vaaleanruskean v\u00e4lill\u00e4. V\u00e4ris\u00e4vyll\u00e4 ei ole vaikutusta laatuun.<br \/>\nValmistusprosessista johtuen mitat voivat vaihdella +\/- 1 mm.<\/p>\n<\/div>","protected":false},"excerpt":{"rendered":"<p>This set consists of 30 parts and is ideal for all grain-collecting ants species.<br \/>\nKoko: <span style=\"color: #0000ff;\"><strong>L<\/strong><\/span><\/p>","protected":false},"featured_media":5926,"comment_status":"open","ping_status":"closed","template":"","meta":{"_acf_changed":false,"content-type":"","_monsterinsights_skip_tracking":false,"_monsterinsights_sitenote_active":false,"_monsterinsights_sitenote_note":"","_monsterinsights_sitenote_category":0},"product_brand":[],"product_cat":[344,353,73,75],"product_tag":[],"class_list":{"0":"post-5936","1":"product","2":"type-product","3":"status-publish","4":"has-post-thumbnail","6":"product_cat-popcorn","7":"product_cat-starter-sets-for-harvester-ants","8":"product_cat-starter-sets","9":"product_cat-starter-sets-digfix","11":"first","12":"instock","13":"taxable","14":"shipping-taxable","15":"purchasable","16":"product-type-simple"},"acf":[],"aioseo_notices":[],"jetpack_sharing_enabled":true,"_links":{"self":[{"href":"https:\/\/antcube.shop\/fi\/wp-json\/wp\/v2\/product\/5936","targetHints":{"allow":["GET"]}}],"collection":[{"href":"https:\/\/antcube.shop\/fi\/wp-json\/wp\/v2\/product"}],"about":[{"href":"https:\/\/antcube.shop\/fi\/wp-json\/wp\/v2\/types\/product"}],"replies":[{"embeddable":true,"href":"https:\/\/antcube.shop\/fi\/wp-json\/wp\/v2\/comments?post=5936"}],"wp:featuredmedia":[{"embeddable":true,"href":"https:\/\/antcube.shop\/fi\/wp-json\/wp\/v2\/media\/5926"}],"wp:attachment":[{"href":"https:\/\/antcube.shop\/fi\/wp-json\/wp\/v2\/media?parent=5936"}],"wp:term":[{"taxonomy":"product_brand","embeddable":true,"href":"https:\/\/antcube.shop\/fi\/wp-json\/wp\/v2\/product_brand?post=5936"},{"taxonomy":"product_cat","embeddable":true,"href":"https:\/\/antcube.shop\/fi\/wp-json\/wp\/v2\/product_cat?post=5936"},{"taxonomy":"product_tag","embeddable":true,"href":"https:\/\/antcube.shop\/fi\/wp-json\/wp\/v2\/product_tag?post=5936"}],"curies":[{"name":"wp","href":"https:\/\/api.w.org\/{rel}","templated":true}]}}