{"id":5935,"date":"2023-06-24T12:30:33","date_gmt":"2023-06-24T10:30:33","guid":{"rendered":"https:\/\/antcube.shop\/product\/bundle-offer-messor-angularis\/"},"modified":"2025-10-19T06:01:04","modified_gmt":"2025-10-19T04:01:04","slug":"nipputarjous-messor-angularis","status":"publish","type":"product","link":"https:\/\/antcube.shop\/fi\/tuote\/nipputarjous-messor-angularis\/","title":{"rendered":"Pakettitarjous - Messor arenarius"},"content":{"rendered":"<div class=\"tab-body active\">\n<p><span data-text-color=\"secondary\"><strong>Pakettitarjous, joka sis\u00e4lt\u00e4\u00e4 Messor arenarius -muurahaispes\u00e4n (kuningatar + 5-10 ty\u00f6l\u00e4ist\u00e4 + poikaset), sadonkorjuumuurahaisten aloitussarjan L Popcorn, jossa on 3x formicarium-tyyny\u00e4 ja purkki erikoisvalmisteisia blanchoituja sirkkoja (kosteaa proteiinia).<\/strong><\/span><\/p>\n<p><span data-text-color=\"alert\"><strong>Vain niin kauan kuin varastoa riitt\u00e4\u00e4.<\/strong><\/span><\/p>\n<p><strong>Kaikki mit\u00e4 tarvitset Messor arenariuksen menestyksekk\u00e4\u00e4seen pit\u00e4miseen.<\/strong><br \/>\nT\u00e4m\u00e4 paketti sis\u00e4lt\u00e4\u00e4 kaiken, mit\u00e4 tarvitset Messor arenarius -siipikarjan menestyksekk\u00e4\u00e4seen pit\u00e4miseen ensimm\u00e4isten kuukausien ajan. Sit\u00e4 voidaan laajentaa joustavasti, ja se on ihanteellinen muurahaiskasvatuksen aloittamiseen.<\/p>\n<p><strong>Muurahaislajit: Messor arenarius<\/strong><br \/>\nMessor arenarius, joka tunnetaan my\u00f6s nimell\u00e4 \"dyynimuurahainen\", on muihin Messor-lajeihin verrattuna eritt\u00e4in suuri, rakeensy\u00f6j\u00e4 muurahaislaji, jota tavataan p\u00e4\u00e4asiassa Pohjois-Afrikan kuivilla ja l\u00e4mpimill\u00e4 alueilla. Niiden suuret ty\u00f6ntekij\u00e4t voivat saavuttaa h\u00e4mm\u00e4stytt\u00e4v\u00e4n 18 mm:n koon. Se tunnetaan sopeutumiskyvyst\u00e4\u00e4n kuiviin elinymp\u00e4rist\u00f6ihin, ja se kuuluu niin sanottuihin korjuumuurahaisiin, jotka tunnetaan mielenkiintoisesta el\u00e4m\u00e4ntavastaan ja vaikuttavista pes\u00e4rakenteistaan.<\/p>\n<p>Messor arenarius erottuu ulkon\u00e4\u00f6llisesti kiilt\u00e4v\u00e4n mustalla kehollaan ja voimakkaan kokoisilla suurilla ty\u00f6muurahaisillaan, jotka ovat erityisen vaikuttavia. Vankan luonteensa ja yksinkertaisten pitovaatimustensa vuoksi se on ihanteellinen laji aloittelijoille, mutta vaikuttavan kokonsa vuoksi se on kiinnostava my\u00f6s edistyneille muurahaiskasvattajille.<\/p>\n<p><strong>Messor arenariuksen ruoka<\/strong><br \/>\nMessor arenarius sy\u00f6 p\u00e4\u00e4asiassa jyvi\u00e4, joista se valmistaa niin sanottua muurahaisleip\u00e4\u00e4. Lis\u00e4ksi pes\u00e4 hyv\u00e4ksyy my\u00f6s makeita hedelmi\u00e4, pieni\u00e4 hy\u00f6nteisi\u00e4 ja valkuaisravintoa. Suurin osa niiden kosteustarpeesta katetaan jyvist\u00e4, loput hy\u00f6nteisist\u00e4 ja tarjotuista nesteist\u00e4, kuten hunajavedest\u00e4.<\/p>\n<p><strong>Formikariumissa olisi annettava seuraavaa rehua:<\/strong><br \/>\nViljasekoitukset<br \/>\nPienet hy\u00f6nteiset (esim. hedelm\u00e4k\u00e4rp\u00e4set)<br \/>\nTarjoa aina raikasta vett\u00e4<br \/>\nTarvittaessa hunajaista vett\u00e4 (huom: peit\u00e4 aina avoimet nesteet, jotta muurahaiset eiv\u00e4t p\u00e4\u00e4se putoamaan sis\u00e4\u00e4n).<\/p>\n<p><strong>Messor arenarius -lajin oikea kasvattamo<\/strong><br \/>\nKuten kaikki muurahaiset, my\u00f6s Messor arenarius tarvitsee pes\u00e4n, jossa on sek\u00e4 kuivia ett\u00e4 hieman kosteita alueita. Kostea alue on tarkoitettu pes\u00e4nhoitoa varten, kun taas kuiva osa on ihanteellinen jyvien s\u00e4ilytykseen homeen kasvun est\u00e4miseksi. Aloitussarjamme sis\u00e4lt\u00e4\u00e4 siis kaksi muurahaisfarmia (pes\u00e4\u00e4), jotka riitt\u00e4v\u00e4t ensimm\u00e4isten 1-2 vuoden ajaksi. Sen j\u00e4lkeen formikaria on laajennettava, jotta pes\u00e4kkeelle saadaan tilaa kasvaa.<\/p>\n<p><strong>Messor arenariuksen optimaaliset ilmasto-olosuhteet:<\/strong><br \/>\n<strong>Kosteus:<\/strong><br \/>\nAreena: %<br \/>\nPes\u00e4alue: 50-70 %<\/p>\n<p><strong>L\u00e4mp\u00f6tila:<\/strong><br \/>\nAreena: 25-30 \u00b0C<br \/>\nPes\u00e4alue: 22-28 \u00b0C<\/p>\n<p><strong>Messor arenariuksen pes\u00e4materiaali<\/strong><br \/>\nDigfix soveltuu erityisen hyvin Messor arenariuksen pitoon. Se kest\u00e4\u00e4 kosteutta ja mahdollistaa selke\u00e4n n\u00e4kym\u00e4n pes\u00e4rakenteisiin ilman, ett\u00e4 alustaj\u00e4\u00e4m\u00e4t haittaavat n\u00e4kym\u00e4\u00e4, kuten hiekka-saviseoksissa.<\/p>\n<p>Koska Major-ty\u00f6ntekij\u00e4t voivat ajan my\u00f6t\u00e4 nakertaa my\u00f6s kovempia materiaaleja, kuten Ytongia, suosittelemme lasipesi\u00e4, joissa on Digfix-lis\u00e4osa. T\u00e4m\u00e4 yhdistelm\u00e4 tarjoaa pitk\u00e4ik\u00e4isyyden lis\u00e4ksi my\u00f6s optimaaliset olosuhteet pes\u00e4kkeen tarkkailulle ja hoidolle.<\/p>\n<p>T\u00e4ll\u00e4 kokoonpanolla luot ihanteellisen perustan Messor arenariuksen pit\u00e4miselle ja voit tarkkailla ja hoitaa n\u00e4it\u00e4 kiehtovia muurahaisia monta vuotta.<\/p>\n<p><strong>Sis\u00e4lt\u00f6:<\/strong><br \/>\n1x Messor arenarius (kuningatar + 1-4 ty\u00f6l\u00e4ist\u00e4 + poikanen)<br \/>\n1x valkaistu sirkka 10g<br \/>\n1x viljaruoka minor 100g<br \/>\n1x formicarium-tyyny - 20x20cm<br \/>\n2x formicarium-tyyny - 20x6cm<\/p>\n<p>1x ANTCUBE - areena 20x20x10 - tasainen<br \/>\n1x muurahaisareenan kehys 20\u00d720<br \/>\n1x muurahaisareenan kansi 20\u00d720<br \/>\n1x kiinnityspisteet areenan suojukselle 4kpl.<br \/>\n1x ANTCUBE - muurahaisfarmi - L - 20\u00d720 - pystyasennossa<\/p>\n<p>2x ANTCUBE - Digfix Terra nidum 20\u00d720 - L - beige<br \/>\n1x Popcorn-pes\u00e4 20\u00d720 - L<br \/>\n1x 1m putki l\u00e4pin\u00e4kyv\u00e4 20\/16 mm<br \/>\n2x ANTCUBE - Punainen folio 20\u00d720 - suodatin<br \/>\n2x tarrakiinnikkeet - l\u00e4pin\u00e4kyv\u00e4 2 kpl.<br \/>\n1x substraatti - aavikko - 1 kg<\/p>\n<p>2x ritil\u00e4pelti - 50mm - ruostumaton ter\u00e4s<br \/>\n1x ritil\u00e4kotelo - 27mm - ruostumaton ter\u00e4s<br \/>\n1x ritil\u00e4korkki - 16mm - ruostumaton ter\u00e4s<\/p>\n<p>1x s\u00e4ili\u00f6letkun liitin 27-14,16,20 mm - l\u00e4pin\u00e4kyv\u00e4<br \/>\n1x sy\u00f6tt\u00f6annostelija 2ml - annosteltava<br \/>\n1x juomakaukalo kirkas 20ml - sieni<br \/>\n1x kulho kirkas 1\u00d720 - sieni<br \/>\n1x Mini l\u00e4mp\u00f6- ja kosteusmittari analoginen - n\u00e4ytt\u00f6 - ripustettava<br \/>\n1x Muurahaisten pakenemissuoja\u00f6ljy 10ml<br \/>\n1x Pinsetit jousiter\u00e4st\u00e4 - leve\u00e4 - pehme\u00e4<br \/>\n1x Pinsetit muovinen l\u00e4pin\u00e4kyv\u00e4<br \/>\n1x muovipipetti 3ml<br \/>\n1x k\u00e4sisuurennuslasi - 2x - 30mm<br \/>\n1x vaahtomuovipyyhin 150x18x2,5mm<br \/>\n1x valokuvaselk\u00e4 - aavikko - 20\u00d710<\/p>\n<p><strong>Kuvaus Starter Set:<\/strong><br \/>\nT\u00e4m\u00e4 aloitussarja soveltuu erityisesti Messor- tai Pogonomyrmex-sukujen viljaa ker\u00e4\u00e4ville muurahaislajeille. Maatila, jossa on popcorn-levy, on tarkoitettu siementen ja muurahaisleiv\u00e4n s\u00e4ilytykseen, ja sen on siksi pysytt\u00e4v\u00e4 t\u00e4ysin kuivana, jotta muurahaisten sinne varastoimat siemenet\/jyv\u00e4t eiv\u00e4t it\u00e4isi tai homehtuisi.<br \/>\nToinen tila, jossa on \"Terra nidum\" -levy, on tarkoitettu muurahaispes\u00e4n pes\u00e4- ja lis\u00e4\u00e4ntymisalueeksi. T\u00e4m\u00e4 on pidett\u00e4v\u00e4 aina hieman kosteana.<br \/>\nJotta voisit olla joustavampi, kun perustat formikaariosi, olemme toimittaneet mukaan toisen \"Terra nidum\" -levyn, jota voit k\u00e4ytt\u00e4\u00e4 popcorn-pes\u00e4n sijasta.<\/p>\n<p><strong>Terra nidum -levyn kuvaus:<\/strong> Kaivettavasta materiaalista valmistettu Terra nidum -levy (lat. maa-pes\u00e4) sopii t\u00e4ydellisesti ANTCUBE-muurahaisfarmeihimme. Sit\u00e4 voidaan k\u00e4ytt\u00e4\u00e4 sek\u00e4 kuivana ett\u00e4 m\u00e4rk\u00e4n\u00e4. Se sopii my\u00f6s monille muurahaislajeille, erityisesti hiekkaan ja (kuolleeseen) puuhun pesiville lajeille. Sit\u00e4 voidaan k\u00e4ytt\u00e4\u00e4 hiekka-saviseosten tai korkkipes\u00e4ainesten sijasta. T\u00e4m\u00e4n pes\u00e4n etuna on, ett\u00e4 levyn kostumista on helpompi valvoa selv\u00e4sti n\u00e4kyv\u00e4n v\u00e4rimuutoksen ansiosta ja levyn v\u00e4ritys tarjoaa super kontrastin yleens\u00e4 tummemmille muurahaislajeille. Lis\u00e4ksi muurahaispes\u00e4n sis\u00e4levyt eiv\u00e4t voi likaantua substraatilla, kuten esimerkiksi hiekka-saviseoksissa, mik\u00e4 mahdollistaa t\u00e4ydellisen n\u00e4kym\u00e4n pes\u00e4\u00e4n. Pes\u00e4materiaalimme on my\u00f6s rakenteeltaan paljon kiinte\u00e4mp\u00e4\u00e4, joten muurahaisten kaivamat tunnelit ja kammiot eiv\u00e4t romahda.<\/p>\n<p><strong>Popcorn-pes\u00e4n kuvaus:<\/strong> T\u00e4m\u00e4 popcorn-pes\u00e4, jossa on tehdasvalmisteisia k\u00e4yt\u00e4vi\u00e4 ja kammioita, soveltuu erinomaisesti esimerkiksi Messor-muurahaisille, mutta my\u00f6s muille viljaa ker\u00e4\u00e4ville muurahaislajeille. Siin\u00e4 on reik\u00e4, josta p\u00e4\u00e4see pes\u00e4\u00e4n. Popcorn-pes\u00e4 imee itseens\u00e4 kosteutta ja voi sen vuoksi laajentua, joten se on aina pidett\u00e4v\u00e4 kuivana. Messor barbarus hyv\u00e4ksyy ANTCUBE-popcorn-pes\u00e4mme eritt\u00e4in hyvin viljavarastoksi. Ajan my\u00f6t\u00e4 muurahaiset alkavat laajentaa popcorn-pes\u00e4\u00e4 ja sy\u00f6v\u00e4t tiens\u00e4 pes\u00e4materiaalin l\u00e4pi. Se tuoksuu karamellisoituneelta hunajalta ja on siksi hyvin houkutteleva.<\/p>\n<p>Popcorn-pes\u00e4\u00e4 tulisi k\u00e4ytt\u00e4\u00e4 vain sellaisille muurahaislajeille, jotka vaativat hyvin v\u00e4h\u00e4n tai ei lainkaan kosteutta pes\u00e4alueella.<\/p>\n<p><strong>T\u00e4rke\u00e4\u00e4:<\/strong> Kostuta alustaa ennen k\u00e4ytt\u00f6\u00e4, jotta seos voi sitoutua ja saada lujan otteen muurahaispes\u00e4ss\u00e4. Lis\u00e4ksi kuiva ja p\u00f6lyinen alusta voi johtaa muurahaisten hengitysteiden tukkeutumiseen ja pahimmassa tapauksessa el\u00e4inten tukehtumiseen.<\/p>\n<p><strong>Suositus:<\/strong> Suosittelemme 2 mm:n korkuista substraattikerrosta, jotta el\u00e4imet eiv\u00e4t voi kaivautua areenalle, vaan k\u00e4ytt\u00e4v\u00e4t sit\u00e4 varten varattua tarhaa. Suosittelemme my\u00f6s, ett\u00e4 tarhassa oleva pes\u00e4materiaali (hiekka\/savi, Digfix jne.) on kevyesti pistetty yhteen paikkaan, jotta el\u00e4inten kaivaminen olisi helpompaa.<\/p>\n<p><strong>Tuotantoa koskevat huomautukset<\/strong><br \/>\nLasi on leikattu DIN 1249 -standardin mukaisesti +\/;- 1 mm:n toleranssilla. Eritt\u00e4in pienille muurahaislajeille tarvitaan ylim\u00e4\u00e4r\u00e4inen muurahaispoistosuoja.<\/p>\n<p><strong>Maatilaa koskevat muistiinpanot<\/strong><br \/>\nKun kiinnit\u00e4t tai irrotat letkuja, ota huomioon seuraavat asiat:<br \/>\nJos putkea on hyvin vaikea sovittaa liit\u00e4nt\u00e4muhviin, muhvi on hierottava kevyesti pisaralla irtoamissuoja\u00f6ljy\u00e4 tai -jauhetta. T\u00e4m\u00e4n j\u00e4lkeen letku on ty\u00f6nnett\u00e4v\u00e4 pistorasiaan kiert\u00e4m\u00e4ll\u00e4 tai ruuvaamalla ilman, ett\u00e4 pistorasiaa rasitetaan yl\u00f6s- ja alasp\u00e4in suuntautuvilla liikkeill\u00e4. Sama p\u00e4tee, kun letkut irrotetaan maatilan liit\u00e4nt\u00e4muhvista. \u00c4l\u00e4 yksinkertaisesti ved\u00e4 sit\u00e4 irti!<\/p>\n<p><strong>Huomautus Terra nidumista:<\/strong> Luonnollinen v\u00e4ri voi vaihdella beigen\/hiekanv\u00e4risen ja vaaleanruskean v\u00e4lill\u00e4. V\u00e4ri ei vaikuta laatuun.<br \/>\nTuotantoprosessista johtuen mitat voivat vaihdella +\/- 1 mm.<\/p>\n<p><strong>Huomaa blanchoidut sirkat:<\/strong><br \/>\nBlanchoidut sirkkamme ovat helppo tapa tarjota muurahaisillesi tuoretta s\u00e4il\u00f6tty\u00e4 proteiiniruokaa ilman, ett\u00e4 sinun tarvitsee sy\u00f6tt\u00e4\u00e4 el\u00e4vi\u00e4 hy\u00f6nteisi\u00e4. Sis\u00e4lt\u00e4m\u00e4t sirkat (Acheta domesticus) on blanchoitu hell\u00e4varaisesti, jotta ravintoarvot, maku ja aromi s\u00e4ilyv\u00e4t. Lis\u00e4ksi hy\u00f6nteisten kitiininen kuori on pehmennetty t\u00e4ll\u00e4 tavoin, jotta se on helpommin sulavaa. Kollageeniproteiinien sidokset hajotetaan, jotta muurahaiset voivat hy\u00f6dynt\u00e4\u00e4 niit\u00e4 paremmin. Acheta domesticus -s\u00e4ilykkeill\u00e4 on sama ravintoarvo kuin el\u00e4vill\u00e4 sirkoilla, mutta ne ovat helpommin sulavia.<\/p>\n<p>Valkaistu sirkka ei sovellu el\u00e4v\u00e4\u00e4 ravintoa vaativien muurahaislajien mets\u00e4stykseen (esim. poneriinit kuten Harpegnathos tai Odontomachus).<\/p>\n<p><strong>Muita etuja:<\/strong><br \/>\nTaatusti punkkivapaa<br \/>\nVoidaan annostella<br \/>\nSteriloitu ja imuroitu<br \/>\nIlman lis\u00e4aineita<br \/>\nSirkat, jotka ovat per\u00e4isin kest\u00e4v\u00e4st\u00e4, puhtaasti luonnonmukaisesta kasvatuksesta ja joita ruokitaan orgaanisella j\u00e4tteell\u00e4.<\/p>\n<p><strong>Huom:<\/strong><br \/>\nS\u00e4ilyy j\u00e4\u00e4kaapissa noin nelj\u00e4 p\u00e4iv\u00e4\u00e4 avaamisen j\u00e4lkeen. Pidempi s\u00e4ilyvyys pakastettuna.<\/p>\n<\/div>","protected":false},"excerpt":{"rendered":"<p>Pakettitarjous, joka sis\u00e4lt\u00e4\u00e4 Messor arenarius -muurahaispes\u00e4n (kuningatar + 5-10 ty\u00f6l\u00e4ist\u00e4 + poikaset), sadonkorjuumuurahaisten aloitussarjan L Popcorn, jossa on 3x formicarium-tyyny\u00e4 ja purkki erikoisvalmisteisia blanchoituja sirkkoja (kosteaa proteiinia). Vain niin kauan kuin varastoja riitt\u00e4\u00e4. Kaikki mit\u00e4 tarvitset Messor arenariuksen menestykselliseen pitoon T\u00e4m\u00e4 paketti sis\u00e4lt\u00e4\u00e4 kaiken mit\u00e4 tarvitset","protected":false},"featured_media":10873,"comment_status":"open","ping_status":"closed","template":"","meta":{"_acf_changed":false,"content-type":"","_monsterinsights_skip_tracking":false,"_monsterinsights_sitenote_active":false,"_monsterinsights_sitenote_note":"","_monsterinsights_sitenote_category":0},"product_brand":[],"product_cat":[355,344,353,73],"product_tag":[],"class_list":{"0":"post-5935","1":"product","2":"type-product","3":"status-publish","4":"has-post-thumbnail","6":"product_cat-bundle-offers","7":"product_cat-popcorn","8":"product_cat-starter-sets-for-harvester-ants","9":"product_cat-starter-sets","11":"first","12":"outofstock","13":"taxable","14":"shipping-taxable","15":"purchasable","16":"product-type-simple"},"acf":[],"aioseo_notices":[],"jetpack_sharing_enabled":true,"_links":{"self":[{"href":"https:\/\/antcube.shop\/fi\/wp-json\/wp\/v2\/product\/5935","targetHints":{"allow":["GET"]}}],"collection":[{"href":"https:\/\/antcube.shop\/fi\/wp-json\/wp\/v2\/product"}],"about":[{"href":"https:\/\/antcube.shop\/fi\/wp-json\/wp\/v2\/types\/product"}],"replies":[{"embeddable":true,"href":"https:\/\/antcube.shop\/fi\/wp-json\/wp\/v2\/comments?post=5935"}],"wp:featuredmedia":[{"embeddable":true,"href":"https:\/\/antcube.shop\/fi\/wp-json\/wp\/v2\/media\/10873"}],"wp:attachment":[{"href":"https:\/\/antcube.shop\/fi\/wp-json\/wp\/v2\/media?parent=5935"}],"wp:term":[{"taxonomy":"product_brand","embeddable":true,"href":"https:\/\/antcube.shop\/fi\/wp-json\/wp\/v2\/product_brand?post=5935"},{"taxonomy":"product_cat","embeddable":true,"href":"https:\/\/antcube.shop\/fi\/wp-json\/wp\/v2\/product_cat?post=5935"},{"taxonomy":"product_tag","embeddable":true,"href":"https:\/\/antcube.shop\/fi\/wp-json\/wp\/v2\/product_tag?post=5935"}],"curies":[{"name":"wp","href":"https:\/\/api.w.org\/{rel}","templated":true}]}}