{"id":5934,"date":"2023-06-24T12:30:09","date_gmt":"2023-06-24T10:30:09","guid":{"rendered":"https:\/\/antcube.shop\/product\/antcube-terra-nidum-20x20-l-beige\/"},"modified":"2026-04-04T16:23:10","modified_gmt":"2026-04-04T14:23:10","slug":"antcube-terra-nidum-20x20-l-beige","status":"publish","type":"product","link":"https:\/\/antcube.shop\/fi\/tuote\/antcube-terra-nidum-20x20-l-beige\/","title":{"rendered":"ANTCUBE - Digfix Terra nidum 20\u00d720 - L - beige"},"content":{"rendered":"<p><strong>Mitat:<\/strong> 183x160x20 mm<\/p>\n<p><strong>Materiaali:<\/strong> kaivettava materiaali hartsipohjaisesti.<\/p>\n<p><strong>Kuvaus:<\/strong> Kaivettavasta materiaalista valmistettu Terra nidum (lat. maapes\u00e4) -levy sopii t\u00e4ydellisesti ANTCUBE-muurahaisfarmeihimme. Sit\u00e4 voidaan k\u00e4ytt\u00e4\u00e4 sek\u00e4 kuivana ett\u00e4 m\u00e4rk\u00e4n\u00e4. Se sopii my\u00f6s monille muurahaislajeille, erityisesti niille, jotka pesiv\u00e4t hiekassa ja (kuolleessa) puussa. Sit\u00e4 voidaan k\u00e4ytt\u00e4\u00e4 hiekka-saviseosten tai korkista valmistettujen pes\u00e4inserttien sijasta. T\u00e4m\u00e4n pes\u00e4n etuna on se, ett\u00e4 levyn kastumista on helpompi valvoa hyvin n\u00e4kyv\u00e4n v\u00e4rimuutoksen ansiosta ja levyn v\u00e4ritys tarjoaa super kontrastin yleens\u00e4 tummemmille muurahaislajeille. Lis\u00e4ksi muurahaispes\u00e4n sis\u00e4levyt eiv\u00e4t voi likaantua alustalla, kuten esimerkiksi hiekka-saviseoksissa, mik\u00e4 mahdollistaa t\u00e4ydellisen n\u00e4kym\u00e4n pes\u00e4\u00e4n. Pes\u00e4materiaalimme on my\u00f6s rakenteeltaan paljon kiinte\u00e4mp\u00e4\u00e4, joten muurahaisten kaivamat k\u00e4yt\u00e4v\u00e4t ja kammiot eiv\u00e4t romahda.<\/p>\n<p><strong>Huom:<\/strong> Luonnollinen v\u00e4ris\u00e4vy voi vaihdella beigen\/hiekan ja vaaleanruskean v\u00e4lill\u00e4. V\u00e4ris\u00e4vy ei vaikuta laatuun.<br \/>\nValmistuksesta johtuen mitat voivat vaihdella +\/- 1mm.<\/p>","protected":false},"excerpt":{"rendered":"<p>Koko: <strong>L<\/strong><\/p>","protected":false},"featured_media":5928,"comment_status":"open","ping_status":"closed","template":"","meta":{"_acf_changed":false,"content-type":"","_monsterinsights_skip_tracking":false,"_monsterinsights_sitenote_active":false,"_monsterinsights_sitenote_note":"","_monsterinsights_sitenote_category":0},"product_brand":[],"product_cat":[257,87,88],"product_tag":[],"class_list":{"0":"post-5934","1":"product","2":"type-product","3":"status-publish","4":"has-post-thumbnail","6":"product_cat-new-innovatve-products","7":"product_cat-nest-insets","8":"product_cat-digfix","10":"first","11":"instock","12":"taxable","13":"shipping-taxable","14":"purchasable","15":"product-type-simple"},"acf":[],"aioseo_notices":[],"jetpack_sharing_enabled":true,"_links":{"self":[{"href":"https:\/\/antcube.shop\/fi\/wp-json\/wp\/v2\/product\/5934","targetHints":{"allow":["GET"]}}],"collection":[{"href":"https:\/\/antcube.shop\/fi\/wp-json\/wp\/v2\/product"}],"about":[{"href":"https:\/\/antcube.shop\/fi\/wp-json\/wp\/v2\/types\/product"}],"replies":[{"embeddable":true,"href":"https:\/\/antcube.shop\/fi\/wp-json\/wp\/v2\/comments?post=5934"}],"wp:featuredmedia":[{"embeddable":true,"href":"https:\/\/antcube.shop\/fi\/wp-json\/wp\/v2\/media\/5928"}],"wp:attachment":[{"href":"https:\/\/antcube.shop\/fi\/wp-json\/wp\/v2\/media?parent=5934"}],"wp:term":[{"taxonomy":"product_brand","embeddable":true,"href":"https:\/\/antcube.shop\/fi\/wp-json\/wp\/v2\/product_brand?post=5934"},{"taxonomy":"product_cat","embeddable":true,"href":"https:\/\/antcube.shop\/fi\/wp-json\/wp\/v2\/product_cat?post=5934"},{"taxonomy":"product_tag","embeddable":true,"href":"https:\/\/antcube.shop\/fi\/wp-json\/wp\/v2\/product_tag?post=5934"}],"curies":[{"name":"wp","href":"https:\/\/api.w.org\/{rel}","templated":true}]}}