{"id":5475,"date":"2023-02-10T13:18:16","date_gmt":"2023-02-10T12:18:16","guid":{"rendered":"https:\/\/antcube.shop\/produkt\/popcorn-nest-20x20-l\/"},"modified":"2026-03-09T17:50:04","modified_gmt":"2026-03-09T16:50:04","slug":"popcorn-pesa-20x20-l","status":"publish","type":"product","link":"https:\/\/antcube.shop\/fi\/tuote\/popcorn-pesa-20x20-l\/","title":{"rendered":"Popcorn-pes\u00e4 20\u00d720 - L"},"content":{"rendered":"<p><strong>Mitat:<\/strong> 184 x 160 x 18 mm<\/p>\n<p><strong>Materiaali:<\/strong> sakkaroosilla ja proteiinilla puristetut popcornit<\/p>\n<p><strong>Sopii vain<\/strong> meid\u00e4n muurahaisfarmien koko <strong>L<\/strong><\/p>\n<p><strong>Kuvaus:<\/strong> T\u00e4m\u00e4 popcorn-pes\u00e4, jossa on tehdasvalmisteisia k\u00e4yt\u00e4vi\u00e4 ja kammioita, sopii erinomaisesti viljakammioksi esimerkiksi Messor-muurahaisille mutta my\u00f6s muille viljaa ker\u00e4\u00e4ville muurahaislajeille. Siin\u00e4 on reik\u00e4 pes\u00e4n sis\u00e4\u00e4nk\u00e4ynti\u00e4 varten. Popcorn-pes\u00e4 imee itseens\u00e4 kosteutta ja voi sen seurauksena laajentua, joten<strong> se on ehdottomasti pidett\u00e4v\u00e4 kuivana<\/strong>. Messor barbarus hyv\u00e4ksyy ANTCUBE Popcorn Nest -pes\u00e4mme eritt\u00e4in hyvin viljakammioksi. Ajan my\u00f6t\u00e4 muurahaiset alkavat laajentaa popcorn-pes\u00e4\u00e4 ja sy\u00f6v\u00e4t tiens\u00e4 pes\u00e4materiaalin l\u00e4pi.<\/p>\n<p>Popcorn-pes\u00e4\u00e4 tulisi k\u00e4ytt\u00e4\u00e4 vain sellaisille muurahaislajeille, jotka vaativat hyvin v\u00e4h\u00e4n tai ei lainkaan kosteutta pes\u00e4alueella.<\/p>","protected":false},"excerpt":{"rendered":"<p>Mitat: Soveltuu vain muurahaisviljelmillemme koko L Kuvaus: 184 x 160 x 18 mm Materiaali: sakkaroosilla ja proteiinilla puristettua popcornia: T\u00e4m\u00e4 popcorn-pes\u00e4, jossa on tehdasvalmisteisia k\u00e4yt\u00e4vi\u00e4 ja kammioita, sopii erinomaisesti viljakammioksi esimerkiksi Messor-muurahaisille mutta my\u00f6s muille viljaa ker\u00e4\u00e4ville muurahaislajeille. Siin\u00e4 on reik\u00e4 pes\u00e4n\u00e4","protected":false},"featured_media":5459,"comment_status":"open","ping_status":"closed","template":"","meta":{"_acf_changed":false,"content-type":"","_monsterinsights_skip_tracking":false,"_monsterinsights_sitenote_active":false,"_monsterinsights_sitenote_note":"","_monsterinsights_sitenote_category":0},"product_brand":[],"product_cat":[257,344,87],"product_tag":[],"class_list":{"0":"post-5475","1":"product","2":"type-product","3":"status-publish","4":"has-post-thumbnail","6":"product_cat-new-innovatve-products","7":"product_cat-popcorn","8":"product_cat-nest-insets","10":"first","11":"instock","12":"taxable","13":"shipping-taxable","14":"purchasable","15":"product-type-simple"},"acf":[],"aioseo_notices":[],"jetpack_sharing_enabled":true,"_links":{"self":[{"href":"https:\/\/antcube.shop\/fi\/wp-json\/wp\/v2\/product\/5475","targetHints":{"allow":["GET"]}}],"collection":[{"href":"https:\/\/antcube.shop\/fi\/wp-json\/wp\/v2\/product"}],"about":[{"href":"https:\/\/antcube.shop\/fi\/wp-json\/wp\/v2\/types\/product"}],"replies":[{"embeddable":true,"href":"https:\/\/antcube.shop\/fi\/wp-json\/wp\/v2\/comments?post=5475"}],"wp:featuredmedia":[{"embeddable":true,"href":"https:\/\/antcube.shop\/fi\/wp-json\/wp\/v2\/media\/5459"}],"wp:attachment":[{"href":"https:\/\/antcube.shop\/fi\/wp-json\/wp\/v2\/media?parent=5475"}],"wp:term":[{"taxonomy":"product_brand","embeddable":true,"href":"https:\/\/antcube.shop\/fi\/wp-json\/wp\/v2\/product_brand?post=5475"},{"taxonomy":"product_cat","embeddable":true,"href":"https:\/\/antcube.shop\/fi\/wp-json\/wp\/v2\/product_cat?post=5475"},{"taxonomy":"product_tag","embeddable":true,"href":"https:\/\/antcube.shop\/fi\/wp-json\/wp\/v2\/product_tag?post=5475"}],"curies":[{"name":"wp","href":"https:\/\/api.w.org\/{rel}","templated":true}]}}