{"id":5347,"date":"2023-01-17T17:36:25","date_gmt":"2023-01-17T16:36:25","guid":{"rendered":"https:\/\/antcube.shop\/produkt\/bundle-offer-messor-barbarus\/"},"modified":"2026-04-05T11:28:19","modified_gmt":"2026-04-05T09:28:19","slug":"bundle-offer-messor-barbarus","status":"publish","type":"product","link":"https:\/\/antcube.shop\/fi\/tuote\/bundle-offer-messor-barbarus\/","title":{"rendered":"Bundle Offer - Messor barbarus"},"content":{"rendered":"<p><span data-text-color=\"secondary\"><strong>Pakettitarjous sis\u00e4lt\u00e4\u00e4 Messor barbarus -muurahaispes\u00e4n (kuningatar + 11-25 ty\u00f6l\u00e4ist\u00e4 + poikaset), Messor spec. -muurahaisten aloitussetin, jossa on 3x formicarium-mattoa ja purkki erikoisvalmisteisia kokonaisia blanchoituja sirkkoja 10g (kostea proteiini).<\/strong><\/span><\/p>\n<p><span data-text-color=\"alert\"><strong>Vain niin kauan kuin varastoa riitt\u00e4\u00e4.<\/strong><\/span><\/p>\n<p><strong>Kaikki mit\u00e4 tarvitset Messor barbarus -muurahaispes\u00e4\u00e4 varten<\/strong><br \/>\nT\u00e4m\u00e4 paketti sis\u00e4lt\u00e4\u00e4 kaiken, mit\u00e4 tarvitset Messor barbarus -siipikarjan menestyksekk\u00e4\u00e4seen kasvattamiseen ensimm\u00e4isten kuukausien aikana. Se on joustavasti laajennettavissa ja sopii nimenomaan muurahaiskasvatuksen aloittelijoille.<\/p>\n<p><strong>Messor barbarus -muurahaislajit:<\/strong><br \/>\nMessor barbarus on V\u00e4limeren alueelta kotoisin oleva selv\u00e4sti granivorinen (jyv\u00e4sy\u00f6j\u00e4) muurahaislaji. Se kuuluu niin sanottuihin sadonkorjuumuurahaisiin, ja se on yksi muurahaiskasvattajien aloittelevista lajeista, koska sen vaatimukset ilmaston ja ravinnon suhteen ovat suhteellisen yksinkertaiset. V\u00e4rins\u00e4 ja minor-, media- ja major-ty\u00f6l\u00e4isten (pienempien ja suurempien) muodostumisensa vuoksi se on eritt\u00e4in j\u00e4nnitt\u00e4v\u00e4 tarkkailtava.<\/p>\n<p><strong>Messor barbarus -lajin ravinto<\/strong><br \/>\nLuonnossa Messor barbarus sy\u00f6 p\u00e4\u00e4asiassa jyvi\u00e4 ja valmistaa niist\u00e4 \"muurahaisleip\u00e4\u00e4\", mutta my\u00f6s makeat hedelm\u00e4t ja kuolleet hy\u00f6nteiset otetaan mielell\u00e4\u00e4n vastaan. Messor barbarus kattaa suuren osan kosteustarpeestaan jyvill\u00e4 ja loput hy\u00f6nteisill\u00e4. Formikariumissa voidaan antaa jyvi\u00e4 ja tarvittaessa hunajaa, valkuaisruokaa, hyvin pieni\u00e4 hy\u00f6nteisi\u00e4 tai hyytel\u00f6\u00e4. Hunajavesi hyv\u00e4ksyt\u00e4\u00e4n vain, jos nesteest\u00e4 on puutetta. Koska Messor-lajeilla on taipumus sukeltaa avoimiin vesil\u00e4hteisiin, ne olisi aina peitett\u00e4v\u00e4 kivill\u00e4 tai imukykyisell\u00e4 puuvillalla.<\/p>\n<p>Messor barbarus talvehtii noin marraskuun lopusta helmikuun loppuun. Toisin kuin esimerkiksi Lasius niger -lajin yksil\u00f6, sen aktiivisuus on t\u00e4n\u00e4 aikana kuitenkin huomattavasti v\u00e4hentynyt. Talviuniaika olisi vietett\u00e4v\u00e4 noin 15 \u00b0C:n l\u00e4mp\u00f6tilassa, sill\u00e4 Messor barbarusin alkuper\u00e4alueiden l\u00e4mp\u00f6tilat ovat hyvin harvoin alhaisemmat, jopa talvella. Voit yksinkertaisesti sijoittaa muurahaiset l\u00e4mmitt\u00e4m\u00e4tt\u00f6m\u00e4\u00e4n huoneeseen t\u00e4t\u00e4 tarkoitusta varten. On my\u00f6s raportteja pit\u00e4jist\u00e4, jotka pit\u00e4v\u00e4t Messor barbarus -muurahaisia ilman horrostilaa. T\u00e4m\u00e4 voi kuitenkin johtaa pes\u00e4kkeen elini\u00e4n lyhenemiseen tai hidastaa pes\u00e4n kehityst\u00e4. Talviunen aikana el\u00e4imi\u00e4 tarvitsee ruokkia vain v\u00e4h\u00e4n. Kosteus kannattaa kuitenkin tarkistaa s\u00e4\u00e4nn\u00f6llisesti ja varoa hometta!<\/p>\n<p><strong>Formicarium Messor barbarus -lajille<\/strong><br \/>\nKer\u00e4\u00e4j\u00e4muurahaiset tarvitsevat hieman kostean pes\u00e4alueen poikasille ja kuivan pes\u00e4alueen ker\u00e4ttyjen jyvien varastoimiseksi (kuivaa homekasvun est\u00e4miseksi). T\u00e4m\u00e4 onnistuu parhaiten kahdella erillisell\u00e4 pes\u00e4ll\u00e4, jotka sis\u00e4ltyv\u00e4t aloitussettiimme. T\u00e4m\u00e4 riitt\u00e4\u00e4 ainakin 1-2 vuodeksi. Sen j\u00e4lkeen sek\u00e4 pes\u00e4- ett\u00e4 areena-aluetta on laajennettava.<\/p>\n<p><strong>Messor barbarus -lajin optimaaliset ilmasto-olosuhteet ovat seuraavat:<\/strong><br \/>\nKosteus:<br \/>\nAreena: Pes\u00e4alue: 30 - 50%: 50 - 70%<br \/>\nL\u00e4mp\u00f6tila:<br \/>\nAreena: 25 - 30\u00b0C Pes\u00e4alue: 21 - 26\u00b0C<\/p>\n<p>Digfix on sopivin pes\u00e4materiaali. Se kest\u00e4\u00e4 hyvin kosteutta, ja se takaa sen, ett\u00e4 substraattij\u00e4\u00e4m\u00e4t eiv\u00e4t h\u00e4iritse n\u00e4kym\u00e4\u00e4 pes\u00e4\u00e4n ja sen sis\u00e4ll\u00e4 oleviin kammioihin ja k\u00e4yt\u00e4viin, kuten hiekka-saviseoksissa. Vahvojen leukojensa ansiosta majuri-ty\u00f6l\u00e4iset voivat my\u00f6s sy\u00f6d\u00e4 itsens\u00e4 Ytongin l\u00e4pi ajan mittaan ongelmitta. Digfix-inserteill\u00e4 varustetut lasipes\u00e4t ovat siksi paras ja turvallisin tapa pit\u00e4\u00e4 Messor angularis -mets\u00e4\u00e4.<\/p>\n<p><strong>Sis\u00e4lt\u00f6:<\/strong><\/p>\n<p>1x Messor barbarus (kuningatar + 11-25 ty\u00f6l\u00e4ist\u00e4 + poikanen)<br \/>\n1x Sirkkahillo 25g<br \/>\n1x Viljanruoka minor 100g<br \/>\n1x pad for formicariums &#8211; 20x20cm<br \/>\n2x pad for formicariums &#8211; 20x6cm<\/p>\n<p>1x ANTCUBE - areena 20x20x10 - tasainen<br \/>\n1x muurahaisareenan kehys 20\u00d720<br \/>\n1x muurahaisareenan kansi 20\u00d720<br \/>\n4x kiinnityspiste areenan suojusta varten<br \/>\n2x ANTCUBE - muurahaisfarmi - L - 20\u00d720 - pystyasennossa<\/p>\n<p>2x ANTCUBE - Digfix-levy 20\u00d720 - M<br \/>\n1x 1m putki l\u00e4pin\u00e4kyv\u00e4 14\/10 mm<br \/>\n2x ANTCUBE - Punainen folio 20\u00d720 - suodatin<br \/>\n2x tarrakiinnikkeet - l\u00e4pin\u00e4kyv\u00e4 2 kpl.<br \/>\n1x substraatti - aavikko - 1 kg<\/p>\n<p>2x grid insert &#8211; 50mm<br \/>\n1x grid insert &#8211; 27mm<br \/>\n1x ritil\u00e4korkki - 10mm - ruostumaton ter\u00e4s<\/p>\n<p>1x s\u00e4ili\u00f6letkun liitin 27-14,16,20 mm - l\u00e4pin\u00e4kyv\u00e4<br \/>\n1x drinking clear 5ml &#8211; sponge<br \/>\n1x Feeding dish white rectangle &#8211; 3 compartments<br \/>\n1x Foil thermometer display<br \/>\n2x Foil thermometer farm<br \/>\n1x Muurahaisten pakenemissuoja\u00f6ljy 10ml<br \/>\n1x Pinsetit jousiter\u00e4st\u00e4 - leve\u00e4 - pehme\u00e4<br \/>\n1x Pinsetit muovinen l\u00e4pin\u00e4kyv\u00e4<br \/>\n1x muovipipetti 3ml<br \/>\n1x k\u00e4sisuurennuslasi - 2x - 30mm<br \/>\n1x vaahtomuovipyyhin 150x18x2,5mm<br \/>\n1x valokuvaselk\u00e4 - aavikko - 20\u00d710<\/p>\n<p><strong>Kuvaus Starter Set:<\/strong><br \/>\nT\u00e4m\u00e4 aloitussarja sopii erityisesti Messor-suvun eri lajeille. Toinen kahdesta tarhasta on tarkoitettu siementen ja muurahaisleiv\u00e4n s\u00e4ilytykseen, ja se on siksi pidett\u00e4v\u00e4 t\u00e4ysin kuivana, jotta muurahaiset eiv\u00e4t it\u00e4isi tai homehtuisi sinne varastoimiaan siemeni\u00e4\/jyvi\u00e4.<br \/>\nDigfix-levyt voidaan asettaa t\u00e4ysin l\u00e4pin\u00e4kyviin tiloihin. Vaihtoehtoisesti voit kuitenkin my\u00f6s k\u00e4ytt\u00e4\u00e4 \"Soil - Desert\" -levyj\u00e4 maatilojen t\u00e4ytt\u00e4miseen. Tarvittaessa lis\u00e4moduuleja voidaan liitt\u00e4\u00e4 kannessa olevien 50 mm:n reikien kautta, esim. erikseen saatavia sumuttimia, tuulettimia tai valoja. Vaihtoehtoisesti sopivat ritil\u00e4sarjat aukkojen sulkemiseksi kuuluvat toimitukseen. Haluttaessa formicariumia voidaan k\u00e4ytt\u00e4\u00e4 my\u00f6s avoimena kiinnitt\u00e4m\u00e4ll\u00e4 irrotettava kehys ja levitt\u00e4m\u00e4ll\u00e4 reunaan muurahaiselta suojaavaa \u00f6ljy\u00e4.<\/p>\n<p><strong>T\u00e4rke\u00e4\u00e4:<\/strong> Kostuta alustaa ennen k\u00e4ytt\u00f6\u00e4, jotta seos voi sitoutua ja saada lujan otteen muurahaispes\u00e4ss\u00e4. Jos alusta on liian kuiva ja p\u00f6lyinen, muurahaisten hengitystiet voivat tukkeutua ja pahimmassa tapauksessa el\u00e4imet voivat tukehtua.<\/p>\n<p><strong>Suositus:<\/strong> Suosittelemme 2 mm:n korkuista substraattikerrosta, jotta el\u00e4imet eiv\u00e4t voi kaivautua areenalle, vaan k\u00e4ytt\u00e4v\u00e4t sit\u00e4 varten varattua tarhaa. Suosittelemme my\u00f6s, ett\u00e4 tarhassa oleva pes\u00e4materiaali (hiekka\/savi, Digfix jne.) on kevyesti pistetty yhteen paikkaan, jotta el\u00e4inten kaivaminen olisi helpompaa.<\/p>\n<p><strong>Tuotantoa koskevat huomautukset<\/strong><br \/>\nLasi on leikattu DIN 1249 -standardin mukaisesti +\/;- 1 mm:n toleranssilla. Eritt\u00e4in pienille muurahaislajeille tarvitaan ylim\u00e4\u00e4r\u00e4inen muurahaispoistosuoja.<\/p>\n<p><strong>Maatilaa koskevat muistiinpanot<\/strong><br \/>\nKun kiinnit\u00e4t tai irrotat letkuja, ota huomioon seuraavat asiat:<br \/>\nJos putkea on hyvin vaikea sovittaa liit\u00e4nt\u00e4muhviin, muhvi on hierottava kevyesti pisaralla irtoamissuoja\u00f6ljy\u00e4 tai -jauhetta. T\u00e4m\u00e4n j\u00e4lkeen letku on ty\u00f6nnett\u00e4v\u00e4 pistorasiaan kiert\u00e4m\u00e4ll\u00e4 tai ruuvaamalla ilman, ett\u00e4 pistorasiaa rasitetaan yl\u00f6s- ja alasp\u00e4in suuntautuvilla liikkeill\u00e4. Sama p\u00e4tee, kun letkut irrotetaan maatilan liit\u00e4nt\u00e4muhvista. \u00c4l\u00e4 yksinkertaisesti ved\u00e4 sit\u00e4 irti!<\/p>\n<p><strong>Digfixi\u00e4 koskeva huomautus:<\/strong> Luonnollinen v\u00e4ri voi vaihdella vihre\u00e4n\/harmaanruskean ja maanruskean v\u00e4lill\u00e4. V\u00e4ris\u00e4vyll\u00e4 ei ole vaikutusta laatuun.<\/p>\n<p><strong>Ohjeet: <\/strong>(Versio 2023, p\u00e4ivitetty versio vuodelle 2024 on saatavilla viimeist\u00e4\u00e4n 04\/2024).<br \/>\n<span data-sheets-root=\"1\" data-sheets-value=\"{&quot;1&quot;:2,&quot;2&quot;:&quot;DE Gebrauchsanweisung Starter Set Ernteameisen (PDF 2,50 MB)&quot;}\" data-sheets-userformat=\"{&quot;2&quot;:513,&quot;3&quot;:{&quot;1&quot;:0},&quot;12&quot;:0}\" data-sheets-hyperlink=\"https:\/\/www.antstore.net\/shop\/images\/info\/de\/Gebrauchsanweisung Starter Set Ernteameisen.pdf\" data-sheets-hyperlinkruns=\"{&quot;1&quot;:3,&quot;2&quot;:&quot;https:\/\/www.antstore.net\/shop\/images\/info\/de\/Gebrauchsanweisung Starter Set Ernteameisen.pdf&quot;}\uee10{&quot;1&quot;:46}\"><a class=\"in-cell-link\" href=\"https:\/\/www.antstore.net\/shop\/images\/info\/de\/Gebrauchsanweisung Starter Set Ernteameisen.pdf\" target=\"_blank\" rel=\"noopener\">- DE <\/a><a class=\"in-cell-link\" href=\"https:\/\/www.antstore.net\/shop\/images\/info\/de\/Gebrauchsanweisung Starter Set Ernteameisen.pdf\" target=\"_blank\" rel=\"noopener\">Gebrauchsanweisung Aloitussarja Ernteameisen<\/a><a class=\"in-cell-link\" href=\"https:\/\/www.antstore.net\/shop\/images\/info\/de\/Gebrauchsanweisung Starter Set Ernteameisen.pdf\" target=\"_blank\" rel=\"noopener\"> (PDF 2,50 MB)<\/a><\/span><br \/>\n<a href=\"https:\/\/www.antstore.net\/shop\/images\/info\/en\/Instructions%20for%20use%20-%20Starter%20Set%20for%20Harvester%20Ants.pdf\">- FI K\u00e4ytt\u00f6ohjeet - Starter Set for Harvester Ants (PDF 2,50 MB) (PDF 2,50 MB)<\/a><br \/>\n<a href=\"https:\/\/www.antstore.net\/shop\/images\/info\/es\/Manual%20de%20instrucciones%20-%20Set%20de%20inicio%20para%20las%20hormigas%20de%20la%20cosecha%20_%20messor.pdf\">- ES Manual de instrucciones - Set de inicio para las hormigas de la cosecha _ messor (PDF 2,50 MB)<\/a><br \/>\n<a href=\"https:\/\/www.antstore.net\/shop\/images\/info\/fr\/Manuel%20d'instruction%20-%20Kit%20de%20d%C3%A9marrage%20pour%20les%20fourmis%20moissonneuses_%20Messor.pdf\">- FR Manuel d'instruction - Kit de d\u00e9marrage pour les fourmis moissonneuses_ Messor (PDF 2,50 MB)<\/a><\/p>\n<p><strong>Muistiinpanoja krikettijamista:<\/strong><br \/>\nBlanchoidut sirkkamme ovat helppo tapa tarjota muurahaisillesi tuoretta s\u00e4il\u00f6tty\u00e4 proteiiniruokaa ilman, ett\u00e4 sinun tarvitsee sy\u00f6tt\u00e4\u00e4 el\u00e4vi\u00e4 hy\u00f6nteisi\u00e4. Sis\u00e4lt\u00e4m\u00e4t sirkat (Acheta domesticus) on blanchoitu hell\u00e4varaisesti, jotta ravintoarvot, maku ja aromi s\u00e4ilyv\u00e4t. Lis\u00e4ksi hy\u00f6nteisten kitiininen kuori on pehmennetty t\u00e4ll\u00e4 tavoin, jotta se on helpommin sulavaa. Kollageeniproteiinien sidokset hajotetaan, jotta muurahaiset voivat hy\u00f6dynt\u00e4\u00e4 niit\u00e4 paremmin. Acheta domesticus -s\u00e4ilykkeill\u00e4 on sama ravintoarvo kuin el\u00e4vill\u00e4 sirkoilla, mutta ne ovat helpommin sulavia.<\/p>\n<p>Cricket Jam ei sovellu sellaisten muurahaislajien mets\u00e4stykseen, jotka vaativat el\u00e4v\u00e4\u00e4 ravintoa (esim. poneriinit, kuten Harpegnathos tai Odontomachus).<\/p>\n<p><strong>Muita etuja:<\/strong><br \/>\nTaatusti punkkivapaa<br \/>\nVoidaan annostella ja laimentaa vedell\u00e4<br \/>\nSteriloitu ja tyhji\u00f6pakattu<br \/>\nIlman lis\u00e4aineita<br \/>\nSirkat, jotka ovat per\u00e4isin kest\u00e4v\u00e4st\u00e4, puhtaasti luonnonmukaisesta kasvatuksesta ja joita ruokitaan orgaanisella j\u00e4tteell\u00e4.<\/p>\n<p><strong>Huom:<\/strong><br \/>\nS\u00e4ilyy j\u00e4\u00e4kaapissa noin nelj\u00e4 p\u00e4iv\u00e4\u00e4 avaamisen j\u00e4lkeen. Pidempi s\u00e4ilyvyys pakastettuna.<br \/>\n<strong>Huomio:<\/strong> Annostele ensin ja pakasta sitten.<\/p>","protected":false},"excerpt":{"rendered":"<p>Sarja koostuu 39 osasta<br \/>\nKoko: M<\/p>","protected":false},"featured_media":7113,"comment_status":"open","ping_status":"closed","template":"","meta":{"_acf_changed":false,"content-type":"","_monsterinsights_skip_tracking":false,"_monsterinsights_sitenote_active":false,"_monsterinsights_sitenote_note":"","_monsterinsights_sitenote_category":0},"product_brand":[],"product_cat":[355,353,73],"product_tag":[],"class_list":{"0":"post-5347","1":"product","2":"type-product","3":"status-publish","4":"has-post-thumbnail","6":"product_cat-bundle-offers","7":"product_cat-starter-sets-for-harvester-ants","8":"product_cat-starter-sets","10":"first","11":"instock","12":"taxable","13":"shipping-taxable","14":"purchasable","15":"product-type-simple"},"acf":[],"aioseo_notices":[],"jetpack_sharing_enabled":true,"_links":{"self":[{"href":"https:\/\/antcube.shop\/fi\/wp-json\/wp\/v2\/product\/5347","targetHints":{"allow":["GET"]}}],"collection":[{"href":"https:\/\/antcube.shop\/fi\/wp-json\/wp\/v2\/product"}],"about":[{"href":"https:\/\/antcube.shop\/fi\/wp-json\/wp\/v2\/types\/product"}],"replies":[{"embeddable":true,"href":"https:\/\/antcube.shop\/fi\/wp-json\/wp\/v2\/comments?post=5347"}],"wp:featuredmedia":[{"embeddable":true,"href":"https:\/\/antcube.shop\/fi\/wp-json\/wp\/v2\/media\/7113"}],"wp:attachment":[{"href":"https:\/\/antcube.shop\/fi\/wp-json\/wp\/v2\/media?parent=5347"}],"wp:term":[{"taxonomy":"product_brand","embeddable":true,"href":"https:\/\/antcube.shop\/fi\/wp-json\/wp\/v2\/product_brand?post=5347"},{"taxonomy":"product_cat","embeddable":true,"href":"https:\/\/antcube.shop\/fi\/wp-json\/wp\/v2\/product_cat?post=5347"},{"taxonomy":"product_tag","embeddable":true,"href":"https:\/\/antcube.shop\/fi\/wp-json\/wp\/v2\/product_tag?post=5347"}],"curies":[{"name":"wp","href":"https:\/\/api.w.org\/{rel}","templated":true}]}}