{"id":4873,"date":"2022-12-07T14:03:10","date_gmt":"2022-12-07T13:03:10","guid":{"rendered":"https:\/\/antcube.shop\/produkt\/combi-balkon\/"},"modified":"2026-04-05T21:18:18","modified_gmt":"2026-04-05T19:18:18","slug":"combi-balkon","status":"publish","type":"product","link":"https:\/\/antcube.shop\/fi\/tuote\/combi-balkon\/","title":{"rendered":"Combi - Parveke"},"content":{"rendered":"<p style=\"margin-bottom: 0cm;\"><strong>Mitat:<\/strong> 19x6x8 cm<\/p>\n<p><strong>Materiaali:<\/strong> PMMA<\/p>\n<p><strong>V\u00e4ri:<\/strong> kristallinkirkas, l\u00e4pin\u00e4kyv\u00e4, l\u00e4pikuultava<\/p>\n<p><strong>Sis\u00e4lt\u00f6:<\/strong><br \/>\n1x pohjalevy<br \/>\n2x pidike kiinnike<br \/>\n1x ramppi kapea (pienille muurahaisille)<br \/>\n1x ramppi leve\u00e4 (suurille muurahaisille)<\/p>\n<p><strong>Huom:<\/strong> Osat toimitetaan pakettina tai liit\u00e4nt\u00e4j\u00e4rjestelm\u00e4n\u00e4. Liimausta ei tarvita.<\/p>\n<p><strong>Yhteys:<\/strong><br \/>\nVoidaan kytke\u00e4 kaikkiin Combi-areenoihin 20x20x20 cm, S, M, L.<\/p>\n<p><strong>Kuvaus:<\/strong> Combi-parveke kytket\u00e4\u00e4n yksinkertaisesti olemassa olevaan Arena Combi -parvekkeeseen. Parveke toimii areenan jatkeena ja helpottaa muurahaisten kiipe\u00e4mist\u00e4 yl\u00f6s tai alas areenan ylemm\u00e4lt\u00e4 pes\u00e4alueelta. Pienille muurahaislajeille, kuten Lasius nigerille, on kapea kiipeilyapu ja Camponotuksen kaltaisille lajeille leve\u00e4mpi. Korotettua alustaa voidaan k\u00e4ytt\u00e4\u00e4 ruokinta-alueena, jonne voidaan sijoittaa kulhoja tai juottimia. Se helpottaa hoito- ja huoltot\u00f6it\u00e4 yl\u00e4aukon l\u00e4heisyyden ansiosta ja pit\u00e4\u00e4 pohjasubstraatin vapaana ruokaj\u00e4tteist\u00e4. L\u00e4pin\u00e4kyv\u00e4n materiaalin ansiosta Combi Balcony sopii t\u00e4ydellisesti Combi Arenaan tukkimatta n\u00e4kym\u00e4\u00e4 pes\u00e4alueelle, ja se on my\u00f6s helppo puhdistaa.<\/p>\n<p style=\"margin-bottom: 0cm;\">","protected":false},"excerpt":{"rendered":"<p>Mitat: Materiaali: 19x6x8 cm: Materiaali: PMMA V\u00e4ri: kristallinkirkas, l\u00e4pin\u00e4kyv\u00e4, l\u00e4pikuultava: 1x pohjalevy 2x kiinnike 1x luiska kapea (pienille muurahaisille) 1x luiska leve\u00e4 (suurille muurahaisille) Huom: Osat toimitetaan sarjana tai pistokkeena. Liimausta ei tarvita. Liit\u00e4nt\u00e4: 20x20x20 cm:n kokoisiin Combi-areenoihin.","protected":false},"featured_media":4875,"comment_status":"open","ping_status":"closed","template":"","meta":{"_acf_changed":false,"content-type":"","_monsterinsights_skip_tracking":false,"_monsterinsights_sitenote_active":false,"_monsterinsights_sitenote_note":"","_monsterinsights_sitenote_category":0},"product_brand":[],"product_cat":[239],"product_tag":[],"class_list":{"0":"post-4873","1":"product","2":"type-product","3":"status-publish","4":"has-post-thumbnail","6":"product_cat-useful-additions","8":"first","9":"instock","10":"taxable","11":"shipping-taxable","12":"purchasable","13":"product-type-simple"},"acf":[],"aioseo_notices":[],"jetpack_sharing_enabled":true,"_links":{"self":[{"href":"https:\/\/antcube.shop\/fi\/wp-json\/wp\/v2\/product\/4873","targetHints":{"allow":["GET"]}}],"collection":[{"href":"https:\/\/antcube.shop\/fi\/wp-json\/wp\/v2\/product"}],"about":[{"href":"https:\/\/antcube.shop\/fi\/wp-json\/wp\/v2\/types\/product"}],"replies":[{"embeddable":true,"href":"https:\/\/antcube.shop\/fi\/wp-json\/wp\/v2\/comments?post=4873"}],"wp:featuredmedia":[{"embeddable":true,"href":"https:\/\/antcube.shop\/fi\/wp-json\/wp\/v2\/media\/4875"}],"wp:attachment":[{"href":"https:\/\/antcube.shop\/fi\/wp-json\/wp\/v2\/media?parent=4873"}],"wp:term":[{"taxonomy":"product_brand","embeddable":true,"href":"https:\/\/antcube.shop\/fi\/wp-json\/wp\/v2\/product_brand?post=4873"},{"taxonomy":"product_cat","embeddable":true,"href":"https:\/\/antcube.shop\/fi\/wp-json\/wp\/v2\/product_cat?post=4873"},{"taxonomy":"product_tag","embeddable":true,"href":"https:\/\/antcube.shop\/fi\/wp-json\/wp\/v2\/product_tag?post=4873"}],"curies":[{"name":"wp","href":"https:\/\/api.w.org\/{rel}","templated":true}]}}