{"id":4747,"date":"2022-11-14T15:08:27","date_gmt":"2022-11-14T14:08:27","guid":{"rendered":"https:\/\/antcube.shop\/produkt\/beckenverbinder-3-4-beidseitig-fur-bohrung-27-mm\/"},"modified":"2026-04-15T15:04:19","modified_gmt":"2026-04-15T13:04:19","slug":"altaan-liitin-27-mmn-porausreikaa-varten","status":"publish","type":"product","link":"https:\/\/antcube.shop\/fi\/tuote\/altaan-liitin-27-mmn-porausreikaa-varten\/","title":{"rendered":"Altaan liitin 3\/4\u2033 - molemmin puolin 27 mm:n porausrei\u00e4lle."},"content":{"rendered":"<p><strong>Mitat:<\/strong> 27mm:n poraus<\/p>\n<p><strong>Sis\u00e4lt\u00f6:<\/strong> 1x ruuvisovitin (<strong>HUOMIO<\/strong>: Kierteitetyt mutterit eiv\u00e4t sis\u00e4lly toimitukseen, katso kohta \"Aiheeseen liittyv\u00e4t tuotteet\").<\/p>\n<p><strong>Kuvaus:<\/strong> T\u00e4ll\u00e4 altaan liittimell\u00e4 voidaan yhdist\u00e4\u00e4 kaksi XL-kokoista allasta tai my\u00f6s kaksi XL-kokoista maatilaa toisiinsa. Reikien on oltava samalla korkeudella yhdistett\u00e4viss\u00e4 altaissa. Liitin ty\u00f6nnet\u00e4\u00e4n kummankin rei\u00e4n l\u00e4pi ja ruuvataan erikseen saatavalla vastamutterilla. N\u00e4in varmistetaan, ett\u00e4 liitos on katkeamattomana ja pit\u00e4\u00e4 varmasti my\u00f6s altaita siirrett\u00e4ess\u00e4.<\/p>\n<p>&nbsp;<\/p>","protected":false},"excerpt":{"rendered":"<p>Mitat: reik\u00e4\u00e4n 27mm Sis\u00e4lt\u00f6: (HUOMIO: Kierteitetyt mutterit eiv\u00e4t sis\u00e4lly, katso kohta \"Aiheeseen liittyv\u00e4t tuotteet\"): 1x ruuvisovitin (HUOM: Kierteitetyt mutterit eiv\u00e4t sis\u00e4lly, katso kohta \"Aiheeseen liittyv\u00e4t tuotteet\"). Kuvaus: T\u00e4ll\u00e4 altaan liittimell\u00e4 voidaan yhdist\u00e4\u00e4 kaksi allasta tai my\u00f6s kaksi XL-kokoista tilaa toisiinsa. Reikien on oltava samalla korkeudella altaissa, jotka haluat yhdist\u00e4\u00e4. .","protected":false},"featured_media":4755,"comment_status":"open","ping_status":"closed","template":"","meta":{"_acf_changed":false,"content-type":"","_monsterinsights_skip_tracking":false,"_monsterinsights_sitenote_active":false,"_monsterinsights_sitenote_note":"","_monsterinsights_sitenote_category":0},"product_brand":[],"product_cat":[121],"product_tag":[],"class_list":{"0":"post-4747","1":"product","2":"type-product","3":"status-publish","4":"has-post-thumbnail","6":"product_cat-connectors","8":"first","9":"instock","10":"taxable","11":"shipping-taxable","12":"purchasable","13":"product-type-simple"},"acf":[],"aioseo_notices":[],"jetpack_sharing_enabled":true,"_links":{"self":[{"href":"https:\/\/antcube.shop\/fi\/wp-json\/wp\/v2\/product\/4747","targetHints":{"allow":["GET"]}}],"collection":[{"href":"https:\/\/antcube.shop\/fi\/wp-json\/wp\/v2\/product"}],"about":[{"href":"https:\/\/antcube.shop\/fi\/wp-json\/wp\/v2\/types\/product"}],"replies":[{"embeddable":true,"href":"https:\/\/antcube.shop\/fi\/wp-json\/wp\/v2\/comments?post=4747"}],"wp:featuredmedia":[{"embeddable":true,"href":"https:\/\/antcube.shop\/fi\/wp-json\/wp\/v2\/media\/4755"}],"wp:attachment":[{"href":"https:\/\/antcube.shop\/fi\/wp-json\/wp\/v2\/media?parent=4747"}],"wp:term":[{"taxonomy":"product_brand","embeddable":true,"href":"https:\/\/antcube.shop\/fi\/wp-json\/wp\/v2\/product_brand?post=4747"},{"taxonomy":"product_cat","embeddable":true,"href":"https:\/\/antcube.shop\/fi\/wp-json\/wp\/v2\/product_cat?post=4747"},{"taxonomy":"product_tag","embeddable":true,"href":"https:\/\/antcube.shop\/fi\/wp-json\/wp\/v2\/product_tag?post=4747"}],"curies":[{"name":"wp","href":"https:\/\/api.w.org\/{rel}","templated":true}]}}