{"id":4745,"date":"2022-11-14T15:07:37","date_gmt":"2022-11-14T14:07:37","guid":{"rendered":"https:\/\/antcube.shop\/produkt\/rohrkappe-glasklar-fur-20mm\/"},"modified":"2026-04-05T21:18:17","modified_gmt":"2026-04-05T19:18:17","slug":"rohrkappe-glasklar-turkis-20mm","status":"publish","type":"product","link":"https:\/\/antcube.shop\/fi\/tuote\/rohrkappe-glasklar-turkis-20mm\/","title":{"rendered":"Putken korkki kristallinkirkas 20mm:lle"},"content":{"rendered":"<p><strong>Mitat<\/strong> (LxSxK): 1,9\u00d72,5\u00d72,5cm<br \/>\n<strong>Sis\u00e4halkaisija:<\/strong> 20mm<\/p>\n<p>Materiaali: Materiaali: Akryyli<br \/>\nV\u00e4ri: V\u00e4rit\u00f6n \/ l\u00e4pin\u00e4kyv\u00e4 \/ kirkas<\/p>\n<p>Sis\u00e4lt\u00f6: 1kpl.<\/p>\n<p>Tekniset tiedot:<br \/>\nPutkikorkki kristallinkirkas halkaisija 25mm 20mm putkelle.<\/p>\n<p><strong>Kuvaus:<\/strong><br \/>\nL\u00e4pin\u00e4kyv\u00e4st\u00e4 akryylist\u00e4 valmistettu putkikorkki akryyliputkien sulkemiseen.<\/p>\n<p><strong>Ilmoitus:<\/strong><br \/>\nHuomioi putkia asennettaessa seuraavat asiat:<br \/>\nAkryylin materiaaliominaisuuksien vuoksi painetta ja vipuvaikutusta on v\u00e4ltett\u00e4v\u00e4 kaikin keinoin. Jos liitt\u00e4minen on vaikeaa, liit\u00e4 varovaisin kiertoliikkein ja hiero tarvittaessa hieman rikkoutumisen est\u00e4v\u00e4\u00e4 \u00f6ljy\u00e4.<\/p>","protected":false},"excerpt":{"rendered":"<p>Dimensions (LxWxH): 1,9&#215;2,5&#215;2,5cm Inner diameter: 20mm Material: Acrylic Color: Colorless\/Transparent\/Clear Content: 1pcs. Technical specifications: Pipe cap crystal clear diameter 25mm for 20mm pipe. Description: Pipe cap made of transparent acrylic to close acrylic pipes. Notice: When mounting the pipes, please note the following: Due to the material properties of acrylic, pressure and leverage must be [&#8230;]","protected":false},"featured_media":4768,"comment_status":"open","ping_status":"closed","template":"","meta":{"_acf_changed":false,"content-type":"","_monsterinsights_skip_tracking":false,"_monsterinsights_sitenote_active":false,"_monsterinsights_sitenote_note":"","_monsterinsights_sitenote_category":0},"product_brand":[],"product_cat":[345],"product_tag":[],"class_list":{"0":"post-4745","1":"product","2":"type-product","3":"status-publish","4":"has-post-thumbnail","6":"product_cat-pipe-connectors","8":"first","9":"instock","10":"taxable","11":"shipping-taxable","12":"purchasable","13":"product-type-simple"},"acf":[],"aioseo_notices":[],"jetpack_sharing_enabled":true,"_links":{"self":[{"href":"https:\/\/antcube.shop\/fi\/wp-json\/wp\/v2\/product\/4745","targetHints":{"allow":["GET"]}}],"collection":[{"href":"https:\/\/antcube.shop\/fi\/wp-json\/wp\/v2\/product"}],"about":[{"href":"https:\/\/antcube.shop\/fi\/wp-json\/wp\/v2\/types\/product"}],"replies":[{"embeddable":true,"href":"https:\/\/antcube.shop\/fi\/wp-json\/wp\/v2\/comments?post=4745"}],"wp:featuredmedia":[{"embeddable":true,"href":"https:\/\/antcube.shop\/fi\/wp-json\/wp\/v2\/media\/4768"}],"wp:attachment":[{"href":"https:\/\/antcube.shop\/fi\/wp-json\/wp\/v2\/media?parent=4745"}],"wp:term":[{"taxonomy":"product_brand","embeddable":true,"href":"https:\/\/antcube.shop\/fi\/wp-json\/wp\/v2\/product_brand?post=4745"},{"taxonomy":"product_cat","embeddable":true,"href":"https:\/\/antcube.shop\/fi\/wp-json\/wp\/v2\/product_cat?post=4745"},{"taxonomy":"product_tag","embeddable":true,"href":"https:\/\/antcube.shop\/fi\/wp-json\/wp\/v2\/product_tag?post=4745"}],"curies":[{"name":"wp","href":"https:\/\/api.w.org\/{rel}","templated":true}]}}