{"id":4737,"date":"2022-11-14T15:05:30","date_gmt":"2022-11-14T14:05:30","guid":{"rendered":"https:\/\/antcube.shop\/produkt\/bohrungsadapter-50-auf-27mm-transparent\/"},"modified":"2026-04-20T09:58:23","modified_gmt":"2026-04-20T07:58:23","slug":"poraus-adapteri-50-27mm-lapinakyvaksi","status":"publish","type":"product","link":"https:\/\/antcube.shop\/fi\/tuote\/poraus-adapteri-50-27mm-lapinakyvaksi\/","title":{"rendered":"Porasovitin 50 - 27mm - l\u00e4pin\u00e4kyv\u00e4"},"content":{"rendered":"<p><strong>Sis\u00e4lt\u00f6:<\/strong><br \/>\n1x akryylilevy 50x4mm 27mm rei\u00e4ll\u00e4<br \/>\n1x liimakalvo l\u00e4pin\u00e4kyv\u00e4 60mm 27mm rei\u00e4ll\u00e4<\/p>\n<p><strong>Mitat:<\/strong> 60x4mm<\/p>\n<p><strong>Materiaali:<\/strong> PMMA, PP<\/p>\n<p><strong>V\u00e4ri:<\/strong> l\u00e4pin\u00e4kyv\u00e4 \/ kristallinkirkas<\/p>\n<p><strong>Kuvaus:<\/strong> Sovitin halkaisijaltaan 27 mm:n elementtien kiinnitt\u00e4miseen 50 mm:n reik\u00e4\u00e4n.<br \/>\nKorkealaatuinen l\u00e4pin\u00e4kyv\u00e4 50 \u00b5:n liimakalvo on naarmuuntumaton, sis\u00e4lt\u00e4\u00e4 UV-suojapinnoitteen ja on pysyv\u00e4sti liimautuva.<br \/>\nN\u00e4in saadaan turvallinen, luja ja visuaalisesti kaunis kiinnitys sovittimeen.<\/p>\n<p><strong>Huom:<\/strong> Porasovitinta ei saa kuormittaa vipuvaikutuksen aiheuttamalla pysyv\u00e4ll\u00e4 paineella, sill\u00e4 muuten se voi l\u00f6ysty\u00e4. Se soveltuu vain suoriin liitoksiin!<\/p>","protected":false},"excerpt":{"rendered":"<p>Sis\u00e4lt\u00f6: 1x akryylilevy 50x4mm 27mm rei\u00e4ll\u00e4 1x liimakalvo l\u00e4pin\u00e4kyv\u00e4 60mm 27mm rei\u00e4ll\u00e4 Mitat: 1x akryylilevy 50x4mm 27mm rei\u00e4ll\u00e4: Materiaali: 60x4mm: Materiaali: PMMA, PP V\u00e4ri: l\u00e4pin\u00e4kyv\u00e4 \/ kristallinkirkas Kuvaus: Adapteri elementtien kiinnitt\u00e4miseen, joiden halkaisija on 27mm 50mm reik\u00e4\u00e4n. Korkealaatuinen l\u00e4pin\u00e4kyv\u00e4 50\u00b5:n liimakalvo on naarmuuntumaton ja sis\u00e4lt\u00e4\u00e4 UV-suojapinnoitteen ja on","protected":false},"featured_media":4887,"comment_status":"open","ping_status":"closed","template":"","meta":{"_acf_changed":false,"content-type":"","_monsterinsights_skip_tracking":false,"_monsterinsights_sitenote_active":false,"_monsterinsights_sitenote_note":"","_monsterinsights_sitenote_category":0},"product_brand":[],"product_cat":[119,121],"product_tag":[],"class_list":{"0":"post-4737","1":"product","2":"type-product","3":"status-publish","4":"has-post-thumbnail","6":"product_cat-formicarium-components","7":"product_cat-connectors","9":"first","10":"instock","11":"taxable","12":"shipping-taxable","13":"purchasable","14":"product-type-simple"},"acf":[],"aioseo_notices":[],"jetpack_sharing_enabled":true,"_links":{"self":[{"href":"https:\/\/antcube.shop\/fi\/wp-json\/wp\/v2\/product\/4737","targetHints":{"allow":["GET"]}}],"collection":[{"href":"https:\/\/antcube.shop\/fi\/wp-json\/wp\/v2\/product"}],"about":[{"href":"https:\/\/antcube.shop\/fi\/wp-json\/wp\/v2\/types\/product"}],"replies":[{"embeddable":true,"href":"https:\/\/antcube.shop\/fi\/wp-json\/wp\/v2\/comments?post=4737"}],"wp:featuredmedia":[{"embeddable":true,"href":"https:\/\/antcube.shop\/fi\/wp-json\/wp\/v2\/media\/4887"}],"wp:attachment":[{"href":"https:\/\/antcube.shop\/fi\/wp-json\/wp\/v2\/media?parent=4737"}],"wp:term":[{"taxonomy":"product_brand","embeddable":true,"href":"https:\/\/antcube.shop\/fi\/wp-json\/wp\/v2\/product_brand?post=4737"},{"taxonomy":"product_cat","embeddable":true,"href":"https:\/\/antcube.shop\/fi\/wp-json\/wp\/v2\/product_cat?post=4737"},{"taxonomy":"product_tag","embeddable":true,"href":"https:\/\/antcube.shop\/fi\/wp-json\/wp\/v2\/product_tag?post=4737"}],"curies":[{"name":"wp","href":"https:\/\/api.w.org\/{rel}","templated":true}]}}