{"id":4731,"date":"2022-11-14T15:03:56","date_gmt":"2022-11-14T14:03:56","guid":{"rendered":"https:\/\/antcube.shop\/produkt\/rohrverbinder-glasklar-fur-32mm-i\/"},"modified":"2026-04-16T13:11:20","modified_gmt":"2026-04-16T11:11:20","slug":"putkiliitin-kristallinkirkas-32mm-i","status":"publish","type":"product","link":"https:\/\/antcube.shop\/fi\/tuote\/putkiliitin-kristallinkirkas-32mm-i\/","title":{"rendered":"Putkiliitin kristallinkirkas 32mm:lle - I"},"content":{"rendered":"<p><strong>Mitat (LxSxK):<\/strong> 4,7\u00d74,0x4,0cm<br \/>\n<strong>Sis\u00e4halkaisija:<\/strong> 32mm<\/p>\n<p><strong>Materiaali:<\/strong> Akryyli<\/p>\n<p><strong>V\u00e4ri:<\/strong> V\u00e4rit\u00f6n \/ l\u00e4pin\u00e4kyv\u00e4 \/ kirkas<\/p>\n<p><strong>Sis\u00e4lt\u00f6:<\/strong> 1kpl.<\/p>\n<p><strong>Tekniset tiedot:<\/strong><br \/>\nPutkiliitin muoto I akryyli halkaisija 40mm 32mm putkelle.<\/p>\n<p><strong>Kuvaus:<\/strong><br \/>\nL\u00e4pin\u00e4kyv\u00e4st\u00e4 akryylist\u00e4 valmistettu putkiliitin akryyliputkien yhdist\u00e4miseen.<\/p>\n<p><strong>Ilmoitus:<\/strong><br \/>\nHuomioi putkia kootessasi seuraavat seikat:<br \/>\nAkryylin materiaaliominaisuuksien vuoksi painetta ja vipuvaikutusta on v\u00e4ltett\u00e4v\u00e4 kaikin keinoin. Jos liitt\u00e4minen on vaikeaa, liit\u00e4 varovaisin kiertoliikkein ja hiero tarvittaessa hieman rikkoutumisen est\u00e4v\u00e4\u00e4 \u00f6ljy\u00e4.<\/p>","protected":false},"excerpt":{"rendered":"<p>Mitat (LxSxK): 6,0\u00d74,0\u00d76,0cm Sis\u00e4halkaisija: 32mm Materiaali: Materiaali: Akryyli V\u00e4ri: v\u00e4rit\u00f6n \/ l\u00e4pin\u00e4kyv\u00e4 \/ kirkas Sis\u00e4lt\u00f6: Sis\u00e4lt\u00f6: 1,5 mm: 1kpl. Tekniset tiedot: Tekniset tiedot: Putkiliitin muoto L akryyli halkaisija 40mm 32mm putkelle. Kuvaus: L\u00e4pin\u00e4kyv\u00e4st\u00e4 akryylist\u00e4 valmistettu putkiliitin akryyliputkien yhdist\u00e4miseen. Huom: Huomioi putkia kootessasi seuraavat seikat: Akryylin materiaaliominaisuuksien vuoksi paineen ja vipuvaikutuksen on [...]","protected":false},"featured_media":4903,"comment_status":"open","ping_status":"closed","template":"","meta":{"_acf_changed":false,"content-type":"","_monsterinsights_skip_tracking":false,"_monsterinsights_sitenote_active":false,"_monsterinsights_sitenote_note":"","_monsterinsights_sitenote_category":0},"product_brand":[],"product_cat":[345],"product_tag":[],"class_list":{"0":"post-4731","1":"product","2":"type-product","3":"status-publish","4":"has-post-thumbnail","6":"product_cat-pipe-connectors","8":"first","9":"instock","10":"taxable","11":"shipping-taxable","12":"purchasable","13":"product-type-simple"},"acf":[],"aioseo_notices":[],"jetpack_sharing_enabled":true,"_links":{"self":[{"href":"https:\/\/antcube.shop\/fi\/wp-json\/wp\/v2\/product\/4731","targetHints":{"allow":["GET"]}}],"collection":[{"href":"https:\/\/antcube.shop\/fi\/wp-json\/wp\/v2\/product"}],"about":[{"href":"https:\/\/antcube.shop\/fi\/wp-json\/wp\/v2\/types\/product"}],"replies":[{"embeddable":true,"href":"https:\/\/antcube.shop\/fi\/wp-json\/wp\/v2\/comments?post=4731"}],"wp:featuredmedia":[{"embeddable":true,"href":"https:\/\/antcube.shop\/fi\/wp-json\/wp\/v2\/media\/4903"}],"wp:attachment":[{"href":"https:\/\/antcube.shop\/fi\/wp-json\/wp\/v2\/media?parent=4731"}],"wp:term":[{"taxonomy":"product_brand","embeddable":true,"href":"https:\/\/antcube.shop\/fi\/wp-json\/wp\/v2\/product_brand?post=4731"},{"taxonomy":"product_cat","embeddable":true,"href":"https:\/\/antcube.shop\/fi\/wp-json\/wp\/v2\/product_cat?post=4731"},{"taxonomy":"product_tag","embeddable":true,"href":"https:\/\/antcube.shop\/fi\/wp-json\/wp\/v2\/product_tag?post=4731"}],"curies":[{"name":"wp","href":"https:\/\/api.w.org\/{rel}","templated":true}]}}