{"id":4722,"date":"2022-11-14T15:01:32","date_gmt":"2022-11-14T14:01:32","guid":{"rendered":"https:\/\/antcube.shop\/produkt\/becken-rohrverbinder-3-4-zu-50mm-gerade-transparent\/"},"modified":"2026-04-09T13:59:22","modified_gmt":"2026-04-09T11:59:22","slug":"allas-putki-liitin-3-4-50mm-suora-lapinakyva","status":"publish","type":"product","link":"https:\/\/antcube.shop\/fi\/tuote\/allas-putki-liitin-3-4-50mm-suora-lapinakyva\/","title":{"rendered":"Pesualtaan putkiliitin 3\/4\u2033 - 32mm - suora - l\u00e4pin\u00e4kyv\u00e4"},"content":{"rendered":"<p><strong>Mitat:<\/strong> 75x60x60mm<\/p>\n<p><strong>M\u00e4\u00e4r\u00e4:<\/strong> 1kpl<\/p>\n<p><strong>V\u00e4ri:<\/strong> l\u00e4pin\u00e4kyv\u00e4<\/p>\n<p><strong>Materiaali:<\/strong> muovi<\/p>\n<p><strong>Kuvaus:<\/strong> T\u00e4m\u00e4 altaan putkiliitin 3\/4\" sopii sek\u00e4 27 mm:n reik\u00e4\u00e4n ett\u00e4 32 mm:n putken ulkohalkaisijaan.<\/p>","protected":false},"excerpt":{"rendered":"<p>Mitat: M\u00e4\u00e4r\u00e4: 75x60x60mm: Materiaali: muovi Kuvaus: 1 kpl V\u00e4ri: l\u00e4pin\u00e4kyv\u00e4 Materiaali: muovi Kuvaus: 1 kpl: T\u00e4m\u00e4 altaan putkiliitin 3\/4\u2033 sopii 27mm reik\u00e4\u00e4n sek\u00e4 50mm putken ulkohalkaisijaan.<\/p>","protected":false},"featured_media":4915,"comment_status":"open","ping_status":"closed","template":"","meta":{"_acf_changed":false,"content-type":"","_monsterinsights_skip_tracking":false,"_monsterinsights_sitenote_active":false,"_monsterinsights_sitenote_note":"","_monsterinsights_sitenote_category":0},"product_brand":[],"product_cat":[345],"product_tag":[],"class_list":{"0":"post-4722","1":"product","2":"type-product","3":"status-publish","4":"has-post-thumbnail","6":"product_cat-pipe-connectors","8":"first","9":"instock","10":"taxable","11":"shipping-taxable","12":"purchasable","13":"product-type-simple"},"acf":[],"aioseo_notices":[],"jetpack_sharing_enabled":true,"_links":{"self":[{"href":"https:\/\/antcube.shop\/fi\/wp-json\/wp\/v2\/product\/4722","targetHints":{"allow":["GET"]}}],"collection":[{"href":"https:\/\/antcube.shop\/fi\/wp-json\/wp\/v2\/product"}],"about":[{"href":"https:\/\/antcube.shop\/fi\/wp-json\/wp\/v2\/types\/product"}],"replies":[{"embeddable":true,"href":"https:\/\/antcube.shop\/fi\/wp-json\/wp\/v2\/comments?post=4722"}],"wp:featuredmedia":[{"embeddable":true,"href":"https:\/\/antcube.shop\/fi\/wp-json\/wp\/v2\/media\/4915"}],"wp:attachment":[{"href":"https:\/\/antcube.shop\/fi\/wp-json\/wp\/v2\/media?parent=4722"}],"wp:term":[{"taxonomy":"product_brand","embeddable":true,"href":"https:\/\/antcube.shop\/fi\/wp-json\/wp\/v2\/product_brand?post=4722"},{"taxonomy":"product_cat","embeddable":true,"href":"https:\/\/antcube.shop\/fi\/wp-json\/wp\/v2\/product_cat?post=4722"},{"taxonomy":"product_tag","embeddable":true,"href":"https:\/\/antcube.shop\/fi\/wp-json\/wp\/v2\/product_tag?post=4722"}],"curies":[{"name":"wp","href":"https:\/\/api.w.org\/{rel}","templated":true}]}}