{"id":4720,"date":"2022-11-14T15:01:00","date_gmt":"2022-11-14T14:01:00","guid":{"rendered":"https:\/\/antcube.shop\/produkt\/formicarium-schraubbuchse-fur-50mm-bohrung-transparent\/"},"modified":"2025-10-19T12:40:25","modified_gmt":"2025-10-19T10:40:25","slug":"formicarium-ruuviholkki-50mm-reikaan-lapinakyvasti","status":"publish","type":"product","link":"https:\/\/antcube.shop\/fi\/tuote\/formicarium-ruuviholkki-50mm-reikaan-lapinakyvasti\/","title":{"rendered":"Formicarium ruuviholkki 50mm reik\u00e4\u00e4n - l\u00e4pin\u00e4kyv\u00e4"},"content":{"rendered":"<p><strong>Sis\u00e4lt\u00f6:<\/strong> 1 kpl.<\/p>\n<p><strong>Mitat:<\/strong> 68 x 68 x 46 mm (49 mm:n pistorasia)<\/p>\n<p><strong>Materiaali:<\/strong> Muovi<\/p>\n<p><strong>V\u00e4ri:<\/strong> L\u00e4pin\u00e4kyv\u00e4<\/p>\n<p><strong>Kuvaus:<\/strong><br \/>\nT\u00e4m\u00e4 tuote on lantioputken liitin.<br \/>\nNoin 50 mm:n putkiliittimet, voit liitt\u00e4\u00e4 useampia 50 mm:n putkia tai useampia Formicarien-putkia t\u00e4m\u00e4n lantion putkiliittimen avulla.<br \/>\nOn my\u00f6s mahdollista liitt\u00e4\u00e4 60 mm:n putki (60\/56 mm) 50 mm:n tiivisterenkaan kautta.<br \/>\nTai jos kyseess\u00e4 on kansi, voidaan k\u00e4ytt\u00e4\u00e4 valaisimiin sopivia posliinipistorasioita.<\/p>\n<p><strong>Ilmoitus:<\/strong><br \/>\nKoska t\u00e4m\u00e4n pistorasian halkaisija on vain 49 mm 50 mm:n sijasta, tarvitset tiivisterenkaat tai k\u00e4\u00e4reet kristallinkirkkaasta liimakalvosta, jotta saat 50 mm:n halkaisijan tiukkaa liitosta varten.<\/p>","protected":false},"excerpt":{"rendered":"<p>Sis\u00e4lt\u00f6: 1 kpl. Mitat: Materiaali: 68 x 68 x 46 mm (49mm pistorasia): Materiaali: Muovi V\u00e4ri: L\u00e4pin\u00e4kyv\u00e4 Kuvaus: Materiaali: Muovi: T\u00e4m\u00e4 tuote on lantioputken liitin. Vastaavista putkiliittimist\u00e4 50mm, voit liitt\u00e4\u00e4 useampia putkia 50mm tai useampia Formicarien t\u00e4m\u00e4n lantion putkiliittimen avulla. Vaihtoehtoisesti on my\u00f6s mahdollista liitt\u00e4\u00e4 60mm putki (60\/56mm) kautta","protected":false},"featured_media":4924,"comment_status":"open","ping_status":"closed","template":"","meta":{"_acf_changed":false,"content-type":"","_monsterinsights_skip_tracking":false,"_monsterinsights_sitenote_active":false,"_monsterinsights_sitenote_note":"","_monsterinsights_sitenote_category":0},"product_brand":[],"product_cat":[345],"product_tag":[],"class_list":{"0":"post-4720","1":"product","2":"type-product","3":"status-publish","4":"has-post-thumbnail","6":"product_cat-pipe-connectors","8":"first","9":"outofstock","10":"taxable","11":"shipping-taxable","12":"purchasable","13":"product-type-simple"},"acf":[],"aioseo_notices":[],"jetpack_sharing_enabled":true,"_links":{"self":[{"href":"https:\/\/antcube.shop\/fi\/wp-json\/wp\/v2\/product\/4720","targetHints":{"allow":["GET"]}}],"collection":[{"href":"https:\/\/antcube.shop\/fi\/wp-json\/wp\/v2\/product"}],"about":[{"href":"https:\/\/antcube.shop\/fi\/wp-json\/wp\/v2\/types\/product"}],"replies":[{"embeddable":true,"href":"https:\/\/antcube.shop\/fi\/wp-json\/wp\/v2\/comments?post=4720"}],"wp:featuredmedia":[{"embeddable":true,"href":"https:\/\/antcube.shop\/fi\/wp-json\/wp\/v2\/media\/4924"}],"wp:attachment":[{"href":"https:\/\/antcube.shop\/fi\/wp-json\/wp\/v2\/media?parent=4720"}],"wp:term":[{"taxonomy":"product_brand","embeddable":true,"href":"https:\/\/antcube.shop\/fi\/wp-json\/wp\/v2\/product_brand?post=4720"},{"taxonomy":"product_cat","embeddable":true,"href":"https:\/\/antcube.shop\/fi\/wp-json\/wp\/v2\/product_cat?post=4720"},{"taxonomy":"product_tag","embeddable":true,"href":"https:\/\/antcube.shop\/fi\/wp-json\/wp\/v2\/product_tag?post=4720"}],"curies":[{"name":"wp","href":"https:\/\/api.w.org\/{rel}","templated":true}]}}