{"id":4718,"date":"2022-11-14T15:00:29","date_gmt":"2022-11-14T14:00:29","guid":{"rendered":"https:\/\/antcube.shop\/produkt\/dschungelliane-o-10-mm\/"},"modified":"2026-03-23T09:46:08","modified_gmt":"2026-03-23T08:46:08","slug":"viidakko-lianas-10-mm","status":"publish","type":"product","link":"https:\/\/antcube.shop\/fi\/tuote\/viidakko-lianas-10-mm\/","title":{"rendered":"Viidakkoliaanit - \u00d8 10 mm"},"content":{"rendered":"<p><strong>Kuvaus:<\/strong><br \/>\nT\u00e4m\u00e4 luonnollisen n\u00e4k\u00f6inen k\u00f6ynn\u00f6s tarjoaa erinomaisen tuen, ja se on eritt\u00e4in joustava ja k\u00e4\u00e4ntyv\u00e4. T\u00e4m\u00e4n vuoksi se on ihanteellinen puissa asuville muurahaislajeille ja kiipe\u00e4misen apuv\u00e4lineeksi akryyliputkissa ja formikarioissa. K\u00e4ytt\u00e4m\u00e4ll\u00e4 liaania luodaan kolmiulotteinen elinymp\u00e4rist\u00f6, joka tarjoaa enemm\u00e4n tilaa liikkumiselle. Lis\u00e4ksi liaanit on helppo puhdistaa niiden vett\u00e4 hylkiv\u00e4n materiaalin ansiosta.<\/p>\n<p><strong>Mitat:<\/strong><br \/>\n200 x 1 x 1 cm<\/p>\n<p>&nbsp;<\/p>\n<p>&nbsp;<\/p>","protected":false},"excerpt":{"rendered":"<p>Koko: 200 x 1 x 1 cm<\/p>","protected":false},"featured_media":4937,"comment_status":"open","ping_status":"closed","template":"","meta":{"_acf_changed":false,"content-type":"","_monsterinsights_skip_tracking":false,"_monsterinsights_sitenote_active":false,"_monsterinsights_sitenote_note":"","_monsterinsights_sitenote_category":0},"product_brand":[],"product_cat":[95,98,100],"product_tag":[],"class_list":{"0":"post-4718","1":"product","2":"type-product","3":"status-publish","4":"has-post-thumbnail","6":"product_cat-accessories-for-ants","7":"product_cat-decoration","8":"product_cat-rainforest","10":"first","11":"instock","12":"taxable","13":"shipping-taxable","14":"purchasable","15":"product-type-simple"},"acf":[],"aioseo_notices":[],"jetpack_sharing_enabled":true,"_links":{"self":[{"href":"https:\/\/antcube.shop\/fi\/wp-json\/wp\/v2\/product\/4718","targetHints":{"allow":["GET"]}}],"collection":[{"href":"https:\/\/antcube.shop\/fi\/wp-json\/wp\/v2\/product"}],"about":[{"href":"https:\/\/antcube.shop\/fi\/wp-json\/wp\/v2\/types\/product"}],"replies":[{"embeddable":true,"href":"https:\/\/antcube.shop\/fi\/wp-json\/wp\/v2\/comments?post=4718"}],"wp:featuredmedia":[{"embeddable":true,"href":"https:\/\/antcube.shop\/fi\/wp-json\/wp\/v2\/media\/4937"}],"wp:attachment":[{"href":"https:\/\/antcube.shop\/fi\/wp-json\/wp\/v2\/media?parent=4718"}],"wp:term":[{"taxonomy":"product_brand","embeddable":true,"href":"https:\/\/antcube.shop\/fi\/wp-json\/wp\/v2\/product_brand?post=4718"},{"taxonomy":"product_cat","embeddable":true,"href":"https:\/\/antcube.shop\/fi\/wp-json\/wp\/v2\/product_cat?post=4718"},{"taxonomy":"product_tag","embeddable":true,"href":"https:\/\/antcube.shop\/fi\/wp-json\/wp\/v2\/product_tag?post=4718"}],"curies":[{"name":"wp","href":"https:\/\/api.w.org\/{rel}","templated":true}]}}