{"id":4712,"date":"2022-11-14T14:58:33","date_gmt":"2022-11-14T13:58:33","guid":{"rendered":"https:\/\/antcube.shop\/produkt\/humus-ziegel-brick-650g-ergibt-8-9l\/"},"modified":"2026-04-03T21:16:09","modified_gmt":"2026-04-03T19:16:09","slug":"humus-brick-650g-resulting-in-8-9l","status":"publish","type":"product","link":"https:\/\/antcube.shop\/fi\/tuote\/humus-brick-650g-resulting-in-8-9l\/","title":{"rendered":"Humus tiili 650g - tuloksena 8-9l."},"content":{"rendered":"<p><strong>Sis\u00e4lt\u00f6 \/ m\u00e4\u00e4r\u00e4:<\/strong> 650 g tekee 8-10 litraa.<\/p>\n<p><strong>Kuvaus:<\/strong> Formicarium Humus koostuu luonnon kookoskuituhumuksesta, joka on puristettu tiiliksi. Kun humustiili yhdistet\u00e4\u00e4n veteen, se paisuu noin 8-10-kertaiseksi tilavuuteensa n\u00e4hden. T\u00e4m\u00e4 kaivautuva formicarium-humus on erinomaista trooppisten alueiden muurahaisille, ja sit\u00e4 voidaan k\u00e4ytt\u00e4\u00e4 sek\u00e4 kuivana ett\u00e4 kosteana. Formicarium-humus on puhdas luonnontuote, taatusti vapaa kemikaaleista, torjunta-aineista ja lannoitteista ja 100% kompostoituva.<\/p>\n<p>- 100% valmistettu kasvipohjaisista uusiutuvista raaka-aineista.<br \/>\n- korkea imukyky<br \/>\n- suuri veden varastointikapasiteetti<\/p>\n<p><strong>Ohjeet:<\/strong> liota tiilt\u00e4 4-5 litrassa l\u00e4mmint\u00e4 vett\u00e4 astiassa noin 20-30 minuuttia. Jos tiili ei ole viel\u00e4 t\u00e4ysin liuennut, hajota loput k\u00e4sin. Purista tarvittaessa ylim\u00e4\u00e4r\u00e4inen vesi pois humuksesta.<\/p>","protected":false},"excerpt":{"rendered":"<p>Sis\u00e4lt\u00f6 \/ tilavuus: 650 g tekee 8-10 litraa. Kuvaus: Formicarium Humus koostuu luonnon kookoskuituhumuksesta, joka on puristettu tiiliskiveksi. Kun humustiili yhdistet\u00e4\u00e4n veteen, se paisuu noin 8-10-kertaiseksi tilavuuteensa n\u00e4hden. T\u00e4m\u00e4 kaivautuva formicarium-humus on erinomaista trooppisten alueiden muurahaisille, ja sit\u00e4 voidaan k\u00e4ytt\u00e4\u00e4 sek\u00e4 kuivana ett\u00e4","protected":false},"featured_media":4811,"comment_status":"open","ping_status":"closed","template":"","meta":{"_acf_changed":false,"content-type":"","_monsterinsights_skip_tracking":false,"_monsterinsights_sitenote_active":false,"_monsterinsights_sitenote_note":"","_monsterinsights_sitenote_category":0},"product_brand":[],"product_cat":[96],"product_tag":[],"class_list":{"0":"post-4712","1":"product","2":"type-product","3":"status-publish","4":"has-post-thumbnail","6":"product_cat-soil","8":"first","9":"instock","10":"taxable","11":"shipping-taxable","12":"purchasable","13":"product-type-simple"},"acf":[],"aioseo_notices":[],"jetpack_sharing_enabled":true,"_links":{"self":[{"href":"https:\/\/antcube.shop\/fi\/wp-json\/wp\/v2\/product\/4712","targetHints":{"allow":["GET"]}}],"collection":[{"href":"https:\/\/antcube.shop\/fi\/wp-json\/wp\/v2\/product"}],"about":[{"href":"https:\/\/antcube.shop\/fi\/wp-json\/wp\/v2\/types\/product"}],"replies":[{"embeddable":true,"href":"https:\/\/antcube.shop\/fi\/wp-json\/wp\/v2\/comments?post=4712"}],"wp:featuredmedia":[{"embeddable":true,"href":"https:\/\/antcube.shop\/fi\/wp-json\/wp\/v2\/media\/4811"}],"wp:attachment":[{"href":"https:\/\/antcube.shop\/fi\/wp-json\/wp\/v2\/media?parent=4712"}],"wp:term":[{"taxonomy":"product_brand","embeddable":true,"href":"https:\/\/antcube.shop\/fi\/wp-json\/wp\/v2\/product_brand?post=4712"},{"taxonomy":"product_cat","embeddable":true,"href":"https:\/\/antcube.shop\/fi\/wp-json\/wp\/v2\/product_cat?post=4712"},{"taxonomy":"product_tag","embeddable":true,"href":"https:\/\/antcube.shop\/fi\/wp-json\/wp\/v2\/product_tag?post=4712"}],"curies":[{"name":"wp","href":"https:\/\/api.w.org\/{rel}","templated":true}]}}