{"id":4711,"date":"2022-11-14T14:58:17","date_gmt":"2022-11-14T13:58:17","guid":{"rendered":"https:\/\/antcube.shop\/produkt\/bodengrund-sand-lehm-rot-1000g\/"},"modified":"2026-04-19T23:53:22","modified_gmt":"2026-04-19T21:53:22","slug":"bodengrund-sand-lehm-rot-1000g","status":"publish","type":"product","link":"https:\/\/antcube.shop\/fi\/tuote\/bodengrund-sand-lehm-rot-1000g\/","title":{"rendered":"Substraatti - Hiekka-Loam punainen - 1000g"},"content":{"rendered":"<p><strong>Sis\u00e4lt\u00f6:<\/strong> 1000g<\/p>\n<p><strong>Materiaali:<\/strong> hiekka, savi<\/p>\n<p><strong>V\u00e4ri:<\/strong> punainen<\/p>\n<p><strong>Sekoitussuhde:<\/strong> diggable<\/p>\n<p><strong>Kuvaus:<\/strong> T\u00e4m\u00e4 valmis hiekka-saviseos on puhdas luonnontuote. V\u00e4ritys ja lujuus johtuvat luonnollisesta savimullasta, joka on el\u00e4imille vaaratonta.<\/p>\n<p><strong>Sovellus:<\/strong> kaivettava multa, voidaan k\u00e4ytt\u00e4\u00e4 pes\u00e4- ja areena-alueena!<\/p>\n<p><strong>Huom:<\/strong> koska kyseess\u00e4 on puhtaasti luonnontuote, v\u00e4riss\u00e4 ja rakenteessa voi olla pieni\u00e4 eroja, joihin emme voi vaikuttaa.<\/p>\n<p><strong>T\u00e4rke\u00e4\u00e4:<\/strong> Kostuta alustaa ennen k\u00e4ytt\u00f6\u00e4, jotta seos voi yhdisty\u00e4 ja saada lujan pidon muurahaispes\u00e4ss\u00e4. Lis\u00e4ksi liian kuiva ja p\u00f6lyinen alusta voi aiheuttaa muurahaisten hengitysteiden tukkeutumisen ja pahimmassa tapauksessa el\u00e4inten tukehtumisen.<\/p>","protected":false},"excerpt":{"rendered":"<p>Luonnollinen kasvualusta - kaivettava<\/p>","protected":false},"featured_media":5722,"comment_status":"open","ping_status":"closed","template":"","meta":{"_acf_changed":false,"content-type":"","_monsterinsights_skip_tracking":false,"_monsterinsights_sitenote_active":false,"_monsterinsights_sitenote_note":"","_monsterinsights_sitenote_category":0},"product_brand":[],"product_cat":[95,96],"product_tag":[],"class_list":{"0":"post-4711","1":"product","2":"type-product","3":"status-publish","4":"has-post-thumbnail","6":"product_cat-accessories-for-ants","7":"product_cat-soil","9":"first","10":"instock","11":"taxable","12":"shipping-taxable","13":"purchasable","14":"product-type-simple"},"acf":[],"aioseo_notices":[],"jetpack_sharing_enabled":true,"_links":{"self":[{"href":"https:\/\/antcube.shop\/fi\/wp-json\/wp\/v2\/product\/4711","targetHints":{"allow":["GET"]}}],"collection":[{"href":"https:\/\/antcube.shop\/fi\/wp-json\/wp\/v2\/product"}],"about":[{"href":"https:\/\/antcube.shop\/fi\/wp-json\/wp\/v2\/types\/product"}],"replies":[{"embeddable":true,"href":"https:\/\/antcube.shop\/fi\/wp-json\/wp\/v2\/comments?post=4711"}],"wp:featuredmedia":[{"embeddable":true,"href":"https:\/\/antcube.shop\/fi\/wp-json\/wp\/v2\/media\/5722"}],"wp:attachment":[{"href":"https:\/\/antcube.shop\/fi\/wp-json\/wp\/v2\/media?parent=4711"}],"wp:term":[{"taxonomy":"product_brand","embeddable":true,"href":"https:\/\/antcube.shop\/fi\/wp-json\/wp\/v2\/product_brand?post=4711"},{"taxonomy":"product_cat","embeddable":true,"href":"https:\/\/antcube.shop\/fi\/wp-json\/wp\/v2\/product_cat?post=4711"},{"taxonomy":"product_tag","embeddable":true,"href":"https:\/\/antcube.shop\/fi\/wp-json\/wp\/v2\/product_tag?post=4711"}],"curies":[{"name":"wp","href":"https:\/\/api.w.org\/{rel}","templated":true}]}}