{"id":4710,"date":"2022-11-14T14:58:00","date_gmt":"2022-11-14T13:58:00","guid":{"rendered":"https:\/\/antcube.shop\/produkt\/bodengrund-sand-lehm-weis-1000g\/"},"modified":"2026-04-15T09:42:23","modified_gmt":"2026-04-15T07:42:23","slug":"substraatti-hiekka-vaahtomuovi-valkoinen-1000g","status":"publish","type":"product","link":"https:\/\/antcube.shop\/fi\/tuote\/substraatti-hiekka-vaahtomuovi-valkoinen-1000g\/","title":{"rendered":"Alusta - hiekka-vaahto valkoinen - 1000g"},"content":{"rendered":"<p><strong>Sis\u00e4lt\u00f6:<\/strong> 1000g<\/p>\n<p><strong>Materiaali:<\/strong> hiekka, kalkki, kalkkisideaine<\/p>\n<p><strong>V\u00e4ri:<\/strong> valkoinen<\/p>\n<p><strong>Sekoitussuhde:<\/strong> diggable<\/p>\n<p><strong>Kuvaus:<\/strong> T\u00e4m\u00e4 valmis hiekka-saviseos on puhdas luonnontuote. V\u00e4riaine on per\u00e4isin valkoisesta kalkkihiekasta. Vahvuus tulee sitovasta kalkkiseoksesta, joka on vaaraton el\u00e4imille.<\/p>\n<p><strong>Sovellus:<\/strong> Kaivumulta, voidaan k\u00e4ytt\u00e4\u00e4 pes\u00e4- ja areena-alueella! On lis\u00e4\u00e4ntynyt lujuus verrattuna maa-ainesmaahan beige, my\u00f6s kosteassa tilassa.<\/p>\n<p><strong>Huom:<\/strong> koska kyseess\u00e4 on puhtaasti luonnontuote, v\u00e4riss\u00e4 ja rakenteessa voi olla pieni\u00e4 eroja, joihin emme voi vaikuttaa.<\/p>\n<p><strong>T\u00e4rke\u00e4\u00e4:<\/strong> Kostuta alustaa ennen k\u00e4ytt\u00f6\u00e4, jotta seos voi yhdisty\u00e4 ja saada lujan pidon muurahaispes\u00e4ss\u00e4. Lis\u00e4ksi liian kuiva ja p\u00f6lyinen alusta voi aiheuttaa muurahaisten hengitysteiden tukkeutumisen ja pahimmassa tapauksessa el\u00e4inten tukehtumisen.<\/p>","protected":false},"excerpt":{"rendered":"<p>Luonnollinen kasvualusta - kaivettava<\/p>","protected":false},"featured_media":5725,"comment_status":"open","ping_status":"closed","template":"","meta":{"_acf_changed":false,"content-type":"","_monsterinsights_skip_tracking":false,"_monsterinsights_sitenote_active":false,"_monsterinsights_sitenote_note":"","_monsterinsights_sitenote_category":0},"product_brand":[],"product_cat":[95,96],"product_tag":[],"class_list":{"0":"post-4710","1":"product","2":"type-product","3":"status-publish","4":"has-post-thumbnail","6":"product_cat-accessories-for-ants","7":"product_cat-soil","9":"first","10":"instock","11":"taxable","12":"shipping-taxable","13":"purchasable","14":"product-type-simple"},"acf":[],"aioseo_notices":[],"jetpack_sharing_enabled":true,"_links":{"self":[{"href":"https:\/\/antcube.shop\/fi\/wp-json\/wp\/v2\/product\/4710","targetHints":{"allow":["GET"]}}],"collection":[{"href":"https:\/\/antcube.shop\/fi\/wp-json\/wp\/v2\/product"}],"about":[{"href":"https:\/\/antcube.shop\/fi\/wp-json\/wp\/v2\/types\/product"}],"replies":[{"embeddable":true,"href":"https:\/\/antcube.shop\/fi\/wp-json\/wp\/v2\/comments?post=4710"}],"wp:featuredmedia":[{"embeddable":true,"href":"https:\/\/antcube.shop\/fi\/wp-json\/wp\/v2\/media\/5725"}],"wp:attachment":[{"href":"https:\/\/antcube.shop\/fi\/wp-json\/wp\/v2\/media?parent=4710"}],"wp:term":[{"taxonomy":"product_brand","embeddable":true,"href":"https:\/\/antcube.shop\/fi\/wp-json\/wp\/v2\/product_brand?post=4710"},{"taxonomy":"product_cat","embeddable":true,"href":"https:\/\/antcube.shop\/fi\/wp-json\/wp\/v2\/product_cat?post=4710"},{"taxonomy":"product_tag","embeddable":true,"href":"https:\/\/antcube.shop\/fi\/wp-json\/wp\/v2\/product_tag?post=4710"}],"curies":[{"name":"wp","href":"https:\/\/api.w.org\/{rel}","templated":true}]}}