{"id":4705,"date":"2022-11-14T14:56:24","date_gmt":"2022-11-14T13:56:24","guid":{"rendered":"https:\/\/antcube.shop\/produkt\/antcube-ameisenarenaeinsatz-l-30x30\/"},"modified":"2026-04-17T18:45:07","modified_gmt":"2026-04-17T16:45:07","slug":"antcube-ant-arena-insert-l-30x30","status":"publish","type":"product","link":"https:\/\/antcube.shop\/fi\/tuote\/antcube-ant-arena-insert-l-30x30\/","title":{"rendered":"ANTCUBE muurahaisareena - L - 30\u00d730"},"content":{"rendered":"<p><strong>Mitat:<\/strong><br \/>\n<strong>ulkona:<\/strong> 290 x 28 x 276mm<br \/>\n<strong>sis\u00e4ll\u00e4:<\/strong> 284 x 20 x 269 mm<\/p>\n<p><strong>Materiaali:<\/strong> float-lasi<\/p>\n<p><strong>V\u00e4ri:<\/strong> l\u00e4pin\u00e4kyv\u00e4<\/p>\n<p><strong>Sis\u00e4lt\u00f6:<\/strong><br \/>\n1x muurahaisareenan insertti<br \/>\n1x kansi<br \/>\n1x kiinnityspisteet 2 kpl.<\/p>\n<p><strong>Kuvaus:<\/strong><br \/>\nT\u00e4m\u00e4 pes\u00e4paikka voidaan sijoittaa ANTCUBE-muurahaisareenan sis\u00e4lle ja t\u00e4ytt\u00e4\u00e4 kaivamiseen sopivalla materiaalilla (esim. hiekka-saviseos tai Digfix). Erityispiirteen\u00e4 on, ett\u00e4 se voidaan k\u00e4tev\u00e4sti poistaa areenasta esim. muurahaisten talvehtimista varten. Sis\u00e4\u00e4n- ja ulosp\u00e4\u00e4sy\u00e4 sek\u00e4 ilmanvaihtoa varten alaosassa on kaksi 10 mm:n reik\u00e4\u00e4. Talvehtimista varten ne voidaan sulkea 10 mm:n tulpilla.<\/p>\n<p><strong>Huom:<\/strong> Lasi leikataan DIN 1249 -standardin mukaisesti +\/- 1 mm:n toleranssilla. Eritt\u00e4in pienten muurahaislajien kohdalla ylim\u00e4\u00e4r\u00e4inen murtumissuojaus on v\u00e4ltt\u00e4m\u00e4t\u00f6n.<\/p>","protected":false},"excerpt":{"rendered":"<p>Koko: <span style=\"color: #0000ff;\"><strong>L<\/strong><\/span><\/p>","protected":false},"featured_media":4973,"comment_status":"open","ping_status":"closed","template":"","meta":{"_acf_changed":false,"content-type":"","_monsterinsights_skip_tracking":false,"_monsterinsights_sitenote_active":false,"_monsterinsights_sitenote_note":"","_monsterinsights_sitenote_category":0},"product_brand":[],"product_cat":[91,94],"product_tag":[],"class_list":{"0":"post-4705","1":"product","2":"type-product","3":"status-publish","4":"has-post-thumbnail","6":"product_cat-formicarium-modules","7":"product_cat-arena-inset","9":"first","10":"instock","11":"taxable","12":"shipping-taxable","13":"purchasable","14":"product-type-simple"},"acf":[],"aioseo_notices":[],"jetpack_sharing_enabled":true,"_links":{"self":[{"href":"https:\/\/antcube.shop\/fi\/wp-json\/wp\/v2\/product\/4705","targetHints":{"allow":["GET"]}}],"collection":[{"href":"https:\/\/antcube.shop\/fi\/wp-json\/wp\/v2\/product"}],"about":[{"href":"https:\/\/antcube.shop\/fi\/wp-json\/wp\/v2\/types\/product"}],"replies":[{"embeddable":true,"href":"https:\/\/antcube.shop\/fi\/wp-json\/wp\/v2\/comments?post=4705"}],"wp:featuredmedia":[{"embeddable":true,"href":"https:\/\/antcube.shop\/fi\/wp-json\/wp\/v2\/media\/4973"}],"wp:attachment":[{"href":"https:\/\/antcube.shop\/fi\/wp-json\/wp\/v2\/media?parent=4705"}],"wp:term":[{"taxonomy":"product_brand","embeddable":true,"href":"https:\/\/antcube.shop\/fi\/wp-json\/wp\/v2\/product_brand?post=4705"},{"taxonomy":"product_cat","embeddable":true,"href":"https:\/\/antcube.shop\/fi\/wp-json\/wp\/v2\/product_cat?post=4705"},{"taxonomy":"product_tag","embeddable":true,"href":"https:\/\/antcube.shop\/fi\/wp-json\/wp\/v2\/product_tag?post=4705"}],"curies":[{"name":"wp","href":"https:\/\/api.w.org\/{rel}","templated":true}]}}