{"id":4701,"date":"2022-11-14T14:55:18","date_gmt":"2022-11-14T13:55:18","guid":{"rendered":"https:\/\/antcube.shop\/produkt\/antcube-korknest-30x30-stehend\/"},"modified":"2026-04-16T22:29:15","modified_gmt":"2026-04-16T20:29:15","slug":"muurahaiskuutio-korkki-nest-30x30-seisova","status":"publish","type":"product","link":"https:\/\/antcube.shop\/fi\/tuote\/muurahaiskuutio-korkki-nest-30x30-seisova\/","title":{"rendered":"ANTCUBE - Korkkipes\u00e4 30\u00d730 - seisova"},"content":{"rendered":"<p><strong>Mitat:<\/strong> 283 x 240 x 20 mm<\/p>\n<p><strong>Materiaali:<\/strong> Korkki (hieno)<\/p>\n<p>Sopii vain meid\u00e4n muurahaisfarmien kokoon L<\/p>\n<p><strong>Kuvaus:<\/strong> T\u00e4m\u00e4 korkkipes\u00e4, jossa on tehdasvalmisteisia k\u00e4yt\u00e4vi\u00e4 ja kammioita, soveltuu eri muurahaislajeille, erityisesti (kuolleessa) puussa pesiville lajeille. Siin\u00e4 on reik\u00e4 pes\u00e4\u00e4n p\u00e4\u00e4sy\u00e4 varten.<br \/>\nKorkki on kemiallisesti neutraalia. Sen rakenne ei ainoastaan ole nesteit\u00e4 l\u00e4p\u00e4isem\u00e4t\u00f6n, vaan se ei my\u00f6sk\u00e4\u00e4n aiheuta kemiallisia reaktioita eik\u00e4 siten vahingoitu. Liika kosteus voi kuitenkin pitk\u00e4ll\u00e4 aikav\u00e4lill\u00e4 aiheuttaa lahoamista ja v\u00e4hent\u00e4\u00e4 pes\u00e4n pitk\u00e4ik\u00e4isyytt\u00e4. Korkki on kuitenkin hyvin vastustuskykyinen lahoa, sieni- ja homevaurioita vastaan. T\u00e4m\u00e4 johtuu sen pinnasta ja rakenteesta, jotka eiv\u00e4t tarjoa sienille hyv\u00e4\u00e4 kasvualustaa. El\u00e4inten ruokaj\u00e4\u00e4m\u00e4t ja ulosteet sek\u00e4 muut orgaaniset aineet voivat kuitenkin edist\u00e4\u00e4 homeen kasvua.<\/p>\n<p>Siksi suosittelemme, ett\u00e4 korkissa s\u00e4ilytet\u00e4\u00e4n p\u00e4\u00e4asiassa kuivilta alueilta per\u00e4isin olevia lajeja. Kosteiden elinymp\u00e4rist\u00f6jen lajeja voidaan kuitenkin s\u00e4ilytt\u00e4\u00e4 t\u00e4ss\u00e4 sarjassa, koska m\u00e4t\u00e4neminen ei ole ongelma useimmille lajeille. My\u00f6s monet Pohjois-Euroopan muurahaiset, kuten Camponotus herculeanus tai Formica fusca, el\u00e4v\u00e4t lahopuussa.<\/p>","protected":false},"excerpt":{"rendered":"<p><strong>Koko:<\/strong> 283 x 240 x 20 mm<\/p>","protected":false},"featured_media":5013,"comment_status":"open","ping_status":"closed","template":"","meta":{"_acf_changed":false,"content-type":"","_monsterinsights_skip_tracking":false,"_monsterinsights_sitenote_active":false,"_monsterinsights_sitenote_note":"","_monsterinsights_sitenote_category":0},"product_brand":[],"product_cat":[87,89],"product_tag":[],"class_list":{"0":"post-4701","1":"product","2":"type-product","3":"status-publish","4":"has-post-thumbnail","6":"product_cat-nest-insets","7":"product_cat-cork","9":"first","10":"instock","11":"taxable","12":"shipping-taxable","13":"purchasable","14":"product-type-simple"},"acf":[],"aioseo_notices":[],"jetpack_sharing_enabled":true,"_links":{"self":[{"href":"https:\/\/antcube.shop\/fi\/wp-json\/wp\/v2\/product\/4701","targetHints":{"allow":["GET"]}}],"collection":[{"href":"https:\/\/antcube.shop\/fi\/wp-json\/wp\/v2\/product"}],"about":[{"href":"https:\/\/antcube.shop\/fi\/wp-json\/wp\/v2\/types\/product"}],"replies":[{"embeddable":true,"href":"https:\/\/antcube.shop\/fi\/wp-json\/wp\/v2\/comments?post=4701"}],"wp:featuredmedia":[{"embeddable":true,"href":"https:\/\/antcube.shop\/fi\/wp-json\/wp\/v2\/media\/5013"}],"wp:attachment":[{"href":"https:\/\/antcube.shop\/fi\/wp-json\/wp\/v2\/media?parent=4701"}],"wp:term":[{"taxonomy":"product_brand","embeddable":true,"href":"https:\/\/antcube.shop\/fi\/wp-json\/wp\/v2\/product_brand?post=4701"},{"taxonomy":"product_cat","embeddable":true,"href":"https:\/\/antcube.shop\/fi\/wp-json\/wp\/v2\/product_cat?post=4701"},{"taxonomy":"product_tag","embeddable":true,"href":"https:\/\/antcube.shop\/fi\/wp-json\/wp\/v2\/product_tag?post=4701"}],"curies":[{"name":"wp","href":"https:\/\/api.w.org\/{rel}","templated":true}]}}