{"id":4696,"date":"2022-11-14T14:54:00","date_gmt":"2022-11-14T13:54:00","guid":{"rendered":"https:\/\/antcube.shop\/produkt\/antcube-digfix-platte-40x20-l\/"},"modified":"2026-04-02T09:54:49","modified_gmt":"2026-04-02T07:54:49","slug":"antcube-digfix-levy-40x20-l","status":"publish","type":"product","link":"https:\/\/antcube.shop\/fi\/tuote\/antcube-digfix-levy-40x20-l\/","title":{"rendered":"ANTCUBE - Digfix-levy 40\u00d720 - L"},"content":{"rendered":"<p><strong>Mitat:<\/strong> 383x160x20 mm<\/p>\n<p><strong>Materiaali:<\/strong> Digfix<\/p>\n<p><strong>Kuvaus:<\/strong> Digfix-levy on valmistettu kaivettavasta materiaalista, ja se sopii t\u00e4ydellisesti ANTCUBE-muurahaisfarmeihimme. Sit\u00e4 voidaan k\u00e4ytt\u00e4\u00e4 sek\u00e4 kuivana ett\u00e4 m\u00e4rk\u00e4n\u00e4. Se sopii my\u00f6s monille muurahaislajeille, erityisesti niille, jotka pesiv\u00e4t hiekassa ja (kuolleessa) puussa. Sit\u00e4 voidaan k\u00e4ytt\u00e4\u00e4 hiekka-saviseosten tai korkista tai kipsist\u00e4 valmistettujen pes\u00e4eristeiden sijasta. Suuri etu korkkipesiin verrattuna on, ett\u00e4 Digfix ei homehdu edes m\u00e4rk\u00e4n\u00e4. T\u00e4m\u00e4 tarkoittaa, ett\u00e4 muurahaislajit, joilla on suuri kosteuden tarve, voivat saada riitt\u00e4v\u00e4sti vett\u00e4 ilman ongelmia. Digfixin etuna on my\u00f6s se, ett\u00e4 kaivavat muurahaislajit eiv\u00e4t likaa pes\u00e4ns\u00e4 lasilevyj\u00e4 mullalla kaivettaessa, mik\u00e4 mahdollistaa t\u00e4ydellisen n\u00e4kym\u00e4n pes\u00e4\u00e4n.<\/p>\n<p><strong>Huom:<\/strong> Luonnollinen v\u00e4ris\u00e4vy voi vaihdella vihert\u00e4v\u00e4n\/harmaanruskean ja maanl\u00e4heisen ruskean v\u00e4lill\u00e4. S\u00e4vy ei vaikuta laatuun.<br \/>\nValmistuksesta johtuen mitat voivat vaihdella +\/- 1mm.<\/p>","protected":false},"excerpt":{"rendered":"<p>Koko: <strong>L<\/strong><\/p>","protected":false},"featured_media":4966,"comment_status":"open","ping_status":"closed","template":"","meta":{"_acf_changed":false,"content-type":"","_monsterinsights_skip_tracking":false,"_monsterinsights_sitenote_active":false,"_monsterinsights_sitenote_note":"","_monsterinsights_sitenote_category":0},"product_brand":[],"product_cat":[87,88],"product_tag":[],"class_list":{"0":"post-4696","1":"product","2":"type-product","3":"status-publish","4":"has-post-thumbnail","6":"product_cat-nest-insets","7":"product_cat-digfix","9":"first","10":"instock","11":"taxable","12":"shipping-taxable","13":"purchasable","14":"product-type-simple"},"acf":[],"aioseo_notices":[],"jetpack_sharing_enabled":true,"_links":{"self":[{"href":"https:\/\/antcube.shop\/fi\/wp-json\/wp\/v2\/product\/4696","targetHints":{"allow":["GET"]}}],"collection":[{"href":"https:\/\/antcube.shop\/fi\/wp-json\/wp\/v2\/product"}],"about":[{"href":"https:\/\/antcube.shop\/fi\/wp-json\/wp\/v2\/types\/product"}],"replies":[{"embeddable":true,"href":"https:\/\/antcube.shop\/fi\/wp-json\/wp\/v2\/comments?post=4696"}],"wp:featuredmedia":[{"embeddable":true,"href":"https:\/\/antcube.shop\/fi\/wp-json\/wp\/v2\/media\/4966"}],"wp:attachment":[{"href":"https:\/\/antcube.shop\/fi\/wp-json\/wp\/v2\/media?parent=4696"}],"wp:term":[{"taxonomy":"product_brand","embeddable":true,"href":"https:\/\/antcube.shop\/fi\/wp-json\/wp\/v2\/product_brand?post=4696"},{"taxonomy":"product_cat","embeddable":true,"href":"https:\/\/antcube.shop\/fi\/wp-json\/wp\/v2\/product_cat?post=4696"},{"taxonomy":"product_tag","embeddable":true,"href":"https:\/\/antcube.shop\/fi\/wp-json\/wp\/v2\/product_tag?post=4696"}],"curies":[{"name":"wp","href":"https:\/\/api.w.org\/{rel}","templated":true}]}}