{"id":4694,"date":"2022-11-14T14:53:29","date_gmt":"2022-11-14T13:53:29","guid":{"rendered":"https:\/\/antcube.shop\/produkt\/antcube-einbauarena-30x30x20\/"},"modified":"2026-04-16T13:04:27","modified_gmt":"2026-04-16T11:04:27","slug":"antcube-fitted-arena-30x30x20","status":"publish","type":"product","link":"https:\/\/antcube.shop\/fi\/tuote\/antcube-fitted-arena-30x30x20\/","title":{"rendered":"ANTCUBE asennettu areena 30x30x20"},"content":{"rendered":"<p>ANTCUBE asennettu areena 30x30x20 cm 2x 27mm rei\u00e4ll\u00e4.<\/p>\n<p><strong>Mitat:<\/strong> 300 x 300 x 200 mm; lasin paksuus 4 mm.<br \/>\n<strong>Materiaali:<\/strong> float-lasi<\/p>\n<p><strong>Yhteys:<\/strong> 2x poraus 27 mm<\/p>\n<p><strong>Kuvaus:<\/strong> ANTCUBE-asennettu areena kehitettiin, jotta se voidaan sijoittaa mukavasti my\u00f6s pienempiin hyllytiloihin. Se sopii esimerkiksi t\u00e4ydellisesti Kallax-hyllyyn. Rei\u00e4t (keskipiste) sijaitsevat etupuolella (vasemmalla ja oikealla) 3 cm korkeudella ja 3 cm et\u00e4isyydell\u00e4 ulkoreunasta. Koska 27mm reikien sijainnit ovat etupuolella (eik\u00e4 tavalliseen tapaan sivuikkunoissa), voit helposti lis\u00e4t\u00e4 lis\u00e4\u00e4 areenoita ja muurahaisfarmeja menett\u00e4m\u00e4tt\u00e4 tilaa sivuilla tai est\u00e4m\u00e4tt\u00e4 p\u00e4\u00e4sy\u00e4 portteihin. Areenan kansi, katkaisusuojakehys, liit\u00e4nt\u00e4elementit, kuten putki- tai letkuliittimet, ovat saatavana erikseen.<\/p>\n<p><strong>Huom:<\/strong> Lasi leikataan DIN 1249 -standardin mukaisesti +\/- 1 mm:n toleranssilla. Eritt\u00e4in pienten muurahaislajien kohdalla ylim\u00e4\u00e4r\u00e4inen murtumissuojaus on v\u00e4ltt\u00e4m\u00e4t\u00f6n.<\/p>","protected":false},"excerpt":{"rendered":"<p>Liit\u00e4nt\u00e4: 2x reik\u00e4 27 mm<\/p>","protected":false},"featured_media":5042,"comment_status":"open","ping_status":"closed","template":"","meta":{"_acf_changed":false,"content-type":"","_monsterinsights_skip_tracking":false,"_monsterinsights_sitenote_active":false,"_monsterinsights_sitenote_note":"","_monsterinsights_sitenote_category":0},"product_brand":[],"product_cat":[85,86],"product_tag":[],"class_list":{"0":"post-4694","1":"product","2":"type-product","3":"status-publish","4":"has-post-thumbnail","6":"product_cat-ant-arenas","7":"product_cat-formicariums","9":"first","10":"instock","11":"taxable","12":"shipping-taxable","13":"purchasable","14":"product-type-simple"},"acf":[],"aioseo_notices":[],"jetpack_sharing_enabled":true,"_links":{"self":[{"href":"https:\/\/antcube.shop\/fi\/wp-json\/wp\/v2\/product\/4694","targetHints":{"allow":["GET"]}}],"collection":[{"href":"https:\/\/antcube.shop\/fi\/wp-json\/wp\/v2\/product"}],"about":[{"href":"https:\/\/antcube.shop\/fi\/wp-json\/wp\/v2\/types\/product"}],"replies":[{"embeddable":true,"href":"https:\/\/antcube.shop\/fi\/wp-json\/wp\/v2\/comments?post=4694"}],"wp:featuredmedia":[{"embeddable":true,"href":"https:\/\/antcube.shop\/fi\/wp-json\/wp\/v2\/media\/5042"}],"wp:attachment":[{"href":"https:\/\/antcube.shop\/fi\/wp-json\/wp\/v2\/media?parent=4694"}],"wp:term":[{"taxonomy":"product_brand","embeddable":true,"href":"https:\/\/antcube.shop\/fi\/wp-json\/wp\/v2\/product_brand?post=4694"},{"taxonomy":"product_cat","embeddable":true,"href":"https:\/\/antcube.shop\/fi\/wp-json\/wp\/v2\/product_cat?post=4694"},{"taxonomy":"product_tag","embeddable":true,"href":"https:\/\/antcube.shop\/fi\/wp-json\/wp\/v2\/product_tag?post=4694"}],"curies":[{"name":"wp","href":"https:\/\/api.w.org\/{rel}","templated":true}]}}