{"id":4693,"date":"2022-11-14T14:53:12","date_gmt":"2022-11-14T13:53:12","guid":{"rendered":"https:\/\/antcube.shop\/produkt\/antcube-arena-30x30x10-flach\/"},"modified":"2026-04-09T14:37:47","modified_gmt":"2026-04-09T12:37:47","slug":"antcube-arena-30x30x10-flat","status":"publish","type":"product","link":"https:\/\/antcube.shop\/fi\/tuote\/antcube-arena-30x30x10-flat\/","title":{"rendered":"ANTCUBE - Arena 30x30x10 - tasainen"},"content":{"rendered":"<p><strong>Mitat:<\/strong> 300 x 300 x 100 mm; lasin paksuus 4 mm<\/p>\n<p><strong>Materiaali:<\/strong> float-lasi<\/p>\n<p><strong>Yhteys:<\/strong> 2x reik\u00e4 50 mm<\/p>\n<p><strong>Kuvaus:<\/strong><br \/>\nLasiallas 30x30x10 cm, jossa 2x 50mm poraus.<br \/>\nPorareik\u00e4 (keskipiste) sijaitsee 4 cm:n korkeudella.<\/p>\n<p><strong>Huom:<\/strong> Lasi leikataan DIN 1249 -standardin mukaisesti +\/- 1 mm:n toleranssilla. Eritt\u00e4in pienten muurahaislajien kohdalla ylim\u00e4\u00e4r\u00e4inen murtumissuojaus on v\u00e4ltt\u00e4m\u00e4t\u00f6n.<\/p>\n<p>&nbsp;<\/p>","protected":false},"excerpt":{"rendered":"<p>Liit\u00e4nt\u00e4: 2x reik\u00e4 50 mm<br \/>\nKoko: <strong>S, M, L, XL<\/strong><\/p>","protected":false},"featured_media":5059,"comment_status":"open","ping_status":"closed","template":"","meta":{"_acf_changed":false,"content-type":"","_monsterinsights_skip_tracking":false,"_monsterinsights_sitenote_active":false,"_monsterinsights_sitenote_note":"","_monsterinsights_sitenote_category":0},"product_brand":[],"product_cat":[85,86],"product_tag":[236],"class_list":{"0":"post-4693","1":"product","2":"type-product","3":"status-publish","4":"has-post-thumbnail","6":"product_cat-ant-arenas","7":"product_cat-formicariums","8":"product_tag-formicarium","10":"first","11":"instock","12":"taxable","13":"shipping-taxable","14":"purchasable","15":"product-type-simple"},"acf":[],"aioseo_notices":[],"jetpack_sharing_enabled":true,"_links":{"self":[{"href":"https:\/\/antcube.shop\/fi\/wp-json\/wp\/v2\/product\/4693","targetHints":{"allow":["GET"]}}],"collection":[{"href":"https:\/\/antcube.shop\/fi\/wp-json\/wp\/v2\/product"}],"about":[{"href":"https:\/\/antcube.shop\/fi\/wp-json\/wp\/v2\/types\/product"}],"replies":[{"embeddable":true,"href":"https:\/\/antcube.shop\/fi\/wp-json\/wp\/v2\/comments?post=4693"}],"wp:featuredmedia":[{"embeddable":true,"href":"https:\/\/antcube.shop\/fi\/wp-json\/wp\/v2\/media\/5059"}],"wp:attachment":[{"href":"https:\/\/antcube.shop\/fi\/wp-json\/wp\/v2\/media?parent=4693"}],"wp:term":[{"taxonomy":"product_brand","embeddable":true,"href":"https:\/\/antcube.shop\/fi\/wp-json\/wp\/v2\/product_brand?post=4693"},{"taxonomy":"product_cat","embeddable":true,"href":"https:\/\/antcube.shop\/fi\/wp-json\/wp\/v2\/product_cat?post=4693"},{"taxonomy":"product_tag","embeddable":true,"href":"https:\/\/antcube.shop\/fi\/wp-json\/wp\/v2\/product_tag?post=4693"}],"curies":[{"name":"wp","href":"https:\/\/api.w.org\/{rel}","templated":true}]}}