{"id":4690,"date":"2022-11-14T14:52:26","date_gmt":"2022-11-14T13:52:26","guid":{"rendered":"https:\/\/antcube.shop\/produkt\/antcube-arena-20x20x40-hoch\/"},"modified":"2026-03-19T13:38:55","modified_gmt":"2026-03-19T12:38:55","slug":"antcube-arena-20x20x40-high","status":"publish","type":"product","link":"https:\/\/antcube.shop\/fi\/tuote\/antcube-arena-20x20x40-high\/","title":{"rendered":"ANTCUBE - Arena 20x20x40 - korkea"},"content":{"rendered":"<p><strong>Mitat:<\/strong> 200 x 200 x 400 mm; lasin paksuus 4 mm<\/p>\n<p><strong>Materiaali:<\/strong> float-lasi<\/p>\n<p><strong>Yhteys:<\/strong> 2x reik\u00e4 27 mm<\/p>\n<p><strong>Kuvaus:<\/strong><br \/>\nLasinen korkea allas 20x20x40 cm + 2x porausreik\u00e4 27 mm.<br \/>\nPorareik\u00e4 (keskipiste) sijaitsee 4 cm:n korkeudella.<\/p>\n<p><strong>Huom:<\/strong> Lasi leikataan DIN 1249 -standardin mukaisesti +\/- 1 mm:n toleranssilla. Eritt\u00e4in pienten muurahaislajien kohdalla ylim\u00e4\u00e4r\u00e4inen murtumissuojaus on v\u00e4ltt\u00e4m\u00e4t\u00f6n.<\/p>","protected":false},"excerpt":{"rendered":"<p><strong>Yhteys:<\/strong> 2x reik\u00e4 27 mm<br \/>\n<strong>Koko:<\/strong> S, M, L, XL<\/p>","protected":false},"featured_media":4992,"comment_status":"open","ping_status":"closed","template":"","meta":{"_acf_changed":false,"content-type":"","_monsterinsights_skip_tracking":false,"_monsterinsights_sitenote_active":false,"_monsterinsights_sitenote_note":"","_monsterinsights_sitenote_category":0},"product_brand":[],"product_cat":[85,86],"product_tag":[],"class_list":{"0":"post-4690","1":"product","2":"type-product","3":"status-publish","4":"has-post-thumbnail","6":"product_cat-ant-arenas","7":"product_cat-formicariums","9":"first","10":"instock","11":"taxable","12":"shipping-taxable","13":"purchasable","14":"product-type-simple"},"acf":[],"aioseo_notices":[],"jetpack_sharing_enabled":true,"_links":{"self":[{"href":"https:\/\/antcube.shop\/fi\/wp-json\/wp\/v2\/product\/4690","targetHints":{"allow":["GET"]}}],"collection":[{"href":"https:\/\/antcube.shop\/fi\/wp-json\/wp\/v2\/product"}],"about":[{"href":"https:\/\/antcube.shop\/fi\/wp-json\/wp\/v2\/types\/product"}],"replies":[{"embeddable":true,"href":"https:\/\/antcube.shop\/fi\/wp-json\/wp\/v2\/comments?post=4690"}],"wp:featuredmedia":[{"embeddable":true,"href":"https:\/\/antcube.shop\/fi\/wp-json\/wp\/v2\/media\/4992"}],"wp:attachment":[{"href":"https:\/\/antcube.shop\/fi\/wp-json\/wp\/v2\/media?parent=4690"}],"wp:term":[{"taxonomy":"product_brand","embeddable":true,"href":"https:\/\/antcube.shop\/fi\/wp-json\/wp\/v2\/product_brand?post=4690"},{"taxonomy":"product_cat","embeddable":true,"href":"https:\/\/antcube.shop\/fi\/wp-json\/wp\/v2\/product_cat?post=4690"},{"taxonomy":"product_tag","embeddable":true,"href":"https:\/\/antcube.shop\/fi\/wp-json\/wp\/v2\/product_tag?post=4690"}],"curies":[{"name":"wp","href":"https:\/\/api.w.org\/{rel}","templated":true}]}}