{"id":4686,"date":"2022-11-14T14:51:24","date_gmt":"2022-11-14T13:51:24","guid":{"rendered":"https:\/\/antcube.shop\/produkt\/durchgangsregler-32mm\/"},"modified":"2026-03-03T09:59:11","modified_gmt":"2026-03-03T08:59:11","slug":"lapivienti-saadin-32mm","status":"publish","type":"product","link":"https:\/\/antcube.shop\/fi\/tuote\/lapivienti-saadin-32mm\/","title":{"rendered":"L\u00e4pivientis\u00e4\u00e4din - 32mm"},"content":{"rendered":"<p><strong>Mitat (LxSxK):<\/strong> 73 x 58 x 19 mm<\/p>\n<p><strong>Materiaali:<\/strong> Akryyli<\/p>\n<p><strong>V\u00e4ri:<\/strong> V\u00e4rit\u00f6n \/ l\u00e4pin\u00e4kyv\u00e4 \/ kirkas<\/p>\n<p><strong>Sis\u00e4lt\u00f6:<\/strong> 1 kpl (koostuu 10 yksitt\u00e4isest\u00e4 osasta)<\/p>\n<p><strong>Kuvaus:<\/strong><br \/>\nL\u00e4pivientis\u00e4\u00e4din on kytketty putkeen.<br \/>\nL\u00e4pivienti voidaan avata tai sulkea k\u00e4sin.<\/p>\n<p><strong>Sovellus:<\/strong><br \/>\nAkryyliputkien liitt\u00e4miseen halkaisijaltaan 32mm<\/p>\n<p><strong>Vihje:<\/strong><br \/>\nL\u00e4pivientis\u00e4\u00e4din on kytkett\u00e4v\u00e4 tiukasti vastaavaan putkeen. Jos se on liian l\u00f6ys\u00e4, putkea voidaan suurentaa l\u00e4pin\u00e4kyv\u00e4ll\u00e4 teipill\u00e4 tiukan istuvuuden varmistamiseksi.<\/p>","protected":false},"excerpt":{"rendered":"<p>Mitat (LxSxK): 95x76x20 mm Materiaali: Materiaali: Akryyli V\u00e4ri: V\u00e4rit\u00f6n \/ l\u00e4pin\u00e4kyv\u00e4 \/ kirkas Sis\u00e4lt\u00f6: 1,5 mm: Kuvaus: 1 kpl (koostuu 10 yksitt\u00e4isest\u00e4 osasta): L\u00e4pivientis\u00e4\u00e4din tulpataan putkeen. L\u00e4pivienti voidaan avata tai sulkea k\u00e4sin. Sovellus: K\u00e4ytt\u00f6kohteet: S\u00e4\u00e4din, joka on suunniteltu ja asennettu siten, ett\u00e4 se on helppo asentaa: Akryyliputkien liitt\u00e4miseen halkaisijaltaan 50mm Vihje: L\u00e4pivientis\u00e4\u00e4timen tulee olla tukevasti kiinni.","protected":false},"featured_media":5074,"comment_status":"open","ping_status":"closed","template":"","meta":{"_acf_changed":false,"content-type":"","_monsterinsights_skip_tracking":false,"_monsterinsights_sitenote_active":false,"_monsterinsights_sitenote_note":"","_monsterinsights_sitenote_category":0},"product_brand":[],"product_cat":[345],"product_tag":[],"class_list":{"0":"post-4686","1":"product","2":"type-product","3":"status-publish","4":"has-post-thumbnail","6":"product_cat-pipe-connectors","8":"first","9":"instock","10":"taxable","11":"shipping-taxable","12":"purchasable","13":"product-type-simple"},"acf":[],"aioseo_notices":[],"jetpack_sharing_enabled":true,"_links":{"self":[{"href":"https:\/\/antcube.shop\/fi\/wp-json\/wp\/v2\/product\/4686","targetHints":{"allow":["GET"]}}],"collection":[{"href":"https:\/\/antcube.shop\/fi\/wp-json\/wp\/v2\/product"}],"about":[{"href":"https:\/\/antcube.shop\/fi\/wp-json\/wp\/v2\/types\/product"}],"replies":[{"embeddable":true,"href":"https:\/\/antcube.shop\/fi\/wp-json\/wp\/v2\/comments?post=4686"}],"wp:featuredmedia":[{"embeddable":true,"href":"https:\/\/antcube.shop\/fi\/wp-json\/wp\/v2\/media\/5074"}],"wp:attachment":[{"href":"https:\/\/antcube.shop\/fi\/wp-json\/wp\/v2\/media?parent=4686"}],"wp:term":[{"taxonomy":"product_brand","embeddable":true,"href":"https:\/\/antcube.shop\/fi\/wp-json\/wp\/v2\/product_brand?post=4686"},{"taxonomy":"product_cat","embeddable":true,"href":"https:\/\/antcube.shop\/fi\/wp-json\/wp\/v2\/product_cat?post=4686"},{"taxonomy":"product_tag","embeddable":true,"href":"https:\/\/antcube.shop\/fi\/wp-json\/wp\/v2\/product_tag?post=4686"}],"curies":[{"name":"wp","href":"https:\/\/api.w.org\/{rel}","templated":true}]}}